{"id":1477,"date":"2013-03-15T18:52:07","date_gmt":"2013-03-15T18:52:07","guid":{"rendered":"http:\/\/www.funerariaferreira.pt\/en\/historia\/"},"modified":"2026-03-12T11:34:44","modified_gmt":"2026-03-12T11:34:44","slug":"history-funeral-agency","status":"publish","type":"page","link":"https:\/\/funerariaferreira.pt\/en\/history-funeral-agency\/","title":{"rendered":"History and Legacy"},"content":{"rendered":"<p style=\"text-align: justify;\">The roots of our company date back to 1959, when <em>Jos\u00e9 Jacinto Ferreira<\/em>, born on April 15, 1910, in the parish of Ginetes, began his career as a &#8220;funeral agent,&#8221; starting to work in Ponta Delgada at Rua de Lisboa n\u00ba 23-C. In the same year, he acquired his first hearse, a <em>Morris Oxford<\/em>. In 1962, the company moved to Rua Doutor Jo\u00e3o Francisco de Sousa, n\u00ba 63 (formerly 2\u00aa Rua do Conde), where it remained until 2016.<\/p>\n<p style=\"text-align: justify;\"><img loading=\"lazy\" decoding=\"async\" class=\"alignright  wp-image-38\" src=\"https:\/\/funerariaferreira.pt\/wp-content\/uploads\/2013\/03\/Documento-4-1024x646.jpg\" alt=\"Documento (4)\" width=\"490\" height=\"310\" srcset=\"https:\/\/funerariaferreira.pt\/wp-content\/uploads\/2013\/03\/Documento-4-1024x646.jpg 1024w, https:\/\/funerariaferreira.pt\/wp-content\/uploads\/2013\/03\/Documento-4-300x189.jpg 300w, https:\/\/funerariaferreira.pt\/wp-content\/uploads\/2013\/03\/Documento-4.jpg 1469w\" sizes=\"auto, (max-width: 490px) 100vw, 490px\" \/><\/p>\n<p style=\"text-align: justify;\">Through dedication to quality and integrity, Jos\u00e9 Jacinto Ferreira established the company as a local market leader within just ten years. This legacy of continuity and service to the community ensures that, today, Funer\u00e1ria Ferreira remains the oldest funeral home in operation in the Azores a testament to the trust that successive generations have placed in our company. On December 30, 1968, <em>Ferreira e Filhos, Lda.<\/em> was founded, with his children joining the company: Manuel Jacinto Ferreira, Maria Clotilde Ferreira Cabral, Jo\u00e3o Jacinto Ferreira, and Carlos Jacinto Ferreira. This structure remained until 1981, when Carlos Ferreira and his wife, Maria Papoula Raimundo Ferreira, became the majority shareholders.<\/p>\n<p style=\"text-align: justify;\">In the early 1990s, reaffirming its commitment to excellence, the company invested in renewing its image, acquiring new funeral vehicles, acquiring a warehouse, and renovating the headquarters office. Throughout its history, Funer\u00e1ria Ferreira has continuously adapted to the evolution of the funeral industry, maintaining high standards of professionalism, seriousness, and trust in all services provided.<\/p>\n<p style=\"text-align: justify;\">The trust built over the years allowed the company to conduct funeral ceremonies for several notable figures of Azorean society, including <a href=\"\/funerariaferreira?page_id=694\"><span style=\"text-decoration: underline; color: #3366ff;\">Augusto Rebelo Arruda<\/span><\/a> (1964), <a title=\"Vasco Elias Bensa\u00fade\" href=\"\/funerariaferreira?page_id=1128\"><span style=\"text-decoration: underline;\"><span style=\"color: #3366ff; text-decoration: underline;\">Vasco Bensa\u00fade<\/span><\/span><\/a> (1967), <a title=\"Francisco Lu\u00eds Tavares\" href=\"\/funerariaferreira?page_id=1002\"><span style=\"text-decoration: underline; color: #3366ff;\">Francisco Lu\u00eds Tavares<\/span><\/a> (1968), <a title=\"Jeremias da Costa\" href=\"\/funerariaferreira?page_id=1112\"><span style=\"text-decoration: underline; color: #3366ff;\">Jeremias da Costa<\/span><\/a> (1970), \u00a0<span style=\"text-decoration: underline; color: #3366ff;\"><a style=\"color: #3366ff; text-decoration: underline;\" title=\"Armando C\u00f4rtes-Rodrigues\" href=\"\/funerariaferreira?page_id=310\">Armando C\u00f4rtes-Rodrigues<\/a><\/span>\u00a0(1971), <span style=\"color: #3366ff;\"><a style=\"color: #3366ff;\" title=\"Dom Manuel de Medeiros Guerreiro\" href=\"\/funerariaferreira?page_id=942\"><span style=\"text-decoration: underline;\">Dom Manuel de Medeiros Guerreiro<\/span><\/a>\u00a0<\/span>(1978),\u00a0<a title=\"Ernesto do Canto Faria e Maia\" href=\"\/funerariaferreira?page_id=857\"><span style=\"text-decoration: underline;\"><span style=\"color: #3366ff; text-decoration: underline;\">Ernesto Canto da Maia<\/span><\/span><\/a>\u00a0(1981), <a title=\"Francisco Carreiro da Costa\" href=\"\/funerariaferreira?page_id=924\"><span style=\"text-decoration: underline;\"><span style=\"color: #3366ff; text-decoration: underline;\">Francisco Carreiro da Costa<\/span><\/span><\/a> (1981) e <a title=\"Dom Jaime Garcia Goulart, Bispo de D\u00edli\" href=\"\/funerariaferreira?page_id=573\"><span style=\"text-decoration: underline;\"><span style=\"color: #3366ff; text-decoration: underline;\">Dom Jaime Garcia Goulart<\/span><\/span><\/a> (1997), among many others.<\/p>\n<p style=\"text-align: justify;\">In 2002, the company welcomed the next generation, Roberto Raimundo Ferreira and Jos\u00e9 Ant\u00f3nio<\/p>\n<div id=\"attachment_5979\" style=\"width: 310px\" class=\"wp-caption alignright\"><img loading=\"lazy\" decoding=\"async\" aria-describedby=\"caption-attachment-5979\" class=\"size-medium wp-image-5979\" src=\"https:\/\/funerariaferreira.pt\/wp-content\/uploads\/2026\/01\/2024-04-06-hugo-moreira-0154-cs1a7910-300x200.jpg\" alt=\"History and Legacy\" width=\"300\" height=\"200\" srcset=\"https:\/\/funerariaferreira.pt\/wp-content\/uploads\/2026\/01\/2024-04-06-hugo-moreira-0154-cs1a7910-300x200.jpg 300w, https:\/\/funerariaferreira.pt\/wp-content\/uploads\/2026\/01\/2024-04-06-hugo-moreira-0154-cs1a7910-1024x683.jpg 1024w, https:\/\/funerariaferreira.pt\/wp-content\/uploads\/2026\/01\/2024-04-06-hugo-moreira-0154-cs1a7910-768x512.jpg 768w, https:\/\/funerariaferreira.pt\/wp-content\/uploads\/2026\/01\/2024-04-06-hugo-moreira-0154-cs1a7910-1536x1024.jpg 1536w, https:\/\/funerariaferreira.pt\/wp-content\/uploads\/2026\/01\/2024-04-06-hugo-moreira-0154-cs1a7910-2048x1365.jpg 2048w\" sizes=\"auto, (max-width: 300px) 100vw, 300px\" \/><p id=\"caption-attachment-5979\" class=\"wp-caption-text\"><strong>Inauguration of the Funeral Centre and celebration of the 65th Anniversary of Ag\u00eancia Funer\u00e1ria Ferreira. Ponta Delgada, 06 April 2024 \u00a9Hugo Moreira<\/strong><\/p><\/div>\n<p style=\"text-align: justify;\">Raimundo Ferreira, ensuring the continuity of its legacy. Since that time, the new partners have invested in professional training, both nationally and internationally, and incorporated new technologies, maintaining the prestige and transparency inherited from previous generations. Following the passing of Carlos Ferreira and Maria Papoula in 2022, the company became fully owned by Roberto and Jos\u00e9 Ant\u00f3nio, consolidating the leadership of the new generation.<\/p>\n<p style=\"text-align: justify;\"><span style=\"font-size: revert; color: initial;\">In 2009, marking fifty years of activity, Funer\u00e1ria Ferreira renewed its institutional image by registering the brand and creating a dedicated website.<\/span><\/p>\n<p style=\"text-align: justify;\">In 2015, a new space was acquired on Rua Direita de Santa Catarina, in Ponta Delgada, to create a funeral center. The first phase, completed on March 4, 2017, included offices and warehouses, which became the company\u2019s new headquarters. In 2024, the second phase was inaugurated: the <em>S\u00e3o L\u00e1zaro Funeral Center<\/em>, featuring a viewing room and a thanatopraxy room. This unique regional project integrates all services in a single location, providing a professional and respectful environment suitable for every stage of the funeral process.<\/p>\n<div id=\"content-align-single\">\n<div id=\"content-single\">\n<p data-path-to-node=\"0\">In 2026, Funer\u00e1ria Ferreira innovated once again by introducing the first electric funeral vehicle to the Azores, reinforcing our commitment to modernising the sector and adopting increasingly sustainable practices.<\/p>\n<p data-path-to-node=\"1\">We were in the past, we are today, and we strive to remain in the future a company in constant growth. We are dedicated to continuously updating all relevant practices to further dignify the funeral sector, ensuring the continuity of the prestige earned over more than half a century of Funer\u00e1ria Ferreira\u00ae.<\/p>\n<\/div>\n<p align=\"center\">\n<\/div>\n","protected":false},"excerpt":{"rendered":"<p>The roots of our company date back to 1959, when Jos\u00e9 Jacinto Ferreira, born on April 15, 1910, in the parish of Ginetes, began his career as a &#8220;funeral agent,&#8221; starting to work in Ponta Delgada at Rua de Lisboa n\u00ba 23-C. In the same year, he acquired his first hearse, a Morris Oxford. In [&hellip;]<\/p>\n","protected":false},"author":1,"featured_media":0,"parent":0,"menu_order":0,"comment_status":"open","ping_status":"open","template":"","meta":{"_acf_changed":false,"footnotes":""},"class_list":["post-1477","page","type-page","status-publish","hentry"],"acf":[],"yoast_head":"<!-- This site is optimized with the Yoast SEO plugin v27.1.1 - https:\/\/yoast.com\/product\/yoast-seo-wordpress\/ -->\n<title>Funeral Agency | About Ag\u00eancia Funer\u00e1ria Ferreira<\/title>\n<meta name=\"description\" content=\"The roots of our Company go back to 1959 when we began his career as an &quot;agent of funerals&quot; starting to work in Ponta Delgada.\" \/>\n<meta name=\"robots\" content=\"index, follow, max-snippet:-1, max-image-preview:large, max-video-preview:-1\" \/>\n<link rel=\"canonical\" href=\"https:\/\/funerariaferreira.pt\/en\/history-funeral-agency\/\" \/>\n<meta property=\"og:locale\" content=\"en_US\" \/>\n<meta property=\"og:type\" content=\"article\" \/>\n<meta property=\"og:title\" content=\"Funeral Agency | About Ag\u00eancia Funer\u00e1ria Ferreira\" \/>\n<meta property=\"og:description\" content=\"The roots of our Company go back to 1959 when we began his career as an &quot;agent of funerals&quot; starting to work in Ponta Delgada.\" \/>\n<meta property=\"og:url\" content=\"https:\/\/funerariaferreira.pt\/en\/history-funeral-agency\/\" \/>\n<meta property=\"og:site_name\" content=\"Agencia Funer\u00e1ria Ferreira - Ponta Delgada - S\u00e3o Miguel - A\u00e7ores\" \/>\n<meta property=\"article:modified_time\" content=\"2026-03-12T11:34:44+00:00\" \/>\n<meta property=\"og:image\" content=\"https:\/\/funerariaferreira.pt\/wp-content\/uploads\/2013\/03\/Documento-4-1024x646.jpg\" \/>\n<meta name=\"twitter:card\" content=\"summary_large_image\" \/>\n<meta name=\"twitter:label1\" content=\"Est. reading time\" \/>\n\t<meta name=\"twitter:data1\" content=\"4 minutes\" \/>\n<script type=\"application\/ld+json\" class=\"yoast-schema-graph\">{\"@context\":\"https:\/\/schema.org\",\"@graph\":[{\"@type\":\"WebPage\",\"@id\":\"https:\/\/funerariaferreira.pt\/en\/history-funeral-agency\/\",\"url\":\"https:\/\/funerariaferreira.pt\/en\/history-funeral-agency\/\",\"name\":\"Funeral Agency | About Ag\u00eancia Funer\u00e1ria Ferreira\",\"isPartOf\":{\"@id\":\"https:\/\/funerariaferreira.pt\/#website\"},\"primaryImageOfPage\":{\"@id\":\"https:\/\/funerariaferreira.pt\/en\/history-funeral-agency\/#primaryimage\"},\"image\":{\"@id\":\"https:\/\/funerariaferreira.pt\/en\/history-funeral-agency\/#primaryimage\"},\"thumbnailUrl\":\"https:\/\/funerariaferreira.pt\/wp-content\/uploads\/2013\/03\/Documento-4-1024x646.jpg\",\"datePublished\":\"2013-03-15T18:52:07+00:00\",\"dateModified\":\"2026-03-12T11:34:44+00:00\",\"description\":\"The roots of our Company go back to 1959 when we began his career as an \\\"agent of funerals\\\" starting to work in Ponta Delgada.\",\"breadcrumb\":{\"@id\":\"https:\/\/funerariaferreira.pt\/en\/history-funeral-agency\/#breadcrumb\"},\"inLanguage\":\"en-US\",\"potentialAction\":[{\"@type\":\"ReadAction\",\"target\":[\"https:\/\/funerariaferreira.pt\/en\/history-funeral-agency\/\"]}]},{\"@type\":\"ImageObject\",\"inLanguage\":\"en-US\",\"@id\":\"https:\/\/funerariaferreira.pt\/en\/history-funeral-agency\/#primaryimage\",\"url\":\"https:\/\/funerariaferreira.pt\/wp-content\/uploads\/2013\/03\/Documento-4-1024x646.jpg\",\"contentUrl\":\"https:\/\/funerariaferreira.pt\/wp-content\/uploads\/2013\/03\/Documento-4-1024x646.jpg\"},{\"@type\":\"BreadcrumbList\",\"@id\":\"https:\/\/funerariaferreira.pt\/en\/history-funeral-agency\/#breadcrumb\",\"itemListElement\":[{\"@type\":\"ListItem\",\"position\":1,\"name\":\"Home\",\"item\":\"https:\/\/funerariaferreira.pt\/\"},{\"@type\":\"ListItem\",\"position\":2,\"name\":\"History and Legacy\"}]},{\"@type\":\"WebSite\",\"@id\":\"https:\/\/funerariaferreira.pt\/#website\",\"url\":\"https:\/\/funerariaferreira.pt\/\",\"name\":\"Agencia Funer\u00e1ria Ferreira - Ponta Delgada - S\u00e3o Miguel - A\u00e7ores\",\"description\":\"\",\"potentialAction\":[{\"@type\":\"SearchAction\",\"target\":{\"@type\":\"EntryPoint\",\"urlTemplate\":\"https:\/\/funerariaferreira.pt\/?s={search_term_string}\"},\"query-input\":{\"@type\":\"PropertyValueSpecification\",\"valueRequired\":true,\"valueName\":\"search_term_string\"}}],\"inLanguage\":\"en-US\"}]}<\/script>\n<!-- \/ Yoast SEO plugin. -->","yoast_head_json":{"title":"Funeral Agency | About Ag\u00eancia Funer\u00e1ria Ferreira","description":"The roots of our Company go back to 1959 when we began his career as an \"agent of funerals\" starting to work in Ponta Delgada.","robots":{"index":"index","follow":"follow","max-snippet":"max-snippet:-1","max-image-preview":"max-image-preview:large","max-video-preview":"max-video-preview:-1"},"canonical":"https:\/\/funerariaferreira.pt\/en\/history-funeral-agency\/","og_locale":"en_US","og_type":"article","og_title":"Funeral Agency | About Ag\u00eancia Funer\u00e1ria Ferreira","og_description":"The roots of our Company go back to 1959 when we began his career as an \"agent of funerals\" starting to work in Ponta Delgada.","og_url":"https:\/\/funerariaferreira.pt\/en\/history-funeral-agency\/","og_site_name":"Agencia Funer\u00e1ria Ferreira - Ponta Delgada - S\u00e3o Miguel - A\u00e7ores","article_modified_time":"2026-03-12T11:34:44+00:00","og_image":[{"url":"https:\/\/funerariaferreira.pt\/wp-content\/uploads\/2013\/03\/Documento-4-1024x646.jpg","type":"","width":"","height":""}],"twitter_card":"summary_large_image","twitter_misc":{"Est. reading time":"4 minutes"},"schema":{"@context":"https:\/\/schema.org","@graph":[{"@type":"WebPage","@id":"https:\/\/funerariaferreira.pt\/en\/history-funeral-agency\/","url":"https:\/\/funerariaferreira.pt\/en\/history-funeral-agency\/","name":"Funeral Agency | About Ag\u00eancia Funer\u00e1ria Ferreira","isPartOf":{"@id":"https:\/\/funerariaferreira.pt\/#website"},"primaryImageOfPage":{"@id":"https:\/\/funerariaferreira.pt\/en\/history-funeral-agency\/#primaryimage"},"image":{"@id":"https:\/\/funerariaferreira.pt\/en\/history-funeral-agency\/#primaryimage"},"thumbnailUrl":"https:\/\/funerariaferreira.pt\/wp-content\/uploads\/2013\/03\/Documento-4-1024x646.jpg","datePublished":"2013-03-15T18:52:07+00:00","dateModified":"2026-03-12T11:34:44+00:00","description":"The roots of our Company go back to 1959 when we began his career as an \"agent of funerals\" starting to work in Ponta Delgada.","breadcrumb":{"@id":"https:\/\/funerariaferreira.pt\/en\/history-funeral-agency\/#breadcrumb"},"inLanguage":"en-US","potentialAction":[{"@type":"ReadAction","target":["https:\/\/funerariaferreira.pt\/en\/history-funeral-agency\/"]}]},{"@type":"ImageObject","inLanguage":"en-US","@id":"https:\/\/funerariaferreira.pt\/en\/history-funeral-agency\/#primaryimage","url":"https:\/\/funerariaferreira.pt\/wp-content\/uploads\/2013\/03\/Documento-4-1024x646.jpg","contentUrl":"https:\/\/funerariaferreira.pt\/wp-content\/uploads\/2013\/03\/Documento-4-1024x646.jpg"},{"@type":"BreadcrumbList","@id":"https:\/\/funerariaferreira.pt\/en\/history-funeral-agency\/#breadcrumb","itemListElement":[{"@type":"ListItem","position":1,"name":"Home","item":"https:\/\/funerariaferreira.pt\/"},{"@type":"ListItem","position":2,"name":"History and Legacy"}]},{"@type":"WebSite","@id":"https:\/\/funerariaferreira.pt\/#website","url":"https:\/\/funerariaferreira.pt\/","name":"Agencia Funer\u00e1ria Ferreira - Ponta Delgada - S\u00e3o Miguel - A\u00e7ores","description":"","potentialAction":[{"@type":"SearchAction","target":{"@type":"EntryPoint","urlTemplate":"https:\/\/funerariaferreira.pt\/?s={search_term_string}"},"query-input":{"@type":"PropertyValueSpecification","valueRequired":true,"valueName":"search_term_string"}}],"inLanguage":"en-US"}]}},"_links":{"self":[{"href":"https:\/\/funerariaferreira.pt\/en\/wp-json\/wp\/v2\/pages\/1477","targetHints":{"allow":["GET"]}}],"collection":[{"href":"https:\/\/funerariaferreira.pt\/en\/wp-json\/wp\/v2\/pages"}],"about":[{"href":"https:\/\/funerariaferreira.pt\/en\/wp-json\/wp\/v2\/types\/page"}],"author":[{"embeddable":true,"href":"https:\/\/funerariaferreira.pt\/en\/wp-json\/wp\/v2\/users\/1"}],"replies":[{"embeddable":true,"href":"https:\/\/funerariaferreira.pt\/en\/wp-json\/wp\/v2\/comments?post=1477"}],"version-history":[{"count":18,"href":"https:\/\/funerariaferreira.pt\/en\/wp-json\/wp\/v2\/pages\/1477\/revisions"}],"predecessor-version":[{"id":6421,"href":"https:\/\/funerariaferreira.pt\/en\/wp-json\/wp\/v2\/pages\/1477\/revisions\/6421"}],"wp:attachment":[{"href":"https:\/\/funerariaferreira.pt\/en\/wp-json\/wp\/v2\/media?parent=1477"}],"curies":[{"name":"wp","href":"https:\/\/api.w.org\/{rel}","templated":true}]}}