{"id":1644,"date":"2013-04-06T22:43:28","date_gmt":"2013-04-06T22:43:28","guid":{"rendered":"http:\/\/www.funerariaferreira.pt\/en\/armando-cortes-rodrigues\/"},"modified":"2026-01-23T12:04:18","modified_gmt":"2026-01-23T12:04:18","slug":"armando-cortes-rodrigues","status":"publish","type":"page","link":"https:\/\/funerariaferreira.pt\/en\/armando-cortes-rodrigues\/","title":{"rendered":"Armando C\u00f4rtes-Rodrigues"},"content":{"rendered":"<p><span style=\"font-size: revert; color: initial;\"><img loading=\"lazy\" decoding=\"async\" class=\"alignleft size-medium wp-image-5847\" src=\"https:\/\/funerariaferreira.pt\/wp-content\/uploads\/2026\/01\/armando-cortes-rodrigues-v2-1536-x-2048-225x300.png\" alt=\"Armando C\u00f4rtes-Rodrigues\" width=\"225\" height=\"300\" srcset=\"https:\/\/funerariaferreira.pt\/wp-content\/uploads\/2026\/01\/armando-cortes-rodrigues-v2-1536-x-2048-225x300.png 225w, https:\/\/funerariaferreira.pt\/wp-content\/uploads\/2026\/01\/armando-cortes-rodrigues-v2-1536-x-2048-768x1024.png 768w, https:\/\/funerariaferreira.pt\/wp-content\/uploads\/2026\/01\/armando-cortes-rodrigues-v2-1536-x-2048-1152x1536.png 1152w, https:\/\/funerariaferreira.pt\/wp-content\/uploads\/2026\/01\/armando-cortes-rodrigues-v2-1536-x-2048.png 1536w\" sizes=\"auto, (max-width: 225px) 100vw, 225px\" \/><\/span><\/p>\n<p data-path-to-node=\"3\">Armando C\u00e9sar C\u00f4rtes-Rodrigues was considered, in his time, the \u201cPrince of Azorean Poets\u201d and established himself as one of the greatest Azorean intellectuals of the 20th century, leaving behind a remarkable cultural legacy. He is remembered in the toponymy of Ponta Delgada, a city that also hosts a space for memory and aesthetic creation, the <i data-path-to-node=\"3\" data-index-in-node=\"346\">Morada da Escrita<\/i> (Writing House) \/ Armando C\u00f4rtes-Rodrigues House, a cultural facility established in the final home where the writer lived and passed away on 14 October 1971, at the age of 80; he was the son of the <strong>poet Ant\u00f3nio C\u00e9sar Rodrigues<\/strong>, a physician and co-founder of the Institute of Vila Franca. He was born in Vila Franca do Campo on 28 February 1891, becoming an orphan on his mother&#8217;s side at birth. He attended Fisher College and completed his secondary studies in Ponta Delgada, demonstrating an inclination for writing since his adolescence. After secondary school, he left for Lisbon, where he graduated in Romance Philology from the Faculty of Letters of Lisbon (1910\u20131915), meeting <span style=\"color: #0000ff;\"><a style=\"color: #0000ff;\" href=\"https:\/\/pt.wikipedia.org\/wiki\/Fernando_Pessoa\">Fernando Pessoa<\/a><\/span> during that period. He collaborated on the first two issues of the magazine <i data-path-to-node=\"3\" data-index-in-node=\"1140\">Orpheu<\/i> with several poems, some of which were signed with the pseudonym <strong>Violante de Cysneiros<\/strong>. In this collaboration, he demonstrated a moderate modernism, which he would almost completely abandon throughout his poetic journey, yielding to the tradition of lyrical composition and reflecting &#8220;Azorianity&#8221; in his work through a poetic classicism with a marked humanist perspective. He returned to the Azores in 1917 and entered a career in secondary education, working at the high schools of Ponta Delgada and Angra do Hero\u00edsmo (serving in the latter only until settling permanently in Ponta Delgada). Despite being based in the Azores, he continued to correspond assiduously with <span style=\"color: #0000ff;\"><a style=\"color: #0000ff;\" href=\"https:\/\/pt.wikipedia.org\/wiki\/Fernando_Pessoa\">Fernando Pessoa<\/a><\/span>, sharing the ideals of the new aesthetics without, however, adopting them entirely. He then dedicated himself to the study of Azorean ethnography, an area in which he would become a prominent figure, and to the poetry of a religious nature. His ethnographic studies, for which he conducted significant collections, focused on Azorean oral and popular literature, folk songs, and adages. His ethnographic work is among the finest produced in this field in the Portuguese language, and in 1953, he received the &#8220;Antero de Quental Prize&#8221; for the book <i data-path-to-node=\"3\" data-index-in-node=\"2378\">Horto Fechado e Outros Poemas<\/i>, a work in which he evokes his roots. He was an important cultural activist, participating in multiple initiatives and institutions, being one of the founding members of the Cultural Institute of Ponta Delgada and directing its publication, the magazine <i data-path-to-node=\"3\" data-index-in-node=\"2662\">Insulana<\/i>.<\/p>\n<h2 data-path-to-node=\"3\">The funeral of the poet<\/h2>\n<p data-path-to-node=\"4\">At 5:00 pm on 15 October 1971, an extensive motorcade accompanied the coffin of the poet Armando C\u00f4rtes-Rodrigues, which departed from the Sant\u2019Anna Chapel in Ponta Delgada, on its way to his beloved Vila Franca do Campo. In the churchyard of the Mother Church of S\u00e3o Miguel Arcanjo, numerous people from that town awaited the arrival of the hearse, notably including the president and councillors of the municipality, teachers and students from the Externato de Vila Franca and primary schools, as well as social representatives of the town. From Ponta Delgada, joined in the funeral procession alongside the District Chief, the president of the General Board, and high school teachers, was an innumerable number of friends and admirers of Armando C\u00f4rtes-Rodrigues, who not only wished to accompany his children in this painful moment but also to pay their final respects to the great poet. In addition to those present, there were representations from individuals and entities from outside the island, namely the Afonso de Chaves Society and its president, Lieutenant Colonel Jos\u00e9 Agostinho, as well as the judge of the Supreme Court of Auditors, Dr Armando C\u00e2ndido de Medeiros, represented by <span style=\"color: #0000ff;\">Dr Francisco Carreiro da Costa<\/span>. In the Town Hall building, as well as in the Externato de Vila Franca, the respective banners were flown at half-mast as a sign of mourning. Immediately following the entry of the coffin into the Church of S\u00e3o Miguel, the temple was filled, and a Requiem Mass was celebrated. Following this final religious act, students from the Externato de Vila Franca and primary schools, some carrying floral wreaths and accompanied by their teachers, led the funeral procession, which proceeded on foot; amidst the most sorrowful silence, it moved toward the Santo Amaro Cemetery. At the graveside, Armando C\u00f4rtes-Rodrigues\u2019s companion of more than forty years in secondary teaching and the president of the Cultural Institute of Ponta Delgada, <span style=\"color: #0000ff;\">Dr Jo\u00e3o H. Anglin<\/span>, read the following words with profound emotion:<\/p>\n<p data-path-to-node=\"5\"><img loading=\"lazy\" decoding=\"async\" class=\"alignleft size-medium wp-image-5848\" src=\"https:\/\/funerariaferreira.pt\/wp-content\/uploads\/2026\/01\/armando-cortes-rodrigues-support-image-v2-300x169.png\" alt=\"Funeral de Armando C\u00f4rtes-Rodrigues\" width=\"300\" height=\"169\" srcset=\"https:\/\/funerariaferreira.pt\/wp-content\/uploads\/2026\/01\/armando-cortes-rodrigues-support-image-v2-300x169.png 300w, https:\/\/funerariaferreira.pt\/wp-content\/uploads\/2026\/01\/armando-cortes-rodrigues-support-image-v2-1024x576.png 1024w, https:\/\/funerariaferreira.pt\/wp-content\/uploads\/2026\/01\/armando-cortes-rodrigues-support-image-v2-768x432.png 768w, https:\/\/funerariaferreira.pt\/wp-content\/uploads\/2026\/01\/armando-cortes-rodrigues-support-image-v2.png 1280w\" sizes=\"auto, (max-width: 300px) 100vw, 300px\" \/><em>\u201cThis is not the opportune moment to develop considerations or commentaries on the value of the literary work of this illustrious micaelense, but it is impossible not to allude, in the final instant of his presence in this world, to the high merit of his poetic productions, which stand as a testament to his love for his homeland and for the humble and simple people and things that always captured his spirit and intelligence. A poet essentially regionalist, loving the people and singing the facets that best characterise and define them, Armando C\u00f4rtes-Rodrigues, an old companion of many years in the labours of teaching, bound himself entirely and devotedly to the soil where he was born and remained almost uninterruptedly, until being buried within it after a long life of fruitful labour. An Azorean with a profound knowledge of the ethnography and popular folklore of the archipelago, he bequeathed to posterity, in prose and verse, an imperishable monument that will always be an object of admiration and spiritual pleasure for all those who prize these things, simple in appearance but valuable and elevated in essence. C\u00f4rtes-Rodrigues was a poet and prose writer, but above all a poet, for poetry infiltrated, like a seductive fairy, into all his literary productions, leaving there the perfume that always wafts from field flowers, however modest and dim they may appear. He loved the sea with all his heart, mingling with the rugged and fearless fishermen of whom he became a friend and companion; thus, at the appropriate times, he delighted in spending long hours in direct contact with the waves, soaking in the sunlight and the ocean spray. Of the countrymen, toiling hard with the hoe in the task of earning their daily bread, he sang in delightful verses of their honourable labour, in the admiration of the intellectual who knows how to appreciate and praise the virtues of the people, the pillar of the Nation and the reason for its existence. C\u00f4rtes-Rodrigues had a soul of choice, a lover of beauty and the work of God, to whom he always remained faithful, despite certain moral storms that at times assailed his spiritual life. He was a good and affable friend, even in moments of anger which, though appearing lasting, soon dissolved into foam, much like the waves that lose their momentum when they strike the hard rocks. May the Lord have the soul of Armando C\u00f4rtes-Rodrigues in His right hand, waiting for those of us who remain here, awaiting the hour to depart on the eternal journey.\u201d<\/em><\/p>\n\n","protected":false},"excerpt":{"rendered":"<p>Armando C\u00e9sar C\u00f4rtes-Rodrigues was considered, in his time, the \u201cPrince of Azorean Poets\u201d and established himself as one of the greatest Azorean intellectuals of the 20th century, leaving behind a remarkable cultural legacy. He is remembered in the toponymy of Ponta Delgada, a city that also hosts a space for memory and aesthetic creation, the [&hellip;]<\/p>\n","protected":false},"author":2,"featured_media":0,"parent":0,"menu_order":0,"comment_status":"open","ping_status":"open","template":"","meta":{"_acf_changed":false,"footnotes":""},"class_list":["post-1644","page","type-page","status-publish","hentry"],"acf":[],"yoast_head":"<!-- This site is optimized with the Yoast SEO plugin v27.1.1 - https:\/\/yoast.com\/product\/yoast-seo-wordpress\/ -->\n<title>Armando C\u00f4rtes-Rodrigues - Agencia Funer\u00e1ria Ferreira - Ponta Delgada - S\u00e3o Miguel - A\u00e7ores<\/title>\n<meta name=\"description\" content=\"Honouring Armando C\u00f4rtes-Rodrigues (1891\u20131971), the &quot;Prince of Azorean Poets.&quot; Explore the life and legacy of one of the greatest Azorean intellectuals of the 20th century\" \/>\n<meta name=\"robots\" content=\"index, follow, max-snippet:-1, max-image-preview:large, max-video-preview:-1\" \/>\n<link rel=\"canonical\" href=\"https:\/\/funerariaferreira.pt\/en\/armando-cortes-rodrigues\/\" \/>\n<meta property=\"og:locale\" content=\"en_US\" \/>\n<meta property=\"og:type\" content=\"article\" \/>\n<meta property=\"og:title\" content=\"Armando C\u00f4rtes-Rodrigues - Agencia Funer\u00e1ria Ferreira - Ponta Delgada - S\u00e3o Miguel - A\u00e7ores\" \/>\n<meta property=\"og:description\" content=\"Honouring Armando C\u00f4rtes-Rodrigues (1891\u20131971), the &quot;Prince of Azorean Poets.&quot; Explore the life and legacy of one of the greatest Azorean intellectuals of the 20th century\" \/>\n<meta property=\"og:url\" content=\"https:\/\/funerariaferreira.pt\/en\/armando-cortes-rodrigues\/\" \/>\n<meta property=\"og:site_name\" content=\"Agencia Funer\u00e1ria Ferreira - Ponta Delgada - S\u00e3o Miguel - A\u00e7ores\" \/>\n<meta property=\"article:modified_time\" content=\"2026-01-23T12:04:18+00:00\" \/>\n<meta property=\"og:image\" content=\"https:\/\/funerariaferreira.pt\/wp-content\/uploads\/2026\/01\/armando-cortes-rodrigues-v2-1536-x-2048-225x300.png\" \/>\n<meta name=\"twitter:card\" content=\"summary_large_image\" \/>\n<meta name=\"twitter:label1\" content=\"Est. reading time\" \/>\n\t<meta name=\"twitter:data1\" content=\"7 minutes\" \/>\n<script type=\"application\/ld+json\" class=\"yoast-schema-graph\">{\"@context\":\"https:\/\/schema.org\",\"@graph\":[{\"@type\":\"WebPage\",\"@id\":\"https:\/\/funerariaferreira.pt\/en\/armando-cortes-rodrigues\/\",\"url\":\"https:\/\/funerariaferreira.pt\/en\/armando-cortes-rodrigues\/\",\"name\":\"Armando C\u00f4rtes-Rodrigues - Agencia Funer\u00e1ria Ferreira - Ponta Delgada - S\u00e3o Miguel - A\u00e7ores\",\"isPartOf\":{\"@id\":\"https:\/\/funerariaferreira.pt\/#website\"},\"primaryImageOfPage\":{\"@id\":\"https:\/\/funerariaferreira.pt\/en\/armando-cortes-rodrigues\/#primaryimage\"},\"image\":{\"@id\":\"https:\/\/funerariaferreira.pt\/en\/armando-cortes-rodrigues\/#primaryimage\"},\"thumbnailUrl\":\"https:\/\/funerariaferreira.pt\/wp-content\/uploads\/2026\/01\/armando-cortes-rodrigues-v2-1536-x-2048-225x300.png\",\"datePublished\":\"2013-04-06T22:43:28+00:00\",\"dateModified\":\"2026-01-23T12:04:18+00:00\",\"description\":\"Honouring Armando C\u00f4rtes-Rodrigues (1891\u20131971), the \\\"Prince of Azorean Poets.\\\" Explore the life and legacy of one of the greatest Azorean intellectuals of the 20th century\",\"breadcrumb\":{\"@id\":\"https:\/\/funerariaferreira.pt\/en\/armando-cortes-rodrigues\/#breadcrumb\"},\"inLanguage\":\"en-US\",\"potentialAction\":[{\"@type\":\"ReadAction\",\"target\":[\"https:\/\/funerariaferreira.pt\/en\/armando-cortes-rodrigues\/\"]}]},{\"@type\":\"ImageObject\",\"inLanguage\":\"en-US\",\"@id\":\"https:\/\/funerariaferreira.pt\/en\/armando-cortes-rodrigues\/#primaryimage\",\"url\":\"https:\/\/funerariaferreira.pt\/wp-content\/uploads\/2026\/01\/armando-cortes-rodrigues-v2-1536-x-2048-225x300.png\",\"contentUrl\":\"https:\/\/funerariaferreira.pt\/wp-content\/uploads\/2026\/01\/armando-cortes-rodrigues-v2-1536-x-2048-225x300.png\"},{\"@type\":\"BreadcrumbList\",\"@id\":\"https:\/\/funerariaferreira.pt\/en\/armando-cortes-rodrigues\/#breadcrumb\",\"itemListElement\":[{\"@type\":\"ListItem\",\"position\":1,\"name\":\"Home\",\"item\":\"https:\/\/funerariaferreira.pt\/\"},{\"@type\":\"ListItem\",\"position\":2,\"name\":\"Armando C\u00f4rtes-Rodrigues\"}]},{\"@type\":\"WebSite\",\"@id\":\"https:\/\/funerariaferreira.pt\/#website\",\"url\":\"https:\/\/funerariaferreira.pt\/\",\"name\":\"Agencia Funer\u00e1ria Ferreira - Ponta Delgada - S\u00e3o Miguel - A\u00e7ores\",\"description\":\"\",\"potentialAction\":[{\"@type\":\"SearchAction\",\"target\":{\"@type\":\"EntryPoint\",\"urlTemplate\":\"https:\/\/funerariaferreira.pt\/?s={search_term_string}\"},\"query-input\":{\"@type\":\"PropertyValueSpecification\",\"valueRequired\":true,\"valueName\":\"search_term_string\"}}],\"inLanguage\":\"en-US\"}]}<\/script>\n<!-- \/ Yoast SEO plugin. -->","yoast_head_json":{"title":"Armando C\u00f4rtes-Rodrigues - Agencia Funer\u00e1ria Ferreira - Ponta Delgada - S\u00e3o Miguel - A\u00e7ores","description":"Honouring Armando C\u00f4rtes-Rodrigues (1891\u20131971), the \"Prince of Azorean Poets.\" Explore the life and legacy of one of the greatest Azorean intellectuals of the 20th century","robots":{"index":"index","follow":"follow","max-snippet":"max-snippet:-1","max-image-preview":"max-image-preview:large","max-video-preview":"max-video-preview:-1"},"canonical":"https:\/\/funerariaferreira.pt\/en\/armando-cortes-rodrigues\/","og_locale":"en_US","og_type":"article","og_title":"Armando C\u00f4rtes-Rodrigues - Agencia Funer\u00e1ria Ferreira - Ponta Delgada - S\u00e3o Miguel - A\u00e7ores","og_description":"Honouring Armando C\u00f4rtes-Rodrigues (1891\u20131971), the \"Prince of Azorean Poets.\" Explore the life and legacy of one of the greatest Azorean intellectuals of the 20th century","og_url":"https:\/\/funerariaferreira.pt\/en\/armando-cortes-rodrigues\/","og_site_name":"Agencia Funer\u00e1ria Ferreira - Ponta Delgada - S\u00e3o Miguel - A\u00e7ores","article_modified_time":"2026-01-23T12:04:18+00:00","og_image":[{"url":"https:\/\/funerariaferreira.pt\/wp-content\/uploads\/2026\/01\/armando-cortes-rodrigues-v2-1536-x-2048-225x300.png","type":"","width":"","height":""}],"twitter_card":"summary_large_image","twitter_misc":{"Est. reading time":"7 minutes"},"schema":{"@context":"https:\/\/schema.org","@graph":[{"@type":"WebPage","@id":"https:\/\/funerariaferreira.pt\/en\/armando-cortes-rodrigues\/","url":"https:\/\/funerariaferreira.pt\/en\/armando-cortes-rodrigues\/","name":"Armando C\u00f4rtes-Rodrigues - Agencia Funer\u00e1ria Ferreira - Ponta Delgada - S\u00e3o Miguel - A\u00e7ores","isPartOf":{"@id":"https:\/\/funerariaferreira.pt\/#website"},"primaryImageOfPage":{"@id":"https:\/\/funerariaferreira.pt\/en\/armando-cortes-rodrigues\/#primaryimage"},"image":{"@id":"https:\/\/funerariaferreira.pt\/en\/armando-cortes-rodrigues\/#primaryimage"},"thumbnailUrl":"https:\/\/funerariaferreira.pt\/wp-content\/uploads\/2026\/01\/armando-cortes-rodrigues-v2-1536-x-2048-225x300.png","datePublished":"2013-04-06T22:43:28+00:00","dateModified":"2026-01-23T12:04:18+00:00","description":"Honouring Armando C\u00f4rtes-Rodrigues (1891\u20131971), the \"Prince of Azorean Poets.\" Explore the life and legacy of one of the greatest Azorean intellectuals of the 20th century","breadcrumb":{"@id":"https:\/\/funerariaferreira.pt\/en\/armando-cortes-rodrigues\/#breadcrumb"},"inLanguage":"en-US","potentialAction":[{"@type":"ReadAction","target":["https:\/\/funerariaferreira.pt\/en\/armando-cortes-rodrigues\/"]}]},{"@type":"ImageObject","inLanguage":"en-US","@id":"https:\/\/funerariaferreira.pt\/en\/armando-cortes-rodrigues\/#primaryimage","url":"https:\/\/funerariaferreira.pt\/wp-content\/uploads\/2026\/01\/armando-cortes-rodrigues-v2-1536-x-2048-225x300.png","contentUrl":"https:\/\/funerariaferreira.pt\/wp-content\/uploads\/2026\/01\/armando-cortes-rodrigues-v2-1536-x-2048-225x300.png"},{"@type":"BreadcrumbList","@id":"https:\/\/funerariaferreira.pt\/en\/armando-cortes-rodrigues\/#breadcrumb","itemListElement":[{"@type":"ListItem","position":1,"name":"Home","item":"https:\/\/funerariaferreira.pt\/"},{"@type":"ListItem","position":2,"name":"Armando C\u00f4rtes-Rodrigues"}]},{"@type":"WebSite","@id":"https:\/\/funerariaferreira.pt\/#website","url":"https:\/\/funerariaferreira.pt\/","name":"Agencia Funer\u00e1ria Ferreira - Ponta Delgada - S\u00e3o Miguel - A\u00e7ores","description":"","potentialAction":[{"@type":"SearchAction","target":{"@type":"EntryPoint","urlTemplate":"https:\/\/funerariaferreira.pt\/?s={search_term_string}"},"query-input":{"@type":"PropertyValueSpecification","valueRequired":true,"valueName":"search_term_string"}}],"inLanguage":"en-US"}]}},"_links":{"self":[{"href":"https:\/\/funerariaferreira.pt\/en\/wp-json\/wp\/v2\/pages\/1644","targetHints":{"allow":["GET"]}}],"collection":[{"href":"https:\/\/funerariaferreira.pt\/en\/wp-json\/wp\/v2\/pages"}],"about":[{"href":"https:\/\/funerariaferreira.pt\/en\/wp-json\/wp\/v2\/types\/page"}],"author":[{"embeddable":true,"href":"https:\/\/funerariaferreira.pt\/en\/wp-json\/wp\/v2\/users\/2"}],"replies":[{"embeddable":true,"href":"https:\/\/funerariaferreira.pt\/en\/wp-json\/wp\/v2\/comments?post=1644"}],"version-history":[{"count":10,"href":"https:\/\/funerariaferreira.pt\/en\/wp-json\/wp\/v2\/pages\/1644\/revisions"}],"predecessor-version":[{"id":6056,"href":"https:\/\/funerariaferreira.pt\/en\/wp-json\/wp\/v2\/pages\/1644\/revisions\/6056"}],"wp:attachment":[{"href":"https:\/\/funerariaferreira.pt\/en\/wp-json\/wp\/v2\/media?parent=1644"}],"curies":[{"name":"wp","href":"https:\/\/api.w.org\/{rel}","templated":true}]}}