{"id":1647,"date":"2014-01-21T21:24:31","date_gmt":"2014-01-21T21:24:31","guid":{"rendered":"http:\/\/www.funerariaferreira.pt\/en\/augusto-arruda\/"},"modified":"2026-01-23T12:24:28","modified_gmt":"2026-01-23T12:24:28","slug":"augusto-arruda","status":"publish","type":"page","link":"https:\/\/funerariaferreira.pt\/en\/augusto-arruda\/","title":{"rendered":"Augusto Arruda"},"content":{"rendered":"<p><span style=\"color: #000000;\"><img loading=\"lazy\" decoding=\"async\" class=\"alignleft size-medium wp-image-5859\" src=\"https:\/\/funerariaferreira.pt\/wp-content\/uploads\/2026\/01\/augusto-arruda-v2-1536-x-2048-1-225x300.png\" alt=\"Dr. Augusto Arruda,\" width=\"225\" height=\"300\" srcset=\"https:\/\/funerariaferreira.pt\/wp-content\/uploads\/2026\/01\/augusto-arruda-v2-1536-x-2048-1-225x300.png 225w, https:\/\/funerariaferreira.pt\/wp-content\/uploads\/2026\/01\/augusto-arruda-v2-1536-x-2048-1-768x1024.png 768w, https:\/\/funerariaferreira.pt\/wp-content\/uploads\/2026\/01\/augusto-arruda-v2-1536-x-2048-1-1152x1536.png 1152w, https:\/\/funerariaferreira.pt\/wp-content\/uploads\/2026\/01\/augusto-arruda-v2-1536-x-2048-1.png 1536w\" sizes=\"auto, (max-width: 225px) 100vw, 225px\" \/><\/span><\/p>\n<p data-path-to-node=\"3\">Augusto Rebelo Arruda, the pioneer and great promoter of tourism on the island of S\u00e3o Miguel, passed away on 22 January 1964, at his residence in Faj\u00e3 de Baixo, Ponta Delgada, at the age of 75. He was born on 25 February 1888 in Ponta Delgada. He held a Bachelor of Laws from the Faculty of Law of the University of Coimbra, practiced law, and served as a notary public in Ponta Delgada. In 1919, he was elected as a Member of Parliament for the Republican Conjunction list; in 1921, he was a candidate for the National Reconstitution Action Party; and in 1925, he was elected by the Portuguese Republican Party. In the city of Ponta Delgada, he also held the positions of Mayor (1919\u20131922) and President of the General District Board (1925). During his political activity in local government, he spearheaded significant works in the city, such as the installation of the telephone network inaugurated in 1924, the construction of the Tagus Oil Company fuel depots to supply maritime navigation, and the municipalisation of meat and electricity services. As a Member of Parliament, he advocated for the renewal of the concession for beet sugar production. With the establishment of the military dictatorship, he withdrew from political activity. In 1933, alongside <span style=\"color: #0000ff;\">Vasco Bensa\u00fade <\/span>and other Micaelenses, he founded the <strong>Sociedade Terra Nostra<\/strong>, dedicated to the development of tourism on the island of S\u00e3o Miguel. He served as the company\u2019s managing director and transformed Furnas into a true tourist hub, where he built the Terra Nostra Hotel. He was also the lawyer for the Bensa\u00fade group. He was a founder of the <strong>Sociedade A\u00e7oriana de Transportes A\u00e9reos (SATA)<\/strong> and delivered the keynote speech at the inaugural flight ceremony on 15 June 1947, at what was then the Santana Airfield. As one of the largest pineapple producers in S\u00e3o Miguel, the pineapple trade owed him its most comprehensive exploitation, through the introduction of new packaging processes and the first canned preserves. He served as the <strong>Consul of Turkey<\/strong> in Ponta Delgada. For his services to the development of tourism and to the city of Ponta Delgada, his name was given to a city street, perpetuating his legacy within the local urban space. In 1989, he was posthumously decorated by the government with the insignia of Grand Officer of the Order of Merit.<\/p>\n<h2 data-path-to-node=\"3\">The Funeral<\/h2>\n<p data-path-to-node=\"4\"><img loading=\"lazy\" decoding=\"async\" class=\"alignleft size-medium wp-image-6060\" src=\"https:\/\/funerariaferreira.pt\/wp-content\/uploads\/2026\/01\/augusto-arruda-newspaper-obituary-1536-x-2048-225x300.png\" alt=\"Augusto Arruda NEWSPAPER OBITUARY 1964\" width=\"225\" height=\"300\" srcset=\"https:\/\/funerariaferreira.pt\/wp-content\/uploads\/2026\/01\/augusto-arruda-newspaper-obituary-1536-x-2048-225x300.png 225w, https:\/\/funerariaferreira.pt\/wp-content\/uploads\/2026\/01\/augusto-arruda-newspaper-obituary-1536-x-2048-768x1024.png 768w, https:\/\/funerariaferreira.pt\/wp-content\/uploads\/2026\/01\/augusto-arruda-newspaper-obituary-1536-x-2048-1152x1536.png 1152w, https:\/\/funerariaferreira.pt\/wp-content\/uploads\/2026\/01\/augusto-arruda-newspaper-obituary-1536-x-2048.png 1536w\" sizes=\"auto, (max-width: 225px) 100vw, 225px\" \/>His funeral took place at his residence, where the body lay in state, proceeding by hearse to the family vault at the S\u00e3o Joaquim Cemetery. The Parish Priest of Faj\u00e3 de Baixo, Father Jos\u00e9 Ribeiro Martins, presided over the funeral, leading a college of priests from various parishes. The casket was literally covered in floral wreaths. The funeral procession was joined by civil, military, and naval authorities, the presidents of the General Board and the City Council, the consular corps in honour of the representative of Turkey, and a delegation representing the commander of the United States Air Forces at Lajes Base. The mourning was led by the District Chief, Eng. Vasconcelos Raposo, with the following shifts organised for the pallbearing:<\/p>\n<p data-path-to-node=\"4\">1st: Eng. Abel F\u00e9rin Coutinho, Jo\u00e3o Lu\u00eds da C\u00e2mara Melo Cabral, Jo\u00e3o Augusto Rebelo Melo Cabral, and Carlos de Aguiar Machado<\/p>\n<p data-path-to-node=\"4\">2nd: Eng. <span class=\"citation-33 citation-34 citation-end-34\">Emiliano Arruda de Castro Carneiro, Hildeberto Torres, Hugo de Lacerda, and Ant\u00f3nio de Aguiar Machado<\/span><\/p>\n<p data-path-to-node=\"4\"><span class=\"citation-33 citation-34 citation-end-34\"> 3rd: Dr Ant\u00f3nio Manuel de Medeiros Franco, Paulo Lacerda, and the dedicated employees Ernesto Furtado Ferr<\/span><span class=\"citation-33 citation-end-33\">eira and Duarte Pereira Ara\u00fajo. <\/span><\/p>\n<p data-path-to-node=\"4\"><span class=\"citation-33 citation-end-33\">At the<\/span> entrance of the vault, speeches were delivered by <span style=\"color: #0000ff;\">Dr Francisco Carreiro<\/span>, as President of the Regional Tourism Commission of the Islands of S\u00e3o Miguel and Santa Maria, and by the journalist Dinis Silva, who spoke regarding the political career of the deceased.<\/p>\n","protected":false},"excerpt":{"rendered":"<p>Augusto Rebelo Arruda, the pioneer and great promoter of tourism on the island of S\u00e3o Miguel, passed away on 22 January 1964, at his residence in Faj\u00e3 de Baixo, Ponta Delgada, at the age of 75. He was born on 25 February 1888 in Ponta Delgada. He held a Bachelor of Laws from the Faculty [&hellip;]<\/p>\n","protected":false},"author":2,"featured_media":0,"parent":0,"menu_order":0,"comment_status":"open","ping_status":"open","template":"","meta":{"_acf_changed":false,"footnotes":""},"class_list":["post-1647","page","type-page","status-publish","hentry"],"acf":[],"yoast_head":"<!-- This site is optimized with the Yoast SEO plugin v27.1.1 - https:\/\/yoast.com\/product\/yoast-seo-wordpress\/ -->\n<title>Augusto Arruda - Agencia Funer\u00e1ria Ferreira - Ponta Delgada - S\u00e3o Miguel - A\u00e7ores<\/title>\n<meta name=\"description\" content=\"A tribute to Augusto Arruda. Funer\u00e1ria Ferreira in Ponta Delgada preserves the memory of illustrious figures with dignity. Discover how we support Azorean families.\" \/>\n<meta name=\"robots\" content=\"index, follow, max-snippet:-1, max-image-preview:large, max-video-preview:-1\" \/>\n<link rel=\"canonical\" href=\"https:\/\/funerariaferreira.pt\/en\/augusto-arruda\/\" \/>\n<meta property=\"og:locale\" content=\"en_US\" \/>\n<meta property=\"og:type\" content=\"article\" \/>\n<meta property=\"og:title\" content=\"Augusto Arruda - Agencia Funer\u00e1ria Ferreira - Ponta Delgada - S\u00e3o Miguel - A\u00e7ores\" \/>\n<meta property=\"og:description\" content=\"A tribute to Augusto Arruda. Funer\u00e1ria Ferreira in Ponta Delgada preserves the memory of illustrious figures with dignity. Discover how we support Azorean families.\" \/>\n<meta property=\"og:url\" content=\"https:\/\/funerariaferreira.pt\/en\/augusto-arruda\/\" \/>\n<meta property=\"og:site_name\" content=\"Agencia Funer\u00e1ria Ferreira - Ponta Delgada - S\u00e3o Miguel - A\u00e7ores\" \/>\n<meta property=\"article:modified_time\" content=\"2026-01-23T12:24:28+00:00\" \/>\n<meta property=\"og:image\" content=\"https:\/\/funerariaferreira.pt\/wp-content\/uploads\/2026\/01\/augusto-arruda-v2-1536-x-2048-1-225x300.png\" \/>\n<meta name=\"twitter:card\" content=\"summary_large_image\" \/>\n<meta name=\"twitter:label1\" content=\"Est. reading time\" \/>\n\t<meta name=\"twitter:data1\" content=\"4 minutes\" \/>\n<script type=\"application\/ld+json\" class=\"yoast-schema-graph\">{\"@context\":\"https:\/\/schema.org\",\"@graph\":[{\"@type\":\"WebPage\",\"@id\":\"https:\/\/funerariaferreira.pt\/en\/augusto-arruda\/\",\"url\":\"https:\/\/funerariaferreira.pt\/en\/augusto-arruda\/\",\"name\":\"Augusto Arruda - Agencia Funer\u00e1ria Ferreira - Ponta Delgada - S\u00e3o Miguel - A\u00e7ores\",\"isPartOf\":{\"@id\":\"https:\/\/funerariaferreira.pt\/#website\"},\"primaryImageOfPage\":{\"@id\":\"https:\/\/funerariaferreira.pt\/en\/augusto-arruda\/#primaryimage\"},\"image\":{\"@id\":\"https:\/\/funerariaferreira.pt\/en\/augusto-arruda\/#primaryimage\"},\"thumbnailUrl\":\"https:\/\/funerariaferreira.pt\/wp-content\/uploads\/2026\/01\/augusto-arruda-v2-1536-x-2048-1-225x300.png\",\"datePublished\":\"2014-01-21T21:24:31+00:00\",\"dateModified\":\"2026-01-23T12:24:28+00:00\",\"description\":\"A tribute to Augusto Arruda. Funer\u00e1ria Ferreira in Ponta Delgada preserves the memory of illustrious figures with dignity. Discover how we support Azorean families.\",\"breadcrumb\":{\"@id\":\"https:\/\/funerariaferreira.pt\/en\/augusto-arruda\/#breadcrumb\"},\"inLanguage\":\"en-US\",\"potentialAction\":[{\"@type\":\"ReadAction\",\"target\":[\"https:\/\/funerariaferreira.pt\/en\/augusto-arruda\/\"]}]},{\"@type\":\"ImageObject\",\"inLanguage\":\"en-US\",\"@id\":\"https:\/\/funerariaferreira.pt\/en\/augusto-arruda\/#primaryimage\",\"url\":\"https:\/\/funerariaferreira.pt\/wp-content\/uploads\/2026\/01\/augusto-arruda-v2-1536-x-2048-1-225x300.png\",\"contentUrl\":\"https:\/\/funerariaferreira.pt\/wp-content\/uploads\/2026\/01\/augusto-arruda-v2-1536-x-2048-1-225x300.png\"},{\"@type\":\"BreadcrumbList\",\"@id\":\"https:\/\/funerariaferreira.pt\/en\/augusto-arruda\/#breadcrumb\",\"itemListElement\":[{\"@type\":\"ListItem\",\"position\":1,\"name\":\"Home\",\"item\":\"https:\/\/funerariaferreira.pt\/\"},{\"@type\":\"ListItem\",\"position\":2,\"name\":\"Augusto Arruda\"}]},{\"@type\":\"WebSite\",\"@id\":\"https:\/\/funerariaferreira.pt\/#website\",\"url\":\"https:\/\/funerariaferreira.pt\/\",\"name\":\"Agencia Funer\u00e1ria Ferreira - Ponta Delgada - S\u00e3o Miguel - A\u00e7ores\",\"description\":\"\",\"potentialAction\":[{\"@type\":\"SearchAction\",\"target\":{\"@type\":\"EntryPoint\",\"urlTemplate\":\"https:\/\/funerariaferreira.pt\/?s={search_term_string}\"},\"query-input\":{\"@type\":\"PropertyValueSpecification\",\"valueRequired\":true,\"valueName\":\"search_term_string\"}}],\"inLanguage\":\"en-US\"}]}<\/script>\n<!-- \/ Yoast SEO plugin. -->","yoast_head_json":{"title":"Augusto Arruda - Agencia Funer\u00e1ria Ferreira - Ponta Delgada - S\u00e3o Miguel - A\u00e7ores","description":"A tribute to Augusto Arruda. Funer\u00e1ria Ferreira in Ponta Delgada preserves the memory of illustrious figures with dignity. Discover how we support Azorean families.","robots":{"index":"index","follow":"follow","max-snippet":"max-snippet:-1","max-image-preview":"max-image-preview:large","max-video-preview":"max-video-preview:-1"},"canonical":"https:\/\/funerariaferreira.pt\/en\/augusto-arruda\/","og_locale":"en_US","og_type":"article","og_title":"Augusto Arruda - Agencia Funer\u00e1ria Ferreira - Ponta Delgada - S\u00e3o Miguel - A\u00e7ores","og_description":"A tribute to Augusto Arruda. Funer\u00e1ria Ferreira in Ponta Delgada preserves the memory of illustrious figures with dignity. Discover how we support Azorean families.","og_url":"https:\/\/funerariaferreira.pt\/en\/augusto-arruda\/","og_site_name":"Agencia Funer\u00e1ria Ferreira - Ponta Delgada - S\u00e3o Miguel - A\u00e7ores","article_modified_time":"2026-01-23T12:24:28+00:00","og_image":[{"url":"https:\/\/funerariaferreira.pt\/wp-content\/uploads\/2026\/01\/augusto-arruda-v2-1536-x-2048-1-225x300.png","type":"","width":"","height":""}],"twitter_card":"summary_large_image","twitter_misc":{"Est. reading time":"4 minutes"},"schema":{"@context":"https:\/\/schema.org","@graph":[{"@type":"WebPage","@id":"https:\/\/funerariaferreira.pt\/en\/augusto-arruda\/","url":"https:\/\/funerariaferreira.pt\/en\/augusto-arruda\/","name":"Augusto Arruda - Agencia Funer\u00e1ria Ferreira - Ponta Delgada - S\u00e3o Miguel - A\u00e7ores","isPartOf":{"@id":"https:\/\/funerariaferreira.pt\/#website"},"primaryImageOfPage":{"@id":"https:\/\/funerariaferreira.pt\/en\/augusto-arruda\/#primaryimage"},"image":{"@id":"https:\/\/funerariaferreira.pt\/en\/augusto-arruda\/#primaryimage"},"thumbnailUrl":"https:\/\/funerariaferreira.pt\/wp-content\/uploads\/2026\/01\/augusto-arruda-v2-1536-x-2048-1-225x300.png","datePublished":"2014-01-21T21:24:31+00:00","dateModified":"2026-01-23T12:24:28+00:00","description":"A tribute to Augusto Arruda. Funer\u00e1ria Ferreira in Ponta Delgada preserves the memory of illustrious figures with dignity. Discover how we support Azorean families.","breadcrumb":{"@id":"https:\/\/funerariaferreira.pt\/en\/augusto-arruda\/#breadcrumb"},"inLanguage":"en-US","potentialAction":[{"@type":"ReadAction","target":["https:\/\/funerariaferreira.pt\/en\/augusto-arruda\/"]}]},{"@type":"ImageObject","inLanguage":"en-US","@id":"https:\/\/funerariaferreira.pt\/en\/augusto-arruda\/#primaryimage","url":"https:\/\/funerariaferreira.pt\/wp-content\/uploads\/2026\/01\/augusto-arruda-v2-1536-x-2048-1-225x300.png","contentUrl":"https:\/\/funerariaferreira.pt\/wp-content\/uploads\/2026\/01\/augusto-arruda-v2-1536-x-2048-1-225x300.png"},{"@type":"BreadcrumbList","@id":"https:\/\/funerariaferreira.pt\/en\/augusto-arruda\/#breadcrumb","itemListElement":[{"@type":"ListItem","position":1,"name":"Home","item":"https:\/\/funerariaferreira.pt\/"},{"@type":"ListItem","position":2,"name":"Augusto Arruda"}]},{"@type":"WebSite","@id":"https:\/\/funerariaferreira.pt\/#website","url":"https:\/\/funerariaferreira.pt\/","name":"Agencia Funer\u00e1ria Ferreira - Ponta Delgada - S\u00e3o Miguel - A\u00e7ores","description":"","potentialAction":[{"@type":"SearchAction","target":{"@type":"EntryPoint","urlTemplate":"https:\/\/funerariaferreira.pt\/?s={search_term_string}"},"query-input":{"@type":"PropertyValueSpecification","valueRequired":true,"valueName":"search_term_string"}}],"inLanguage":"en-US"}]}},"_links":{"self":[{"href":"https:\/\/funerariaferreira.pt\/en\/wp-json\/wp\/v2\/pages\/1647","targetHints":{"allow":["GET"]}}],"collection":[{"href":"https:\/\/funerariaferreira.pt\/en\/wp-json\/wp\/v2\/pages"}],"about":[{"href":"https:\/\/funerariaferreira.pt\/en\/wp-json\/wp\/v2\/types\/page"}],"author":[{"embeddable":true,"href":"https:\/\/funerariaferreira.pt\/en\/wp-json\/wp\/v2\/users\/2"}],"replies":[{"embeddable":true,"href":"https:\/\/funerariaferreira.pt\/en\/wp-json\/wp\/v2\/comments?post=1647"}],"version-history":[{"count":7,"href":"https:\/\/funerariaferreira.pt\/en\/wp-json\/wp\/v2\/pages\/1647\/revisions"}],"predecessor-version":[{"id":6062,"href":"https:\/\/funerariaferreira.pt\/en\/wp-json\/wp\/v2\/pages\/1647\/revisions\/6062"}],"wp:attachment":[{"href":"https:\/\/funerariaferreira.pt\/en\/wp-json\/wp\/v2\/media?parent=1647"}],"curies":[{"name":"wp","href":"https:\/\/api.w.org\/{rel}","templated":true}]}}