{"id":1653,"date":"2013-04-02T15:26:56","date_gmt":"2013-04-02T15:26:56","guid":{"rendered":"http:\/\/www.funerariaferreira.pt\/en\/memorial\/"},"modified":"2026-01-24T20:12:21","modified_gmt":"2026-01-24T20:12:21","slug":"memorial","status":"publish","type":"page","link":"https:\/\/funerariaferreira.pt\/en\/memorial\/","title":{"rendered":"Memorial: Honouring the Legacy and History of the Azores"},"content":{"rendered":"<div id=\"title-single\">\n<p data-path-to-node=\"11\"><span style=\"color: initial; font-size: revert;\"><span style=\"color: initial; font-size: revert;\"><img loading=\"lazy\" decoding=\"async\" class=\"alignleft size-medium wp-image-6105\" src=\"https:\/\/funerariaferreira.pt\/wp-content\/uploads\/2026\/01\/memorial-v6-300x300.png\" alt=\"Funeral Ceremonies &amp; Memorials in Ponta Delgada | Funer\u00e1ria Ferreira\" width=\"300\" height=\"300\" srcset=\"https:\/\/funerariaferreira.pt\/wp-content\/uploads\/2026\/01\/memorial-v6-300x300.png 300w, https:\/\/funerariaferreira.pt\/wp-content\/uploads\/2026\/01\/memorial-v6-1024x1024.png 1024w, https:\/\/funerariaferreira.pt\/wp-content\/uploads\/2026\/01\/memorial-v6-150x150.png 150w, https:\/\/funerariaferreira.pt\/wp-content\/uploads\/2026\/01\/memorial-v6-768x768.png 768w, https:\/\/funerariaferreira.pt\/wp-content\/uploads\/2026\/01\/memorial-v6-200x200.png 200w, https:\/\/funerariaferreira.pt\/wp-content\/uploads\/2026\/01\/memorial-v6.png 1080w\" sizes=\"auto, (max-width: 300px) 100vw, 300px\" \/>At Ag\u00eancia Funer\u00e1ria Ferreira, we believe that memory is the bond that keeps us connected to those who shaped our past. Over the decades, we have had the honour and responsibility of organising the funeral ceremonies for numerous prominent figures who, through their vision, talent, and dedication, contributed indelibly to the development and prestige of the Autonomous Region of the Azores.<\/span><\/span><\/p>\n<p data-path-to-node=\"12\">This space is dedicated to preserving their legacy. More than just a historical record, this Memorial is a tribute from Funer\u00e1ria Ferreira to those who served our community. As history is an ongoing process, this page is under continuous construction and updated regularly, ensuring that the examples of these illustrious figures remain alive for future generations.<\/p>\n<\/div>\n<p style=\"text-align: right;\">____________________________________________________________________________<\/p>\n<h4 style=\"text-align: right;\"><a href=\"https:\/\/funerariaferreira.pt\/en\/agostinho-tavares-monsenhor\/\"><span style=\"color: #0000ff;\">Agostinho Tavares, Monsenhor ( 1930 &#8211; 2015)<\/span><\/a><\/h4>\n<h4 style=\"text-align: right;\"><span style=\"color: #0000ff;\"><a style=\"color: #0000ff;\" href=\"https:\/\/funerariaferreira.pt\/en\/alberto-romao-madruga-da-costa\/\">Alberto Rom\u00e3o Madruga da Costa, Politico (1940-2014)<\/a><\/span><\/h4>\n<h4 style=\"text-align: right;\"><span style=\"color: #0000ff;\"><a style=\"color: #0000ff;\" href=\"https:\/\/funerariaferreira.pt\/en\/dr-anibal-furtado-lima\/\">Anibal Furtado Lima, M\u00e9dico (1927-2007)<\/a><\/span><\/h4>\n<h4 style=\"padding-left: 30px; text-align: right;\"><span style=\"text-decoration: underline; color: #3366ff;\"><a href=\"\/funerariaferreira?page_id=1641\"><span style=\"color: #3366ff; text-decoration: underline;\">Ant\u00f3nio Augusto da Motta Moniz, Presidente C\u00e2mara\u00a0(1907-1973)<\/span><\/a><\/span><\/h4>\n<h4 style=\"padding-left: 30px; text-align: right;\"><a href=\"\/funerariaferreira?page_id=1644\"><span style=\"text-decoration: underline; color: #3366ff;\">Armando C\u00f4rtes Rodrigues, Poeta (1891-1971)<\/span><\/a><\/h4>\n<h4 style=\"padding-left: 30px; text-align: right;\"><span style=\"color: #3366ff;\"><a href=\"\/funerariaferreira?page_id=1647\"><span style=\"text-decoration: underline; color: #3366ff;\">Augusto Arruda, Empres\u00e1rio (1888-1964)<\/span><\/a><\/span><\/h4>\n<h4 style=\"padding-left: 30px; text-align: right;\"><a href=\"\/funerariaferreira?page_id=1650\"><span style=\"text-decoration: underline;\"><span style=\"color: #3366ff; text-decoration: underline;\">Aur\u00e9lio Augusto C\u00e9sar, Jornalista (1892-1969)<\/span><\/span><\/a><\/h4>\n<h4 style=\"padding-left: 30px; text-align: right;\"><span style=\"text-decoration: underline;\"><span style=\"color: #3366ff; text-decoration: underline;\"><a href=\"\/funerariaferreira?page_id=229\"><span style=\"color: #3366ff; text-decoration: underline;\">D. Aur\u00e9lio Granada Escudeiro,\u00a0Bispo de Angra (1920-2012)<\/span><\/a><\/span><\/span><\/h4>\n<h4 style=\"padding-left: 30px; text-align: right;\"><span style=\"text-decoration: underline;\"><span style=\"color: #3366ff; text-decoration: underline;\"><a href=\"\/funerariaferreira?page_id=236\"><span style=\"color: #3366ff; text-decoration: underline;\">D. Carlos de Melo Manuel da C\u00e2mara Gomes, 5\u00ba <\/span><\/a><\/span><\/span><span style=\"text-decoration: underline;\"><span style=\"color: #3366ff; text-decoration: underline;\"><a href=\"\/funerariaferreira?page_id=236\"><span style=\"color: #3366ff; text-decoration: underline;\">Conde da Silv\u00e3 (1887-1973)<\/span><\/a><\/span><\/span><\/h4>\n<h4 style=\"padding-left: 30px; text-align: right;\"><a href=\"\/funerariaferreira?page_id=979\"><span style=\"text-decoration: underline;\"><span style=\"color: #3366ff; text-decoration: underline;\">C\u00edcero de Medeiros, Jornalista (1905-1967)<\/span><\/span><\/a><\/h4>\n<h4 style=\"padding-left: 30px; text-align: right;\"><a href=\"\/funerariaferreira?page_id=746\"><span style=\"color: #3366ff; text-decoration: underline;\">Cristiano Fraz\u00e3o Pacheco, Industrial\u00a0(1885-1964)<\/span><\/a><\/h4>\n<h4 style=\"padding-left: 30px; text-align: right;\"><a href=\" http:\/\/www.funerariaferreira.pt\/jose-dias-de-melo\/\"><span style=\"text-decoration: underline; color: #3366ff;\">Dias de Melo, Escritor (1925-2008)<\/span><\/a><\/h4>\n<h4 style=\"padding-left: 30px; text-align: right;\"><a href=\"\/funerariaferreira?page_id=770\"><span style=\"text-decoration: underline; color: #3366ff;\">Elias Resendes de Andr\u00e9, Padre (1926-1974)<\/span><\/a><\/h4>\n<h4 style=\"padding-left: 30px; text-align: right;\"><span style=\"text-decoration: underline;\"><a href=\"\/funerariaferreira?page_id=857\"><span style=\"text-align: justify; color: #3366ff; text-decoration: underline;\">Ernesto Canto da Maia, Escultor (1890-1981)<\/span><\/a><\/span><\/h4>\n<h4 style=\"padding-left: 30px; text-align: right;\"><a href=\"\/funerariaferreira?page_id=550\"><span style=\"text-decoration: underline; color: #3366ff;\">Eug\u00e9nio Rita, Padre (1915-1983)<\/span><\/a><\/h4>\n<h4 style=\"padding-left: 30px; text-align: right;\"><span style=\"text-decoration: underline;\"><span style=\"color: #3366ff; text-decoration: underline;\"><a href=\" http:\/\/www.funerariaferreira.pt\/fatima-sequeira-dias\/\"><span style=\"color: #3366ff; text-decoration: underline;\">F\u00e1tima Sequeira Dias, Professora (1958-2013)<\/span><\/a><\/span><\/span><\/h4>\n<h4 style=\"padding-left: 30px; text-align: right;\"><a href=\"\/funerariaferreira?page_id=1218\"><span style=\"text-decoration: underline;\"><span style=\"color: #3366ff; text-decoration: underline;\">Fernando Aires de Medeiros, Escritor (1928-2010)<\/span><\/span><\/a><\/h4>\n<h4 style=\"padding-left: 30px; text-align: right;\"><span style=\"color: #3366ff;\"><a href=\"\/funerariaferreira?page_id=924\"><span style=\"text-decoration: underline; color: #3366ff;\">Francisco Carreiro da Costa, Etn\u00f3grafo (1913-1981)<\/span><\/a><\/span><\/h4>\n<h4 style=\"padding-left: 30px; text-align: right;\"><a href=\"\/funerariaferreira?page_id=1002\"><span style=\"color: #3366ff; text-decoration: underline;\">Francisco Lu\u00eds Tavares,\u00a0Governador Civil\u00a0(1886-1968)<\/span><\/a><\/h4>\n<h4 style=\"padding-left: 30px; text-align: right;\"><a href=\"\/funerariaferreira?page_id=1133\"><span style=\"text-decoration: underline;\"><span style=\"color: #3366ff; text-decoration: underline;\">Gon\u00e7alo Lobo de Barros, Coronel (1887-1968)<\/span><\/span><\/a><\/h4>\n<h4 style=\"padding-left: 30px; text-align: right;\"><a href=\"\/funerariaferreira?page_id=622\"><span style=\"text-decoration: underline; color: #3366ff;\">Humberto de Bettencourt, Poeta (1875-1963)<\/span><\/a><\/h4>\n<h4 style=\"padding-left: 30px; text-align: right;\"><a href=\"\/funerariaferreira?page_id=382\"><span style=\"text-decoration: underline; color: #3366ff;\">Jacinto Fernandes Gil J\u00fanior, Visconde de Porto Formoso (1903-1983)<\/span><\/a><\/h4>\n<h4 style=\"padding-left: 30px; text-align: right;\"><a href=\"\/funerariaferreira?page_id=573\"><span style=\"color: #3366ff; text-decoration: underline;\">D. Jaime Garcia Goulart, Bispo de D\u00edli<\/span><span style=\"color: #3366ff; text-decoration: underline;\">\u00a0(1908-1997)<\/span><\/a><\/h4>\n<h4 style=\"padding-left: 30px; text-align: right;\"><a href=\"\/funerariaferreira?page_id=1112\"><span style=\"text-decoration: underline;\"><span style=\"color: #3366ff; text-decoration: underline;\">Jeremias da Costa, Professor (1880-1970)<\/span><\/span><\/a><\/h4>\n<h4 style=\"padding-left: 30px; text-align: right;\"><a href=\"\/funerariaferreira?page_id=896\"><span style=\"text-decoration: underline;\"><span style=\"color: #3366ff; text-decoration: underline;\">Jo\u00e3o Anglin, Professor (1894-1975)<\/span><\/span><\/a><\/h4>\n<h4 style=\"padding-left: 30px; text-align: right;\"><a href=\"\/funerariaferreira?page_id=542\"><span style=\"text-decoration: underline; color: #3366ff;\">Jo\u00e3o da Motta Amaral, Engenheiro (1917-2012)<\/span><\/a><\/h4>\n<h4 style=\"padding-left: 30px; text-align: right;\"><a href=\"\/funerariaferreira?page_id=1143\"><span style=\"color: #3366ff;\"><span style=\"text-decoration: underline;\">Jo\u00e3o Maur\u00edcio de Amaral Ferreira, Monsenhor (1914-1977)<\/span><\/span><\/a><\/h4>\n<h4 style=\"padding-left: 30px; text-align: right;\"><span style=\"text-decoration: underline;\"><span style=\"color: #3366ff; text-decoration: underline;\"><a href=\"\/funerariaferreira?page_id=239\"><span style=\"color: #3366ff; text-decoration: underline;\">Jo\u00e3o Moniz da Ponte J\u00fanior, Coronel (1891-1973)<\/span><\/a><\/span><\/span><\/h4>\n<h4 style=\"padding-left: 30px; text-align: right;\"><a href=\"\/funerariaferreira?page_id=1277\"><span style=\"text-decoration: underline;\"><span style=\"color: #3366ff; text-decoration: underline;\">Jo\u00e3o Taveira, Engenheiro (1940-2016)<\/span><\/span><\/a><\/h4>\n<h4 style=\"padding-left: 30px; text-align: right;\"><span style=\"color: #3366ff;\"><a href=\"\/funerariaferreira?page_id=795\"><span style=\"text-decoration: underline; color: #3366ff;\">Jos\u00e9 Baptista, Monsenhor (1917-1984)<\/span><\/a><\/span><\/h4>\n<h4 style=\"padding-left: 30px; text-align: right;\"><a href=\"\/funerariaferreira?page_id=558\"><span style=\"text-decoration: underline;\"><span style=\"color: #3366ff; text-decoration: underline;\">Jos\u00e9 de Almeida Pav\u00e3o J\u00fanior, Professor (1919-2003)<\/span><\/span><\/a><\/h4>\n<h4 style=\"padding-left: 30px; text-align: right;\"><a href=\"\/funerariaferreira?page_id=783\"><span style=\"text-decoration: underline; color: #3366ff;\">Jos\u00e9 Gomes, Monsenhor (1888-1974)<\/span><\/a><\/h4>\n<h4 style=\"padding-left: 30px; text-align: right;\"><a href=\"\/funerariaferreira?page_id=1223\"><span style=\"text-decoration: underline;\"><span style=\"color: #3366ff; text-decoration: underline;\">Jos\u00e9 Joaquim Rebelo, Padre (1900-1987)<\/span><\/span><\/a><\/h4>\n<h4 style=\"padding-left: 30px; text-align: right;\"><a href=\"\/funerariaferreira?page_id=1158\"><span style=\"text-decoration: underline;\"><span style=\"color: #3366ff; text-decoration: underline;\">Jos\u00e9 Leite Barbosa, Poeta (1893-1972)<\/span><\/span><\/a><\/h4>\n<h4 style=\"padding-left: 30px; text-align: right;\"><a href=\"\/funerariaferreira?page_id=1207\"><span style=\"text-decoration: underline;\"><span style=\"color: #3366ff; text-decoration: underline;\">Jos\u00e9 Ribeiro, Monsenhor (1929-2008)<\/span><\/span><\/a><\/h4>\n<h4 style=\"padding-left: 30px; text-align: right;\"><span style=\"text-decoration: underline; color: #3366ff;\"><a style=\"color: #3366ff; text-decoration: underline;\" href=\"\/funerariaferreira?page_id=968\">Manuel Amaral Mendon\u00e7a, Cinematogr\u00e1fico (1908-1966)<\/a><\/span><\/h4>\n<h4 style=\"padding-left: 30px; text-align: right;\"><a href=\"\/funerariaferreira?page_id=809\"><span style=\"text-decoration: underline; color: #3366ff;\">Manuel da Silva Carreiro, Jornalista (1905-1974)<\/span><\/a><\/h4>\n<h4 style=\"padding-left: 30px; text-align: right;\"><a href=\"\/funerariaferreira?page_id=942\"><span style=\"text-decoration: underline; color: #3366ff;\">D. Manuel de Medeiros Guerreiro, Bispo (1891-1978)<\/span><\/a><\/h4>\n<h4 style=\"padding-left: 30px; text-align: right;\"><span style=\"text-decoration: underline;\"><span style=\"color: #3366ff; text-decoration: underline;\"><a href=\"\/funerariaferreira?page_id=223\"><span style=\"color: #3366ff; text-decoration: underline;\">Manuel Ferreira, Escritor (1916-2012)<\/span><\/a><\/span><\/span><\/h4>\n<h4 style=\"padding-left: 30px; text-align: right;\"><span style=\"text-decoration: underline; color: #3366ff;\"><a href=\"\/funerariaferreira?page_id=850\"><span style=\"color: #3366ff; text-decoration: underline;\">Raul de Sousa Medeiros, Padre (1929-2005)<\/span><\/a><\/span><\/h4>\n<h4 style=\"padding-left: 30px; text-align: right;\"><span style=\"text-decoration: underline;\"><span style=\"color: #3366ff;\"><a href=\"\/funerariaferreira?page_id=988\"><span style=\"color: #3366ff; text-decoration: underline;\">Rebelo de Bettencourt, Jornalista (1894-1969)<\/span><\/a><\/span><\/span><\/h4>\n<h4 style=\"padding-left: 30px; text-align: right;\"><a href=\"\/funerariaferreira?page_id=960\"><span style=\"text-decoration: underline;\"><span style=\"color: #3366ff; text-decoration: underline;\">Rodrigo \u00c1lvares Pereira, Coronel (1891-1966)<\/span><\/span><\/a><\/h4>\n<h4 style=\"padding-left: 30px; text-align: right;\"><a href=\"\/funerariaferreira?page_id=667\"><span style=\"color: #3366ff; text-decoration: underline;\">Rolando de Sousa Lima, Engenheiro (1911-1984)<\/span><\/a><\/h4>\n<h4 style=\"padding-left: 30px; text-align: right;\"><a href=\"\/funerariaferreira?page_id=832\"><span style=\"text-decoration: underline; color: #3366ff;\">Te\u00f3filo Fraz\u00e3o, Maestro (1920-2005)<\/span><\/a><\/h4>\n<h4 style=\"padding-left: 30px; text-align: right;\"><a href=\"\/funerariaferreira?page_id=1128\"><span style=\"text-decoration: underline; color: #3366ff;\">Vasco Elias Bensa\u00fade, Empres\u00e1rio (1896-1967)<\/span><\/a><\/h4>\n\n","protected":false},"excerpt":{"rendered":"<p>At Ag\u00eancia Funer\u00e1ria Ferreira, we believe that memory is the bond that keeps us connected to those who shaped our past. Over the decades, we have had the honour and responsibility of organising the funeral ceremonies for numerous prominent figures who, through their vision, talent, and dedication, contributed indelibly to the development and prestige of [&hellip;]<\/p>\n","protected":false},"author":2,"featured_media":2933,"parent":0,"menu_order":0,"comment_status":"open","ping_status":"open","template":"","meta":{"_acf_changed":false,"footnotes":""},"class_list":["post-1653","page","type-page","status-publish","has-post-thumbnail","hentry"],"acf":[],"yoast_head":"<!-- This site is optimized with the Yoast SEO plugin v27.1.1 - https:\/\/yoast.com\/product\/yoast-seo-wordpress\/ -->\n<title>Memorial: Honouring the Legacy and History of the Azores - Agencia Funer\u00e1ria Ferreira - Ponta Delgada - S\u00e3o Miguel - A\u00e7ores<\/title>\n<meta name=\"description\" content=\"Over the years, we have organized the funeral ceremonies of various personalities who have contributed to the development and prestige of the Azores.\" \/>\n<meta name=\"robots\" content=\"index, follow, max-snippet:-1, max-image-preview:large, max-video-preview:-1\" \/>\n<link rel=\"canonical\" href=\"https:\/\/funerariaferreira.pt\/en\/memorial\/\" \/>\n<meta property=\"og:locale\" content=\"en_US\" \/>\n<meta property=\"og:type\" content=\"article\" \/>\n<meta property=\"og:title\" content=\"Memorial: Honouring the Legacy and History of the Azores - Agencia Funer\u00e1ria Ferreira - Ponta Delgada - S\u00e3o Miguel - A\u00e7ores\" \/>\n<meta property=\"og:description\" content=\"Over the years, we have organized the funeral ceremonies of various personalities who have contributed to the development and prestige of the Azores.\" \/>\n<meta property=\"og:url\" content=\"https:\/\/funerariaferreira.pt\/en\/memorial\/\" \/>\n<meta property=\"og:site_name\" content=\"Agencia Funer\u00e1ria Ferreira - Ponta Delgada - S\u00e3o Miguel - A\u00e7ores\" \/>\n<meta property=\"article:modified_time\" content=\"2026-01-24T20:12:21+00:00\" \/>\n<meta property=\"og:image\" content=\"https:\/\/funerariaferreira.pt\/wp-content\/uploads\/2013\/03\/flor_ferreira.jpg\" \/>\n\t<meta property=\"og:image:width\" content=\"960\" \/>\n\t<meta property=\"og:image:height\" content=\"100\" \/>\n\t<meta property=\"og:image:type\" content=\"image\/jpeg\" \/>\n<meta name=\"twitter:card\" content=\"summary_large_image\" \/>\n<meta name=\"twitter:label1\" content=\"Est. reading time\" \/>\n\t<meta name=\"twitter:data1\" content=\"3 minutes\" \/>\n<script type=\"application\/ld+json\" class=\"yoast-schema-graph\">{\"@context\":\"https:\/\/schema.org\",\"@graph\":[{\"@type\":\"WebPage\",\"@id\":\"https:\/\/funerariaferreira.pt\/en\/memorial\/\",\"url\":\"https:\/\/funerariaferreira.pt\/en\/memorial\/\",\"name\":\"Memorial: Honouring the Legacy and History of the Azores - Agencia Funer\u00e1ria Ferreira - Ponta Delgada - S\u00e3o Miguel - A\u00e7ores\",\"isPartOf\":{\"@id\":\"https:\/\/funerariaferreira.pt\/#website\"},\"primaryImageOfPage\":{\"@id\":\"https:\/\/funerariaferreira.pt\/en\/memorial\/#primaryimage\"},\"image\":{\"@id\":\"https:\/\/funerariaferreira.pt\/en\/memorial\/#primaryimage\"},\"thumbnailUrl\":\"https:\/\/funerariaferreira.pt\/wp-content\/uploads\/2013\/03\/flor_ferreira.jpg\",\"datePublished\":\"2013-04-02T15:26:56+00:00\",\"dateModified\":\"2026-01-24T20:12:21+00:00\",\"description\":\"Over the years, we have organized the funeral ceremonies of various personalities who have contributed to the development and prestige of the Azores.\",\"breadcrumb\":{\"@id\":\"https:\/\/funerariaferreira.pt\/en\/memorial\/#breadcrumb\"},\"inLanguage\":\"en-US\",\"potentialAction\":[{\"@type\":\"ReadAction\",\"target\":[\"https:\/\/funerariaferreira.pt\/en\/memorial\/\"]}]},{\"@type\":\"ImageObject\",\"inLanguage\":\"en-US\",\"@id\":\"https:\/\/funerariaferreira.pt\/en\/memorial\/#primaryimage\",\"url\":\"https:\/\/funerariaferreira.pt\/wp-content\/uploads\/2013\/03\/flor_ferreira.jpg\",\"contentUrl\":\"https:\/\/funerariaferreira.pt\/wp-content\/uploads\/2013\/03\/flor_ferreira.jpg\",\"width\":960,\"height\":100},{\"@type\":\"BreadcrumbList\",\"@id\":\"https:\/\/funerariaferreira.pt\/en\/memorial\/#breadcrumb\",\"itemListElement\":[{\"@type\":\"ListItem\",\"position\":1,\"name\":\"Home\",\"item\":\"https:\/\/funerariaferreira.pt\/\"},{\"@type\":\"ListItem\",\"position\":2,\"name\":\"Memorial: Honouring the Legacy and History of the Azores\"}]},{\"@type\":\"WebSite\",\"@id\":\"https:\/\/funerariaferreira.pt\/#website\",\"url\":\"https:\/\/funerariaferreira.pt\/\",\"name\":\"Agencia Funer\u00e1ria Ferreira - Ponta Delgada - S\u00e3o Miguel - A\u00e7ores\",\"description\":\"\",\"potentialAction\":[{\"@type\":\"SearchAction\",\"target\":{\"@type\":\"EntryPoint\",\"urlTemplate\":\"https:\/\/funerariaferreira.pt\/?s={search_term_string}\"},\"query-input\":{\"@type\":\"PropertyValueSpecification\",\"valueRequired\":true,\"valueName\":\"search_term_string\"}}],\"inLanguage\":\"en-US\"}]}<\/script>\n<!-- \/ Yoast SEO plugin. -->","yoast_head_json":{"title":"Memorial: Honouring the Legacy and History of the Azores - Agencia Funer\u00e1ria Ferreira - Ponta Delgada - S\u00e3o Miguel - A\u00e7ores","description":"Over the years, we have organized the funeral ceremonies of various personalities who have contributed to the development and prestige of the Azores.","robots":{"index":"index","follow":"follow","max-snippet":"max-snippet:-1","max-image-preview":"max-image-preview:large","max-video-preview":"max-video-preview:-1"},"canonical":"https:\/\/funerariaferreira.pt\/en\/memorial\/","og_locale":"en_US","og_type":"article","og_title":"Memorial: Honouring the Legacy and History of the Azores - Agencia Funer\u00e1ria Ferreira - Ponta Delgada - S\u00e3o Miguel - A\u00e7ores","og_description":"Over the years, we have organized the funeral ceremonies of various personalities who have contributed to the development and prestige of the Azores.","og_url":"https:\/\/funerariaferreira.pt\/en\/memorial\/","og_site_name":"Agencia Funer\u00e1ria Ferreira - Ponta Delgada - S\u00e3o Miguel - A\u00e7ores","article_modified_time":"2026-01-24T20:12:21+00:00","og_image":[{"width":960,"height":100,"url":"https:\/\/funerariaferreira.pt\/wp-content\/uploads\/2013\/03\/flor_ferreira.jpg","type":"image\/jpeg"}],"twitter_card":"summary_large_image","twitter_misc":{"Est. reading time":"3 minutes"},"schema":{"@context":"https:\/\/schema.org","@graph":[{"@type":"WebPage","@id":"https:\/\/funerariaferreira.pt\/en\/memorial\/","url":"https:\/\/funerariaferreira.pt\/en\/memorial\/","name":"Memorial: Honouring the Legacy and History of the Azores - Agencia Funer\u00e1ria Ferreira - Ponta Delgada - S\u00e3o Miguel - A\u00e7ores","isPartOf":{"@id":"https:\/\/funerariaferreira.pt\/#website"},"primaryImageOfPage":{"@id":"https:\/\/funerariaferreira.pt\/en\/memorial\/#primaryimage"},"image":{"@id":"https:\/\/funerariaferreira.pt\/en\/memorial\/#primaryimage"},"thumbnailUrl":"https:\/\/funerariaferreira.pt\/wp-content\/uploads\/2013\/03\/flor_ferreira.jpg","datePublished":"2013-04-02T15:26:56+00:00","dateModified":"2026-01-24T20:12:21+00:00","description":"Over the years, we have organized the funeral ceremonies of various personalities who have contributed to the development and prestige of the Azores.","breadcrumb":{"@id":"https:\/\/funerariaferreira.pt\/en\/memorial\/#breadcrumb"},"inLanguage":"en-US","potentialAction":[{"@type":"ReadAction","target":["https:\/\/funerariaferreira.pt\/en\/memorial\/"]}]},{"@type":"ImageObject","inLanguage":"en-US","@id":"https:\/\/funerariaferreira.pt\/en\/memorial\/#primaryimage","url":"https:\/\/funerariaferreira.pt\/wp-content\/uploads\/2013\/03\/flor_ferreira.jpg","contentUrl":"https:\/\/funerariaferreira.pt\/wp-content\/uploads\/2013\/03\/flor_ferreira.jpg","width":960,"height":100},{"@type":"BreadcrumbList","@id":"https:\/\/funerariaferreira.pt\/en\/memorial\/#breadcrumb","itemListElement":[{"@type":"ListItem","position":1,"name":"Home","item":"https:\/\/funerariaferreira.pt\/"},{"@type":"ListItem","position":2,"name":"Memorial: Honouring the Legacy and History of the Azores"}]},{"@type":"WebSite","@id":"https:\/\/funerariaferreira.pt\/#website","url":"https:\/\/funerariaferreira.pt\/","name":"Agencia Funer\u00e1ria Ferreira - Ponta Delgada - S\u00e3o Miguel - A\u00e7ores","description":"","potentialAction":[{"@type":"SearchAction","target":{"@type":"EntryPoint","urlTemplate":"https:\/\/funerariaferreira.pt\/?s={search_term_string}"},"query-input":{"@type":"PropertyValueSpecification","valueRequired":true,"valueName":"search_term_string"}}],"inLanguage":"en-US"}]}},"_links":{"self":[{"href":"https:\/\/funerariaferreira.pt\/en\/wp-json\/wp\/v2\/pages\/1653","targetHints":{"allow":["GET"]}}],"collection":[{"href":"https:\/\/funerariaferreira.pt\/en\/wp-json\/wp\/v2\/pages"}],"about":[{"href":"https:\/\/funerariaferreira.pt\/en\/wp-json\/wp\/v2\/types\/page"}],"author":[{"embeddable":true,"href":"https:\/\/funerariaferreira.pt\/en\/wp-json\/wp\/v2\/users\/2"}],"replies":[{"embeddable":true,"href":"https:\/\/funerariaferreira.pt\/en\/wp-json\/wp\/v2\/comments?post=1653"}],"version-history":[{"count":15,"href":"https:\/\/funerariaferreira.pt\/en\/wp-json\/wp\/v2\/pages\/1653\/revisions"}],"predecessor-version":[{"id":6107,"href":"https:\/\/funerariaferreira.pt\/en\/wp-json\/wp\/v2\/pages\/1653\/revisions\/6107"}],"wp:featuredmedia":[{"embeddable":true,"href":"https:\/\/funerariaferreira.pt\/en\/wp-json\/wp\/v2\/media\/2933"}],"wp:attachment":[{"href":"https:\/\/funerariaferreira.pt\/en\/wp-json\/wp\/v2\/media?parent=1653"}],"curies":[{"name":"wp","href":"https:\/\/api.w.org\/{rel}","templated":true}]}}