{"id":1660,"date":"2013-06-05T17:37:07","date_gmt":"2013-06-05T17:37:07","guid":{"rendered":"http:\/\/www.funerariaferreira.pt\/en\/jose-dias-de-melo\/"},"modified":"2026-01-23T17:13:36","modified_gmt":"2026-01-23T17:13:36","slug":"jose-dias-de-melo","status":"publish","type":"page","link":"https:\/\/funerariaferreira.pt\/en\/jose-dias-de-melo\/","title":{"rendered":"Dias de Melo"},"content":{"rendered":"<p><img loading=\"lazy\" decoding=\"async\" class=\"alignleft size-medium wp-image-5998\" src=\"https:\/\/funerariaferreira.pt\/wp-content\/uploads\/2026\/01\/dias-de-melo-v2-1536-x-2048-225x300.png\" alt=\"Remembering Jos\u00e9 Dias de Melo (1925\u20132008) | Funer\u00e1ria Ferreira\" width=\"225\" height=\"300\" srcset=\"https:\/\/funerariaferreira.pt\/wp-content\/uploads\/2026\/01\/dias-de-melo-v2-1536-x-2048-225x300.png 225w, https:\/\/funerariaferreira.pt\/wp-content\/uploads\/2026\/01\/dias-de-melo-v2-1536-x-2048-768x1024.png 768w, https:\/\/funerariaferreira.pt\/wp-content\/uploads\/2026\/01\/dias-de-melo-v2-1536-x-2048-1152x1536.png 1152w, https:\/\/funerariaferreira.pt\/wp-content\/uploads\/2026\/01\/dias-de-melo-v2-1536-x-2048.png 1536w\" sizes=\"auto, (max-width: 225px) 100vw, 225px\" \/><\/p>\n<p data-path-to-node=\"3\">Azorean writer Jos\u00e9 Dias de Melo passed away on 24th September 2008 at the Hospital Divino Esp\u00edrito Santo in Ponta Delgada, aged 83, marking the end of a literary career spanning nearly 50 years.<\/p>\n<p data-path-to-node=\"4\">Born in Calheta do Nesquim, on the island of Pico, on 8th April 1925, he was a profound expert on the themes of whaling and emigration. He pursued a career as a primary school teacher on the island of S\u00e3o Miguel; however, before the <i data-path-to-node=\"4\" data-index-in-node=\"235\">25 de Abril<\/i> revolution, he was persecuted by the <span style=\"color: #0000ff;\"><a style=\"color: #0000ff;\" href=\"https:\/\/pt.wikipedia.org\/wiki\/Pol%C3%ADcia_Internacional_e_de_Defesa_do_Estado\">PIDE<\/a><\/span> (political police) and was forced to leave the island, settling in Lisbon. In the capital, he collaborated with the newspapers <strong><i data-path-to-node=\"4\" data-index-in-node=\"416\">Di\u00e1rio de Not\u00edcias<\/i><\/strong> and <strong><i data-path-to-node=\"4\" data-index-in-node=\"439\">Di\u00e1rio de Lisboa<\/i><\/strong>, and socialised with esteemed figures such as <span style=\"color: #0000ff;\"><a style=\"color: #0000ff;\" href=\"https:\/\/pt.wikipedia.org\/wiki\/Ferreira_de_Castro\">Ferreira de Castro<\/a><\/span>, <span style=\"color: #0000ff;\"><a style=\"color: #0000ff;\" href=\"https:\/\/pt.wikipedia.org\/wiki\/Fernando_Namora\">Fernando Namora<\/a><\/span>, <span style=\"color: #0000ff;\"><a style=\"color: #0000ff;\" href=\"https:\/\/funerariaferreira.pt\/en\/armando-cortes-rodrigues\/\">Armando C\u00f4rtes-Rodrigues<\/a><\/span>, and <span style=\"color: #0000ff;\"><a style=\"color: #0000ff;\" href=\"https:\/\/pt.wikipedia.org\/wiki\/Fernando_Assis_Pacheco\">Fernando Assis Pacheco<\/a><\/span>. He returned to the Azores several years later, where he established his permanent residence.<\/p>\n<p data-path-to-node=\"5\">His literary journey began in the 1950s with the poetry collection <strong><i data-path-to-node=\"5\" data-index-in-node=\"67\">Toadas do Mar e da Terra<\/i><\/strong>, followed by other notable works, including <strong><i data-path-to-node=\"5\" data-index-in-node=\"135\">Mar Rubro<\/i><\/strong>, <strong><i data-path-to-node=\"5\" data-index-in-node=\"146\">Mar Pela Proa<\/i><\/strong>, and <strong><i data-path-to-node=\"5\" data-index-in-node=\"165\">Pedras Negras, <\/i><\/strong>the latter becoming a bestseller translated into both English and Japanese.<\/p>\n<p data-path-to-node=\"6\">Having personally experienced life as a whaler, Dias de Melo\u2019s work consistently reflected his affinity for the sea and emigration, particularly concerning his home island. His writing was defined by a deep empathy for socially vulnerable characters, victims of institutional power, insensitivity, and the uncontrollable forces of nature.<\/p>\n<p data-path-to-node=\"7\">In 1989, he was honoured by <span style=\"color: #0000ff;\">President M\u00e1rio Soares<\/span> as an <strong>Officer of the Order of Prince Henry<\/strong> (<i data-path-to-node=\"7\" data-index-in-node=\"95\">Ordem do Infante<\/i>). In 2008, the Regional Government awarded him the Autonomous Insignia of Recognition, and he was also an Honorary Citizen of the municipality of Lajes do Pico.<\/p>\n<p data-path-to-node=\"8\">As the writer <span style=\"color: #0000ff;\"><a style=\"color: #0000ff;\" href=\"https:\/\/pt.wikipedia.org\/wiki\/Daniel_de_S%C3%A1\">Daniel de S\u00e1<\/a><\/span> once remarked: <em>\u201cNone of Dias de Melo\u2019s whalers will ever be buried in the void of oblivion, for he guaranteed the permanence of the whaling life within the people&#8217;s memory.\u201d<\/em><\/p>\n<p data-path-to-node=\"8\">Dias de Melo was also regarded as a writer who \u201ctranscended time (&#8230;) distance, and remoteness, giving a universal meaning to the literature born of the islands.\u201d<\/p>\n<p data-path-to-node=\"9\">Following a funeral mass at the Chapel of S\u00e3o Joaquim, he was laid to rest at the S\u00e3o Joaquim Cemetery.<\/p>\n","protected":false},"excerpt":{"rendered":"<p>Azorean writer Jos\u00e9 Dias de Melo passed away on 24th September 2008 at the Hospital Divino Esp\u00edrito Santo in Ponta Delgada, aged 83, marking the end of a literary career spanning nearly 50 years. Born in Calheta do Nesquim, on the island of Pico, on 8th April 1925, he was a profound expert on the [&hellip;]<\/p>\n","protected":false},"author":2,"featured_media":0,"parent":0,"menu_order":0,"comment_status":"open","ping_status":"open","template":"","meta":{"_acf_changed":false,"footnotes":""},"class_list":["post-1660","page","type-page","status-publish","hentry"],"acf":[],"yoast_head":"<!-- This site is optimized with the Yoast SEO plugin v27.1.1 - https:\/\/yoast.com\/product\/yoast-seo-wordpress\/ -->\n<title>Dias de Melo - Agencia Funer\u00e1ria Ferreira - Ponta Delgada - S\u00e3o Miguel - A\u00e7ores<\/title>\n<meta name=\"robots\" content=\"index, follow, max-snippet:-1, max-image-preview:large, max-video-preview:-1\" \/>\n<link rel=\"canonical\" href=\"https:\/\/funerariaferreira.pt\/en\/jose-dias-de-melo\/\" \/>\n<meta property=\"og:locale\" content=\"en_US\" \/>\n<meta property=\"og:type\" content=\"article\" \/>\n<meta property=\"og:title\" content=\"Dias de Melo - Agencia Funer\u00e1ria Ferreira - Ponta Delgada - S\u00e3o Miguel - A\u00e7ores\" \/>\n<meta property=\"og:description\" content=\"Azorean writer Jos\u00e9 Dias de Melo passed away on 24th September 2008 at the Hospital Divino Esp\u00edrito Santo in Ponta Delgada, aged 83, marking the end of a literary career spanning nearly 50 years. Born in Calheta do Nesquim, on the island of Pico, on 8th April 1925, he was a profound expert on the [&hellip;]\" \/>\n<meta property=\"og:url\" content=\"https:\/\/funerariaferreira.pt\/en\/jose-dias-de-melo\/\" \/>\n<meta property=\"og:site_name\" content=\"Agencia Funer\u00e1ria Ferreira - Ponta Delgada - S\u00e3o Miguel - A\u00e7ores\" \/>\n<meta property=\"article:modified_time\" content=\"2026-01-23T17:13:36+00:00\" \/>\n<meta property=\"og:image\" content=\"https:\/\/funerariaferreira.pt\/wp-content\/uploads\/2026\/01\/dias-de-melo-v2-1536-x-2048-225x300.png\" \/>\n<meta name=\"twitter:card\" content=\"summary_large_image\" \/>\n<meta name=\"twitter:label1\" content=\"Est. reading time\" \/>\n\t<meta name=\"twitter:data1\" content=\"3 minutes\" \/>\n<script type=\"application\/ld+json\" class=\"yoast-schema-graph\">{\"@context\":\"https:\/\/schema.org\",\"@graph\":[{\"@type\":\"WebPage\",\"@id\":\"https:\/\/funerariaferreira.pt\/en\/jose-dias-de-melo\/\",\"url\":\"https:\/\/funerariaferreira.pt\/en\/jose-dias-de-melo\/\",\"name\":\"Dias de Melo - Agencia Funer\u00e1ria Ferreira - Ponta Delgada - S\u00e3o Miguel - A\u00e7ores\",\"isPartOf\":{\"@id\":\"https:\/\/funerariaferreira.pt\/#website\"},\"primaryImageOfPage\":{\"@id\":\"https:\/\/funerariaferreira.pt\/en\/jose-dias-de-melo\/#primaryimage\"},\"image\":{\"@id\":\"https:\/\/funerariaferreira.pt\/en\/jose-dias-de-melo\/#primaryimage\"},\"thumbnailUrl\":\"https:\/\/funerariaferreira.pt\/wp-content\/uploads\/2026\/01\/dias-de-melo-v2-1536-x-2048-225x300.png\",\"datePublished\":\"2013-06-05T17:37:07+00:00\",\"dateModified\":\"2026-01-23T17:13:36+00:00\",\"breadcrumb\":{\"@id\":\"https:\/\/funerariaferreira.pt\/en\/jose-dias-de-melo\/#breadcrumb\"},\"inLanguage\":\"en-US\",\"potentialAction\":[{\"@type\":\"ReadAction\",\"target\":[\"https:\/\/funerariaferreira.pt\/en\/jose-dias-de-melo\/\"]}]},{\"@type\":\"ImageObject\",\"inLanguage\":\"en-US\",\"@id\":\"https:\/\/funerariaferreira.pt\/en\/jose-dias-de-melo\/#primaryimage\",\"url\":\"https:\/\/funerariaferreira.pt\/wp-content\/uploads\/2026\/01\/dias-de-melo-v2-1536-x-2048-225x300.png\",\"contentUrl\":\"https:\/\/funerariaferreira.pt\/wp-content\/uploads\/2026\/01\/dias-de-melo-v2-1536-x-2048-225x300.png\"},{\"@type\":\"BreadcrumbList\",\"@id\":\"https:\/\/funerariaferreira.pt\/en\/jose-dias-de-melo\/#breadcrumb\",\"itemListElement\":[{\"@type\":\"ListItem\",\"position\":1,\"name\":\"Home\",\"item\":\"https:\/\/funerariaferreira.pt\/\"},{\"@type\":\"ListItem\",\"position\":2,\"name\":\"Dias de Melo\"}]},{\"@type\":\"WebSite\",\"@id\":\"https:\/\/funerariaferreira.pt\/#website\",\"url\":\"https:\/\/funerariaferreira.pt\/\",\"name\":\"Agencia Funer\u00e1ria Ferreira - Ponta Delgada - S\u00e3o Miguel - A\u00e7ores\",\"description\":\"\",\"potentialAction\":[{\"@type\":\"SearchAction\",\"target\":{\"@type\":\"EntryPoint\",\"urlTemplate\":\"https:\/\/funerariaferreira.pt\/?s={search_term_string}\"},\"query-input\":{\"@type\":\"PropertyValueSpecification\",\"valueRequired\":true,\"valueName\":\"search_term_string\"}}],\"inLanguage\":\"en-US\"}]}<\/script>\n<!-- \/ Yoast SEO plugin. -->","yoast_head_json":{"title":"Dias de Melo - Agencia Funer\u00e1ria Ferreira - Ponta Delgada - S\u00e3o Miguel - A\u00e7ores","robots":{"index":"index","follow":"follow","max-snippet":"max-snippet:-1","max-image-preview":"max-image-preview:large","max-video-preview":"max-video-preview:-1"},"canonical":"https:\/\/funerariaferreira.pt\/en\/jose-dias-de-melo\/","og_locale":"en_US","og_type":"article","og_title":"Dias de Melo - Agencia Funer\u00e1ria Ferreira - Ponta Delgada - S\u00e3o Miguel - A\u00e7ores","og_description":"Azorean writer Jos\u00e9 Dias de Melo passed away on 24th September 2008 at the Hospital Divino Esp\u00edrito Santo in Ponta Delgada, aged 83, marking the end of a literary career spanning nearly 50 years. Born in Calheta do Nesquim, on the island of Pico, on 8th April 1925, he was a profound expert on the [&hellip;]","og_url":"https:\/\/funerariaferreira.pt\/en\/jose-dias-de-melo\/","og_site_name":"Agencia Funer\u00e1ria Ferreira - Ponta Delgada - S\u00e3o Miguel - A\u00e7ores","article_modified_time":"2026-01-23T17:13:36+00:00","og_image":[{"url":"https:\/\/funerariaferreira.pt\/wp-content\/uploads\/2026\/01\/dias-de-melo-v2-1536-x-2048-225x300.png","type":"","width":"","height":""}],"twitter_card":"summary_large_image","twitter_misc":{"Est. reading time":"3 minutes"},"schema":{"@context":"https:\/\/schema.org","@graph":[{"@type":"WebPage","@id":"https:\/\/funerariaferreira.pt\/en\/jose-dias-de-melo\/","url":"https:\/\/funerariaferreira.pt\/en\/jose-dias-de-melo\/","name":"Dias de Melo - Agencia Funer\u00e1ria Ferreira - Ponta Delgada - S\u00e3o Miguel - A\u00e7ores","isPartOf":{"@id":"https:\/\/funerariaferreira.pt\/#website"},"primaryImageOfPage":{"@id":"https:\/\/funerariaferreira.pt\/en\/jose-dias-de-melo\/#primaryimage"},"image":{"@id":"https:\/\/funerariaferreira.pt\/en\/jose-dias-de-melo\/#primaryimage"},"thumbnailUrl":"https:\/\/funerariaferreira.pt\/wp-content\/uploads\/2026\/01\/dias-de-melo-v2-1536-x-2048-225x300.png","datePublished":"2013-06-05T17:37:07+00:00","dateModified":"2026-01-23T17:13:36+00:00","breadcrumb":{"@id":"https:\/\/funerariaferreira.pt\/en\/jose-dias-de-melo\/#breadcrumb"},"inLanguage":"en-US","potentialAction":[{"@type":"ReadAction","target":["https:\/\/funerariaferreira.pt\/en\/jose-dias-de-melo\/"]}]},{"@type":"ImageObject","inLanguage":"en-US","@id":"https:\/\/funerariaferreira.pt\/en\/jose-dias-de-melo\/#primaryimage","url":"https:\/\/funerariaferreira.pt\/wp-content\/uploads\/2026\/01\/dias-de-melo-v2-1536-x-2048-225x300.png","contentUrl":"https:\/\/funerariaferreira.pt\/wp-content\/uploads\/2026\/01\/dias-de-melo-v2-1536-x-2048-225x300.png"},{"@type":"BreadcrumbList","@id":"https:\/\/funerariaferreira.pt\/en\/jose-dias-de-melo\/#breadcrumb","itemListElement":[{"@type":"ListItem","position":1,"name":"Home","item":"https:\/\/funerariaferreira.pt\/"},{"@type":"ListItem","position":2,"name":"Dias de Melo"}]},{"@type":"WebSite","@id":"https:\/\/funerariaferreira.pt\/#website","url":"https:\/\/funerariaferreira.pt\/","name":"Agencia Funer\u00e1ria Ferreira - Ponta Delgada - S\u00e3o Miguel - A\u00e7ores","description":"","potentialAction":[{"@type":"SearchAction","target":{"@type":"EntryPoint","urlTemplate":"https:\/\/funerariaferreira.pt\/?s={search_term_string}"},"query-input":{"@type":"PropertyValueSpecification","valueRequired":true,"valueName":"search_term_string"}}],"inLanguage":"en-US"}]}},"_links":{"self":[{"href":"https:\/\/funerariaferreira.pt\/en\/wp-json\/wp\/v2\/pages\/1660","targetHints":{"allow":["GET"]}}],"collection":[{"href":"https:\/\/funerariaferreira.pt\/en\/wp-json\/wp\/v2\/pages"}],"about":[{"href":"https:\/\/funerariaferreira.pt\/en\/wp-json\/wp\/v2\/types\/page"}],"author":[{"embeddable":true,"href":"https:\/\/funerariaferreira.pt\/en\/wp-json\/wp\/v2\/users\/2"}],"replies":[{"embeddable":true,"href":"https:\/\/funerariaferreira.pt\/en\/wp-json\/wp\/v2\/comments?post=1660"}],"version-history":[{"count":4,"href":"https:\/\/funerariaferreira.pt\/en\/wp-json\/wp\/v2\/pages\/1660\/revisions"}],"predecessor-version":[{"id":6112,"href":"https:\/\/funerariaferreira.pt\/en\/wp-json\/wp\/v2\/pages\/1660\/revisions\/6112"}],"wp:attachment":[{"href":"https:\/\/funerariaferreira.pt\/en\/wp-json\/wp\/v2\/media?parent=1660"}],"curies":[{"name":"wp","href":"https:\/\/api.w.org\/{rel}","templated":true}]}}