{"id":1662,"date":"2013-04-04T22:18:21","date_gmt":"2013-04-04T22:18:21","guid":{"rendered":"http:\/\/www.funerariaferreira.pt\/en\/dom-aurelio-granada\/"},"modified":"2026-01-23T13:01:40","modified_gmt":"2026-01-23T13:01:40","slug":"dom-aurelio-granada","status":"publish","type":"page","link":"https:\/\/funerariaferreira.pt\/en\/dom-aurelio-granada\/","title":{"rendered":"Dom Aur\u00e9lio Granada Escudeiro"},"content":{"rendered":"<p style=\"text-align: justify;\"><span style=\"color: #333333;\"><img loading=\"lazy\" decoding=\"async\" class=\"alignleft size-medium wp-image-5911\" src=\"https:\/\/funerariaferreira.pt\/wp-content\/uploads\/2026\/01\/dom-aurelio-granada-escudeiro-v2-1536-x-2048-225x300.png\" alt=\"Dom Aur\u00e9lio Granada Escudeiro, Bispo de Angra\" width=\"225\" height=\"300\" srcset=\"https:\/\/funerariaferreira.pt\/wp-content\/uploads\/2026\/01\/dom-aurelio-granada-escudeiro-v2-1536-x-2048-225x300.png 225w, https:\/\/funerariaferreira.pt\/wp-content\/uploads\/2026\/01\/dom-aurelio-granada-escudeiro-v2-1536-x-2048-768x1024.png 768w, https:\/\/funerariaferreira.pt\/wp-content\/uploads\/2026\/01\/dom-aurelio-granada-escudeiro-v2-1536-x-2048-1152x1536.png 1152w, https:\/\/funerariaferreira.pt\/wp-content\/uploads\/2026\/01\/dom-aurelio-granada-escudeiro-v2-1536-x-2048.png 1536w\" sizes=\"auto, (max-width: 225px) 100vw, 225px\" \/><\/span><\/p>\n<p data-path-to-node=\"1\">His Most Reverend Excellency, Lord Dom Aur\u00e9lio Granada Escudeiro, the <strong>37th Bishop of Angra<\/strong> and honorary citizen of the city of Angra do Hero\u00edsmo, passed away in Ponta Delgada on 28 August 2012, at the age of 92.<\/p>\n<p data-path-to-node=\"2\">Born on 19 May 1920, in Alcains, he completed his studies at the Seminaries of Gavi\u00e3o, Alcains, and Olivais. Even before his ordination, he served as a teacher at the Gavi\u00e3o Seminary.<\/p>\n<p data-path-to-node=\"3\">He received the Holy Ordination of Priesthood on 17 January 1943, at the age of 22. He celebrated his first Mass in Alcains on 24 January 1943.<\/p>\n<p data-path-to-node=\"4\">Over 20 years, his work was multifaceted, serving as a parish priest in Gavi\u00e3o (1943-1944) and Ortiga, Ma\u00e7\u00e3o (1944-1948), as a teacher of Religion at the Liceu de Castelo Branco (1948-1952) and two other colleges, and, primarily, as a major driving force behind the work of Catholic Action.<\/p>\n<p data-path-to-node=\"5\">On 18 March 1974, at the age of 53, he was appointed Coadjutor Bishop of Angra, with the Title of Drusiliana, by His Holiness <span style=\"color: #0000ff;\"><a style=\"color: #0000ff;\" href=\"https:\/\/pt.wikipedia.org\/wiki\/Papa_Paulo_VI\">Pope Paul VI<\/a><\/span>. He received the Holy Episcopal Ordination as Bishop on 26 May 1974, at the age of 54, from the hands of <span style=\"color: #0000ff;\"><a style=\"color: #0000ff;\" href=\"https:\/\/pt.wikipedia.org\/wiki\/Ant%C3%B3nio_Ribeiro\">Dom Ant\u00f3nio Ribeiro<\/a><\/span>, Patriarch of Lisbon. On 30 June 1979, at the age of 59, he was appointed <strong>Bishop of Angra<\/strong>, taking office on 20 August 1979. The papal bull of appointment was issued by <span style=\"color: #0000ff;\"><a style=\"color: #0000ff;\" href=\"https:\/\/pt.wikipedia.org\/wiki\/Papa_Jo%C3%A3o_Paulo_II\">Pope John Paul II<\/a><\/span>. He resigned on 9 April 1996, at the age of 75.<\/p>\n<p data-path-to-node=\"6\">Dom Aur\u00e9lio Granada Escudeiro was a major promoter of the devotion to the Lord Holy Christ of Miracles (<i data-path-to-node=\"6\" data-index-in-node=\"104\">Senhor Santo Cristo dos Milagres<\/i>). To this end, he invited Bishops and Cardinals from various parts of the world to preside over the festivities in S\u00e3o Miguel. He also ordered the preparation for the introduction of the beatification process of the Venerable Mother Teresa d\u2019Anunciada, for which he obtained the &#8220;<span style=\"color: #0000ff;\"><a style=\"color: #0000ff;\" href=\"https:\/\/pt.wikipedia.org\/wiki\/Nihil_obstat\">nihil obstat<\/a><\/span>&#8221; from the Portuguese Episcopal Conference.<\/p>\n<p data-path-to-node=\"6\">He was a bishop who also gave special attention to the Pilgrims (<i data-path-to-node=\"6\" data-index-in-node=\"538\">Romeiros<\/i>). He was responsible for the visit of Pope John Paul II to the islands of Terceira and S\u00e3o Miguel in April 1991. The Prelate oversaw the entire reconstruction process following the earthquake of 1 January 1980, which struck the islands of Terceira, Graciosa, and S\u00e3o Jorge, requiring a massive effort to recover churches and other ecclesiastical assets. The Cathedral, which was severely damaged, was reopened for worship in 1985 in a ceremony presided over by the Cardinal Patriarch of Lisbon, <span style=\"color: #0000ff;\"><a style=\"color: #0000ff;\" href=\"https:\/\/pt.wikipedia.org\/wiki\/Ant%C3%B3nio_Ribeiro\">Dom Ant\u00f3nio Ribeiro.<\/a><\/span><\/p>\n<p data-path-to-node=\"7\">On 30 June 1996, Dom Aur\u00e9lio Escudeiro was succeeded in the Diocese of Angra by<span style=\"color: #0000ff;\"><a style=\"color: #0000ff;\" href=\"https:\/\/pt.wikipedia.org\/wiki\/Ant%C3%B3nio_de_Sousa_Braga\"> Dom Ant\u00f3nio de Sousa Braga<\/a><\/span>, after which he established his residence in Alcains.<\/p>\n<p data-path-to-node=\"8\">On 29 June 2009, he received the <strong>Municipal Medal of Merit<\/strong> from the Municipality of Ponta Delgada, the city where he eventually settled in May 2011.<\/p>\n<p data-path-to-node=\"9\">The body lay in state at the Church of S\u00e3o Jos\u00e9 in Ponta Delgada, with the funeral rites presided over by <strong><span style=\"color: #000000;\">Dom Augusto C\u00e9sar<\/span><\/strong>, Bishop Emeritus of Portalegre. His funeral was held on the island of Terceira, where ceremonies were presided over by <span style=\"color: #0000ff;\"><a style=\"color: #0000ff;\" href=\"https:\/\/pt.wikipedia.org\/wiki\/Ant%C3%B3nio_de_Sousa_Braga\">Dom Ant\u00f3nio Sousa Braga<\/a><\/span> at the Cathedral, followed by interment in the family vault at the Livramento Cemetery in Angra do Hero\u00edsmo.<\/p>\n","protected":false},"excerpt":{"rendered":"<p>His Most Reverend Excellency, Lord Dom Aur\u00e9lio Granada Escudeiro, the 37th Bishop of Angra and honorary citizen of the city of Angra do Hero\u00edsmo, passed away in Ponta Delgada on 28 August 2012, at the age of 92. Born on 19 May 1920, in Alcains, he completed his studies at the Seminaries of Gavi\u00e3o, Alcains, [&hellip;]<\/p>\n","protected":false},"author":2,"featured_media":0,"parent":0,"menu_order":0,"comment_status":"open","ping_status":"open","template":"","meta":{"_acf_changed":false,"footnotes":""},"class_list":["post-1662","page","type-page","status-publish","hentry"],"acf":[],"yoast_head":"<!-- This site is optimized with the Yoast SEO plugin v27.1.1 - https:\/\/yoast.com\/product\/yoast-seo-wordpress\/ -->\n<title>Dom Aur\u00e9lio Granada Escudeiro - Agencia Funer\u00e1ria Ferreira - Ponta Delgada - S\u00e3o Miguel - A\u00e7ores<\/title>\n<meta name=\"description\" content=\"Homenagem a D. Aur\u00e9lio Granada Escudeiro (1920-2012), 37.\u00ba Bispo de Angra. Arquiteto da reconstru\u00e7\u00e3o de 1980 e anfitri\u00e3o do Papa Jo\u00e3o Paulo II nos A\u00e7ores.\" \/>\n<meta name=\"robots\" content=\"index, follow, max-snippet:-1, max-image-preview:large, max-video-preview:-1\" \/>\n<link rel=\"canonical\" href=\"https:\/\/funerariaferreira.pt\/en\/dom-aurelio-granada\/\" \/>\n<meta property=\"og:locale\" content=\"en_US\" \/>\n<meta property=\"og:type\" content=\"article\" \/>\n<meta property=\"og:title\" content=\"Dom Aur\u00e9lio Granada Escudeiro - Agencia Funer\u00e1ria Ferreira - Ponta Delgada - S\u00e3o Miguel - A\u00e7ores\" \/>\n<meta property=\"og:description\" content=\"Homenagem a D. Aur\u00e9lio Granada Escudeiro (1920-2012), 37.\u00ba Bispo de Angra. Arquiteto da reconstru\u00e7\u00e3o de 1980 e anfitri\u00e3o do Papa Jo\u00e3o Paulo II nos A\u00e7ores.\" \/>\n<meta property=\"og:url\" content=\"https:\/\/funerariaferreira.pt\/en\/dom-aurelio-granada\/\" \/>\n<meta property=\"og:site_name\" content=\"Agencia Funer\u00e1ria Ferreira - Ponta Delgada - S\u00e3o Miguel - A\u00e7ores\" \/>\n<meta property=\"article:modified_time\" content=\"2026-01-23T13:01:40+00:00\" \/>\n<meta property=\"og:image\" content=\"https:\/\/funerariaferreira.pt\/wp-content\/uploads\/2026\/01\/dom-aurelio-granada-escudeiro-v2-1536-x-2048-225x300.png\" \/>\n<meta name=\"twitter:card\" content=\"summary_large_image\" \/>\n<meta name=\"twitter:label1\" content=\"Est. reading time\" \/>\n\t<meta name=\"twitter:data1\" content=\"4 minutes\" \/>\n<script type=\"application\/ld+json\" class=\"yoast-schema-graph\">{\"@context\":\"https:\/\/schema.org\",\"@graph\":[{\"@type\":\"WebPage\",\"@id\":\"https:\/\/funerariaferreira.pt\/en\/dom-aurelio-granada\/\",\"url\":\"https:\/\/funerariaferreira.pt\/en\/dom-aurelio-granada\/\",\"name\":\"Dom Aur\u00e9lio Granada Escudeiro - Agencia Funer\u00e1ria Ferreira - Ponta Delgada - S\u00e3o Miguel - A\u00e7ores\",\"isPartOf\":{\"@id\":\"https:\/\/funerariaferreira.pt\/#website\"},\"primaryImageOfPage\":{\"@id\":\"https:\/\/funerariaferreira.pt\/en\/dom-aurelio-granada\/#primaryimage\"},\"image\":{\"@id\":\"https:\/\/funerariaferreira.pt\/en\/dom-aurelio-granada\/#primaryimage\"},\"thumbnailUrl\":\"https:\/\/funerariaferreira.pt\/wp-content\/uploads\/2026\/01\/dom-aurelio-granada-escudeiro-v2-1536-x-2048-225x300.png\",\"datePublished\":\"2013-04-04T22:18:21+00:00\",\"dateModified\":\"2026-01-23T13:01:40+00:00\",\"description\":\"Homenagem a D. Aur\u00e9lio Granada Escudeiro (1920-2012), 37.\u00ba Bispo de Angra. Arquiteto da reconstru\u00e7\u00e3o de 1980 e anfitri\u00e3o do Papa Jo\u00e3o Paulo II nos A\u00e7ores.\",\"breadcrumb\":{\"@id\":\"https:\/\/funerariaferreira.pt\/en\/dom-aurelio-granada\/#breadcrumb\"},\"inLanguage\":\"en-US\",\"potentialAction\":[{\"@type\":\"ReadAction\",\"target\":[\"https:\/\/funerariaferreira.pt\/en\/dom-aurelio-granada\/\"]}]},{\"@type\":\"ImageObject\",\"inLanguage\":\"en-US\",\"@id\":\"https:\/\/funerariaferreira.pt\/en\/dom-aurelio-granada\/#primaryimage\",\"url\":\"https:\/\/funerariaferreira.pt\/wp-content\/uploads\/2026\/01\/dom-aurelio-granada-escudeiro-v2-1536-x-2048-225x300.png\",\"contentUrl\":\"https:\/\/funerariaferreira.pt\/wp-content\/uploads\/2026\/01\/dom-aurelio-granada-escudeiro-v2-1536-x-2048-225x300.png\"},{\"@type\":\"BreadcrumbList\",\"@id\":\"https:\/\/funerariaferreira.pt\/en\/dom-aurelio-granada\/#breadcrumb\",\"itemListElement\":[{\"@type\":\"ListItem\",\"position\":1,\"name\":\"Home\",\"item\":\"https:\/\/funerariaferreira.pt\/\"},{\"@type\":\"ListItem\",\"position\":2,\"name\":\"Dom Aur\u00e9lio Granada Escudeiro\"}]},{\"@type\":\"WebSite\",\"@id\":\"https:\/\/funerariaferreira.pt\/#website\",\"url\":\"https:\/\/funerariaferreira.pt\/\",\"name\":\"Agencia Funer\u00e1ria Ferreira - Ponta Delgada - S\u00e3o Miguel - A\u00e7ores\",\"description\":\"\",\"potentialAction\":[{\"@type\":\"SearchAction\",\"target\":{\"@type\":\"EntryPoint\",\"urlTemplate\":\"https:\/\/funerariaferreira.pt\/?s={search_term_string}\"},\"query-input\":{\"@type\":\"PropertyValueSpecification\",\"valueRequired\":true,\"valueName\":\"search_term_string\"}}],\"inLanguage\":\"en-US\"}]}<\/script>\n<!-- \/ Yoast SEO plugin. -->","yoast_head_json":{"title":"Dom Aur\u00e9lio Granada Escudeiro - Agencia Funer\u00e1ria Ferreira - Ponta Delgada - S\u00e3o Miguel - A\u00e7ores","description":"Homenagem a D. Aur\u00e9lio Granada Escudeiro (1920-2012), 37.\u00ba Bispo de Angra. Arquiteto da reconstru\u00e7\u00e3o de 1980 e anfitri\u00e3o do Papa Jo\u00e3o Paulo II nos A\u00e7ores.","robots":{"index":"index","follow":"follow","max-snippet":"max-snippet:-1","max-image-preview":"max-image-preview:large","max-video-preview":"max-video-preview:-1"},"canonical":"https:\/\/funerariaferreira.pt\/en\/dom-aurelio-granada\/","og_locale":"en_US","og_type":"article","og_title":"Dom Aur\u00e9lio Granada Escudeiro - Agencia Funer\u00e1ria Ferreira - Ponta Delgada - S\u00e3o Miguel - A\u00e7ores","og_description":"Homenagem a D. Aur\u00e9lio Granada Escudeiro (1920-2012), 37.\u00ba Bispo de Angra. Arquiteto da reconstru\u00e7\u00e3o de 1980 e anfitri\u00e3o do Papa Jo\u00e3o Paulo II nos A\u00e7ores.","og_url":"https:\/\/funerariaferreira.pt\/en\/dom-aurelio-granada\/","og_site_name":"Agencia Funer\u00e1ria Ferreira - Ponta Delgada - S\u00e3o Miguel - A\u00e7ores","article_modified_time":"2026-01-23T13:01:40+00:00","og_image":[{"url":"https:\/\/funerariaferreira.pt\/wp-content\/uploads\/2026\/01\/dom-aurelio-granada-escudeiro-v2-1536-x-2048-225x300.png","type":"","width":"","height":""}],"twitter_card":"summary_large_image","twitter_misc":{"Est. reading time":"4 minutes"},"schema":{"@context":"https:\/\/schema.org","@graph":[{"@type":"WebPage","@id":"https:\/\/funerariaferreira.pt\/en\/dom-aurelio-granada\/","url":"https:\/\/funerariaferreira.pt\/en\/dom-aurelio-granada\/","name":"Dom Aur\u00e9lio Granada Escudeiro - Agencia Funer\u00e1ria Ferreira - Ponta Delgada - S\u00e3o Miguel - A\u00e7ores","isPartOf":{"@id":"https:\/\/funerariaferreira.pt\/#website"},"primaryImageOfPage":{"@id":"https:\/\/funerariaferreira.pt\/en\/dom-aurelio-granada\/#primaryimage"},"image":{"@id":"https:\/\/funerariaferreira.pt\/en\/dom-aurelio-granada\/#primaryimage"},"thumbnailUrl":"https:\/\/funerariaferreira.pt\/wp-content\/uploads\/2026\/01\/dom-aurelio-granada-escudeiro-v2-1536-x-2048-225x300.png","datePublished":"2013-04-04T22:18:21+00:00","dateModified":"2026-01-23T13:01:40+00:00","description":"Homenagem a D. Aur\u00e9lio Granada Escudeiro (1920-2012), 37.\u00ba Bispo de Angra. Arquiteto da reconstru\u00e7\u00e3o de 1980 e anfitri\u00e3o do Papa Jo\u00e3o Paulo II nos A\u00e7ores.","breadcrumb":{"@id":"https:\/\/funerariaferreira.pt\/en\/dom-aurelio-granada\/#breadcrumb"},"inLanguage":"en-US","potentialAction":[{"@type":"ReadAction","target":["https:\/\/funerariaferreira.pt\/en\/dom-aurelio-granada\/"]}]},{"@type":"ImageObject","inLanguage":"en-US","@id":"https:\/\/funerariaferreira.pt\/en\/dom-aurelio-granada\/#primaryimage","url":"https:\/\/funerariaferreira.pt\/wp-content\/uploads\/2026\/01\/dom-aurelio-granada-escudeiro-v2-1536-x-2048-225x300.png","contentUrl":"https:\/\/funerariaferreira.pt\/wp-content\/uploads\/2026\/01\/dom-aurelio-granada-escudeiro-v2-1536-x-2048-225x300.png"},{"@type":"BreadcrumbList","@id":"https:\/\/funerariaferreira.pt\/en\/dom-aurelio-granada\/#breadcrumb","itemListElement":[{"@type":"ListItem","position":1,"name":"Home","item":"https:\/\/funerariaferreira.pt\/"},{"@type":"ListItem","position":2,"name":"Dom Aur\u00e9lio Granada Escudeiro"}]},{"@type":"WebSite","@id":"https:\/\/funerariaferreira.pt\/#website","url":"https:\/\/funerariaferreira.pt\/","name":"Agencia Funer\u00e1ria Ferreira - Ponta Delgada - S\u00e3o Miguel - A\u00e7ores","description":"","potentialAction":[{"@type":"SearchAction","target":{"@type":"EntryPoint","urlTemplate":"https:\/\/funerariaferreira.pt\/?s={search_term_string}"},"query-input":{"@type":"PropertyValueSpecification","valueRequired":true,"valueName":"search_term_string"}}],"inLanguage":"en-US"}]}},"_links":{"self":[{"href":"https:\/\/funerariaferreira.pt\/en\/wp-json\/wp\/v2\/pages\/1662","targetHints":{"allow":["GET"]}}],"collection":[{"href":"https:\/\/funerariaferreira.pt\/en\/wp-json\/wp\/v2\/pages"}],"about":[{"href":"https:\/\/funerariaferreira.pt\/en\/wp-json\/wp\/v2\/types\/page"}],"author":[{"embeddable":true,"href":"https:\/\/funerariaferreira.pt\/en\/wp-json\/wp\/v2\/users\/2"}],"replies":[{"embeddable":true,"href":"https:\/\/funerariaferreira.pt\/en\/wp-json\/wp\/v2\/comments?post=1662"}],"version-history":[{"count":5,"href":"https:\/\/funerariaferreira.pt\/en\/wp-json\/wp\/v2\/pages\/1662\/revisions"}],"predecessor-version":[{"id":6073,"href":"https:\/\/funerariaferreira.pt\/en\/wp-json\/wp\/v2\/pages\/1662\/revisions\/6073"}],"wp:attachment":[{"href":"https:\/\/funerariaferreira.pt\/en\/wp-json\/wp\/v2\/media?parent=1662"}],"curies":[{"name":"wp","href":"https:\/\/api.w.org\/{rel}","templated":true}]}}