{"id":1664,"date":"2013-04-04T22:31:38","date_gmt":"2013-04-04T22:31:38","guid":{"rendered":"http:\/\/www.funerariaferreira.pt\/en\/conde-da-silva\/"},"modified":"2026-01-23T15:44:48","modified_gmt":"2026-01-23T15:44:48","slug":"conde-da-silva","status":"publish","type":"page","link":"https:\/\/funerariaferreira.pt\/en\/conde-da-silva\/","title":{"rendered":"Dom Carlos de Melo Manuel da C\u00e2mara Gomes, 5\u00ba Conde da Silv\u00e3"},"content":{"rendered":"<p><img loading=\"lazy\" decoding=\"async\" class=\"alignleft size-medium wp-image-6086\" src=\"https:\/\/funerariaferreira.pt\/wp-content\/uploads\/2026\/01\/dom-carlos-de-melo-manuel-da-camara-gomes-1536-x-2048-225x300.png\" alt=\"Conde da Silva | Premier Funeral Services in Ponta Delgada\" width=\"225\" height=\"300\" srcset=\"https:\/\/funerariaferreira.pt\/wp-content\/uploads\/2026\/01\/dom-carlos-de-melo-manuel-da-camara-gomes-1536-x-2048-225x300.png 225w, https:\/\/funerariaferreira.pt\/wp-content\/uploads\/2026\/01\/dom-carlos-de-melo-manuel-da-camara-gomes-1536-x-2048-768x1024.png 768w, https:\/\/funerariaferreira.pt\/wp-content\/uploads\/2026\/01\/dom-carlos-de-melo-manuel-da-camara-gomes-1536-x-2048-1152x1536.png 1152w, https:\/\/funerariaferreira.pt\/wp-content\/uploads\/2026\/01\/dom-carlos-de-melo-manuel-da-camara-gomes-1536-x-2048.png 1536w\" sizes=\"auto, (max-width: 225px) 100vw, 225px\" \/>D. Carlos de Melo Manuel da C\u00e2mara Gomes, widower of Maria da Paz Albarran, passed away suddenly on 30 March 1973, aged 86, at his residence in Ponta Delgada. He was born on 9 February 1887 in Ponta Delgada. He held the noble title of <strong>Count of Silv\u00e3<\/strong>, a title he began using with the authorisation of <span style=\"color: #0000ff;\"><a style=\"color: #0000ff;\" href=\"https:\/\/pt.wikipedia.org\/wiki\/Manuel_II_de_Portugal\">King Manuel II<\/a><\/span> in 1924, which was later confirmed by the Council of Nobility in 1957. He attended the University of Coimbra, where he graduated in Law, distinguishing himself as an influential figure within the social and political context of S\u00e3o Miguel. During the early years of the Republic, he participated in the monarchist incursions led by <span style=\"color: #0000ff;\"><a style=\"color: #0000ff;\" href=\"https:\/\/pt.wikipedia.org\/wiki\/Paiva_Couceiro\">Paiva Couceiro<\/a><\/span> in Northern Portugal. Following their defeat, he was exiled to Galicia and London, subsequently returning to S\u00e3o Miguel after his period of exile. An illustrious figure of San Miguelian society, he held significant positions in local and regional administration. He served as a Member of the Administrative Commission of the General Board of the District of Ponta Delgada and as <strong>Mayor of Ponta Delgada<\/strong> in 1939. In the business and financial sectors, he held directorships at the Companhia de Seguros A\u00e7oreana and Mutualista A\u00e7oreana. His funeral took place at the S\u00e3o Joaquim Municipal Cemetery, following a Requiem Mass at the Chapel of Nossa Senhora das Dores, in Ponta Delgada.<\/p>\n","protected":false},"excerpt":{"rendered":"<p>D. Carlos de Melo Manuel da C\u00e2mara Gomes, widower of Maria da Paz Albarran, passed away suddenly on 30 March 1973, aged 86, at his residence in Ponta Delgada. He was born on 9 February 1887 in Ponta Delgada. He held the noble title of Count of Silv\u00e3, a title he began using with the [&hellip;]<\/p>\n","protected":false},"author":2,"featured_media":0,"parent":0,"menu_order":0,"comment_status":"open","ping_status":"open","template":"","meta":{"_acf_changed":false,"footnotes":""},"class_list":["post-1664","page","type-page","status-publish","hentry"],"acf":[],"yoast_head":"<!-- This site is optimized with the Yoast SEO plugin v27.1.1 - https:\/\/yoast.com\/product\/yoast-seo-wordpress\/ -->\n<title>Dom Carlos de Melo Manuel da C\u00e2mara Gomes, 5\u00ba Conde da Silv\u00e3 - Agencia Funer\u00e1ria Ferreira - Ponta Delgada - S\u00e3o Miguel - A\u00e7ores<\/title>\n<meta name=\"description\" content=\"Honouring D. Carlos de Melo Manuel da C\u00e2mara Gomes, 5th Count of Silv\u00e3. A tribute to the former Mayor of Ponta Delgada and distinguished figure of Azorean society.\" \/>\n<meta name=\"robots\" content=\"index, follow, max-snippet:-1, max-image-preview:large, max-video-preview:-1\" \/>\n<link rel=\"canonical\" href=\"https:\/\/funerariaferreira.pt\/en\/conde-da-silva\/\" \/>\n<meta property=\"og:locale\" content=\"en_US\" \/>\n<meta property=\"og:type\" content=\"article\" \/>\n<meta property=\"og:title\" content=\"Dom Carlos de Melo Manuel da C\u00e2mara Gomes, 5\u00ba Conde da Silv\u00e3 - Agencia Funer\u00e1ria Ferreira - Ponta Delgada - S\u00e3o Miguel - A\u00e7ores\" \/>\n<meta property=\"og:description\" content=\"Honouring D. Carlos de Melo Manuel da C\u00e2mara Gomes, 5th Count of Silv\u00e3. A tribute to the former Mayor of Ponta Delgada and distinguished figure of Azorean society.\" \/>\n<meta property=\"og:url\" content=\"https:\/\/funerariaferreira.pt\/en\/conde-da-silva\/\" \/>\n<meta property=\"og:site_name\" content=\"Agencia Funer\u00e1ria Ferreira - Ponta Delgada - S\u00e3o Miguel - A\u00e7ores\" \/>\n<meta property=\"article:modified_time\" content=\"2026-01-23T15:44:48+00:00\" \/>\n<meta property=\"og:image\" content=\"https:\/\/funerariaferreira.pt\/wp-content\/uploads\/2026\/01\/dom-carlos-de-melo-manuel-da-camara-gomes-1536-x-2048-225x300.png\" \/>\n<meta name=\"twitter:card\" content=\"summary_large_image\" \/>\n<meta name=\"twitter:label1\" content=\"Est. reading time\" \/>\n\t<meta name=\"twitter:data1\" content=\"2 minutes\" \/>\n<script type=\"application\/ld+json\" class=\"yoast-schema-graph\">{\"@context\":\"https:\/\/schema.org\",\"@graph\":[{\"@type\":\"WebPage\",\"@id\":\"https:\/\/funerariaferreira.pt\/en\/conde-da-silva\/\",\"url\":\"https:\/\/funerariaferreira.pt\/en\/conde-da-silva\/\",\"name\":\"Dom Carlos de Melo Manuel da C\u00e2mara Gomes, 5\u00ba Conde da Silv\u00e3 - Agencia Funer\u00e1ria Ferreira - Ponta Delgada - S\u00e3o Miguel - A\u00e7ores\",\"isPartOf\":{\"@id\":\"https:\/\/funerariaferreira.pt\/#website\"},\"primaryImageOfPage\":{\"@id\":\"https:\/\/funerariaferreira.pt\/en\/conde-da-silva\/#primaryimage\"},\"image\":{\"@id\":\"https:\/\/funerariaferreira.pt\/en\/conde-da-silva\/#primaryimage\"},\"thumbnailUrl\":\"https:\/\/funerariaferreira.pt\/wp-content\/uploads\/2026\/01\/dom-carlos-de-melo-manuel-da-camara-gomes-1536-x-2048-225x300.png\",\"datePublished\":\"2013-04-04T22:31:38+00:00\",\"dateModified\":\"2026-01-23T15:44:48+00:00\",\"description\":\"Honouring D. Carlos de Melo Manuel da C\u00e2mara Gomes, 5th Count of Silv\u00e3. A tribute to the former Mayor of Ponta Delgada and distinguished figure of Azorean society.\",\"breadcrumb\":{\"@id\":\"https:\/\/funerariaferreira.pt\/en\/conde-da-silva\/#breadcrumb\"},\"inLanguage\":\"en-US\",\"potentialAction\":[{\"@type\":\"ReadAction\",\"target\":[\"https:\/\/funerariaferreira.pt\/en\/conde-da-silva\/\"]}]},{\"@type\":\"ImageObject\",\"inLanguage\":\"en-US\",\"@id\":\"https:\/\/funerariaferreira.pt\/en\/conde-da-silva\/#primaryimage\",\"url\":\"https:\/\/funerariaferreira.pt\/wp-content\/uploads\/2026\/01\/dom-carlos-de-melo-manuel-da-camara-gomes-1536-x-2048-225x300.png\",\"contentUrl\":\"https:\/\/funerariaferreira.pt\/wp-content\/uploads\/2026\/01\/dom-carlos-de-melo-manuel-da-camara-gomes-1536-x-2048-225x300.png\"},{\"@type\":\"BreadcrumbList\",\"@id\":\"https:\/\/funerariaferreira.pt\/en\/conde-da-silva\/#breadcrumb\",\"itemListElement\":[{\"@type\":\"ListItem\",\"position\":1,\"name\":\"Home\",\"item\":\"https:\/\/funerariaferreira.pt\/\"},{\"@type\":\"ListItem\",\"position\":2,\"name\":\"Dom Carlos de Melo Manuel da C\u00e2mara Gomes, 5\u00ba Conde da Silv\u00e3\"}]},{\"@type\":\"WebSite\",\"@id\":\"https:\/\/funerariaferreira.pt\/#website\",\"url\":\"https:\/\/funerariaferreira.pt\/\",\"name\":\"Agencia Funer\u00e1ria Ferreira - Ponta Delgada - S\u00e3o Miguel - A\u00e7ores\",\"description\":\"\",\"potentialAction\":[{\"@type\":\"SearchAction\",\"target\":{\"@type\":\"EntryPoint\",\"urlTemplate\":\"https:\/\/funerariaferreira.pt\/?s={search_term_string}\"},\"query-input\":{\"@type\":\"PropertyValueSpecification\",\"valueRequired\":true,\"valueName\":\"search_term_string\"}}],\"inLanguage\":\"en-US\"}]}<\/script>\n<!-- \/ Yoast SEO plugin. -->","yoast_head_json":{"title":"Dom Carlos de Melo Manuel da C\u00e2mara Gomes, 5\u00ba Conde da Silv\u00e3 - Agencia Funer\u00e1ria Ferreira - Ponta Delgada - S\u00e3o Miguel - A\u00e7ores","description":"Honouring D. Carlos de Melo Manuel da C\u00e2mara Gomes, 5th Count of Silv\u00e3. A tribute to the former Mayor of Ponta Delgada and distinguished figure of Azorean society.","robots":{"index":"index","follow":"follow","max-snippet":"max-snippet:-1","max-image-preview":"max-image-preview:large","max-video-preview":"max-video-preview:-1"},"canonical":"https:\/\/funerariaferreira.pt\/en\/conde-da-silva\/","og_locale":"en_US","og_type":"article","og_title":"Dom Carlos de Melo Manuel da C\u00e2mara Gomes, 5\u00ba Conde da Silv\u00e3 - Agencia Funer\u00e1ria Ferreira - Ponta Delgada - S\u00e3o Miguel - A\u00e7ores","og_description":"Honouring D. Carlos de Melo Manuel da C\u00e2mara Gomes, 5th Count of Silv\u00e3. A tribute to the former Mayor of Ponta Delgada and distinguished figure of Azorean society.","og_url":"https:\/\/funerariaferreira.pt\/en\/conde-da-silva\/","og_site_name":"Agencia Funer\u00e1ria Ferreira - Ponta Delgada - S\u00e3o Miguel - A\u00e7ores","article_modified_time":"2026-01-23T15:44:48+00:00","og_image":[{"url":"https:\/\/funerariaferreira.pt\/wp-content\/uploads\/2026\/01\/dom-carlos-de-melo-manuel-da-camara-gomes-1536-x-2048-225x300.png","type":"","width":"","height":""}],"twitter_card":"summary_large_image","twitter_misc":{"Est. reading time":"2 minutes"},"schema":{"@context":"https:\/\/schema.org","@graph":[{"@type":"WebPage","@id":"https:\/\/funerariaferreira.pt\/en\/conde-da-silva\/","url":"https:\/\/funerariaferreira.pt\/en\/conde-da-silva\/","name":"Dom Carlos de Melo Manuel da C\u00e2mara Gomes, 5\u00ba Conde da Silv\u00e3 - Agencia Funer\u00e1ria Ferreira - Ponta Delgada - S\u00e3o Miguel - A\u00e7ores","isPartOf":{"@id":"https:\/\/funerariaferreira.pt\/#website"},"primaryImageOfPage":{"@id":"https:\/\/funerariaferreira.pt\/en\/conde-da-silva\/#primaryimage"},"image":{"@id":"https:\/\/funerariaferreira.pt\/en\/conde-da-silva\/#primaryimage"},"thumbnailUrl":"https:\/\/funerariaferreira.pt\/wp-content\/uploads\/2026\/01\/dom-carlos-de-melo-manuel-da-camara-gomes-1536-x-2048-225x300.png","datePublished":"2013-04-04T22:31:38+00:00","dateModified":"2026-01-23T15:44:48+00:00","description":"Honouring D. Carlos de Melo Manuel da C\u00e2mara Gomes, 5th Count of Silv\u00e3. A tribute to the former Mayor of Ponta Delgada and distinguished figure of Azorean society.","breadcrumb":{"@id":"https:\/\/funerariaferreira.pt\/en\/conde-da-silva\/#breadcrumb"},"inLanguage":"en-US","potentialAction":[{"@type":"ReadAction","target":["https:\/\/funerariaferreira.pt\/en\/conde-da-silva\/"]}]},{"@type":"ImageObject","inLanguage":"en-US","@id":"https:\/\/funerariaferreira.pt\/en\/conde-da-silva\/#primaryimage","url":"https:\/\/funerariaferreira.pt\/wp-content\/uploads\/2026\/01\/dom-carlos-de-melo-manuel-da-camara-gomes-1536-x-2048-225x300.png","contentUrl":"https:\/\/funerariaferreira.pt\/wp-content\/uploads\/2026\/01\/dom-carlos-de-melo-manuel-da-camara-gomes-1536-x-2048-225x300.png"},{"@type":"BreadcrumbList","@id":"https:\/\/funerariaferreira.pt\/en\/conde-da-silva\/#breadcrumb","itemListElement":[{"@type":"ListItem","position":1,"name":"Home","item":"https:\/\/funerariaferreira.pt\/"},{"@type":"ListItem","position":2,"name":"Dom Carlos de Melo Manuel da C\u00e2mara Gomes, 5\u00ba Conde da Silv\u00e3"}]},{"@type":"WebSite","@id":"https:\/\/funerariaferreira.pt\/#website","url":"https:\/\/funerariaferreira.pt\/","name":"Agencia Funer\u00e1ria Ferreira - Ponta Delgada - S\u00e3o Miguel - A\u00e7ores","description":"","potentialAction":[{"@type":"SearchAction","target":{"@type":"EntryPoint","urlTemplate":"https:\/\/funerariaferreira.pt\/?s={search_term_string}"},"query-input":{"@type":"PropertyValueSpecification","valueRequired":true,"valueName":"search_term_string"}}],"inLanguage":"en-US"}]}},"_links":{"self":[{"href":"https:\/\/funerariaferreira.pt\/en\/wp-json\/wp\/v2\/pages\/1664","targetHints":{"allow":["GET"]}}],"collection":[{"href":"https:\/\/funerariaferreira.pt\/en\/wp-json\/wp\/v2\/pages"}],"about":[{"href":"https:\/\/funerariaferreira.pt\/en\/wp-json\/wp\/v2\/types\/page"}],"author":[{"embeddable":true,"href":"https:\/\/funerariaferreira.pt\/en\/wp-json\/wp\/v2\/users\/2"}],"replies":[{"embeddable":true,"href":"https:\/\/funerariaferreira.pt\/en\/wp-json\/wp\/v2\/comments?post=1664"}],"version-history":[{"count":2,"href":"https:\/\/funerariaferreira.pt\/en\/wp-json\/wp\/v2\/pages\/1664\/revisions"}],"predecessor-version":[{"id":6088,"href":"https:\/\/funerariaferreira.pt\/en\/wp-json\/wp\/v2\/pages\/1664\/revisions\/6088"}],"wp:attachment":[{"href":"https:\/\/funerariaferreira.pt\/en\/wp-json\/wp\/v2\/media?parent=1664"}],"curies":[{"name":"wp","href":"https:\/\/api.w.org\/{rel}","templated":true}]}}