{"id":1666,"date":"2013-10-05T19:51:22","date_gmt":"2013-10-05T19:51:22","guid":{"rendered":"http:\/\/www.funerariaferreira.pt\/en\/dom-jaime-garcia-goulart-bispo-de-dili\/"},"modified":"2026-02-21T12:55:26","modified_gmt":"2026-02-21T12:55:26","slug":"dom-jaime-garcia-goulart-bispo-de-dili","status":"publish","type":"page","link":"https:\/\/funerariaferreira.pt\/en\/dom-jaime-garcia-goulart-bispo-de-dili\/","title":{"rendered":"Dom Jaime Garcia Goulart, Bishop of Dili"},"content":{"rendered":"<p style=\"text-align: justify;\"><img loading=\"lazy\" decoding=\"async\" class=\"alignleft size-medium wp-image-6311\" src=\"https:\/\/funerariaferreira.pt\/wp-content\/uploads\/2026\/02\/chatgpt-image-21-de-fev-de-2026-11-36-25-200x300.png\" alt=\"Dom Jaime Garcia Goulart, Bishop of Dili\" width=\"200\" height=\"300\" srcset=\"https:\/\/funerariaferreira.pt\/wp-content\/uploads\/2026\/02\/chatgpt-image-21-de-fev-de-2026-11-36-25-200x300.png 200w, https:\/\/funerariaferreira.pt\/wp-content\/uploads\/2026\/02\/chatgpt-image-21-de-fev-de-2026-11-36-25-683x1024.png 683w, https:\/\/funerariaferreira.pt\/wp-content\/uploads\/2026\/02\/chatgpt-image-21-de-fev-de-2026-11-36-25-768x1152.png 768w, https:\/\/funerariaferreira.pt\/wp-content\/uploads\/2026\/02\/chatgpt-image-21-de-fev-de-2026-11-36-25.png 1024w\" sizes=\"auto, (max-width: 200px) 100vw, 200px\" \/><\/p>\n<p data-path-to-node=\"3\"><b data-path-to-node=\"3\" data-index-in-node=\"0\">His Most Reverend Excellency, Dom Jaime Garcia Goulart, the 1st Bishop of Dili<\/b>, passed away on 15 April 1997, at the Cl\u00ednica do Bom Jesus in Ponta Delgada, at the age of 89.<\/p>\n<p data-path-to-node=\"4\">Born on 10 January 1908, in Candel\u00e1ria, on the <b data-path-to-node=\"4\" data-index-in-node=\"47\">Island of Pico<\/b>, Dom Jaime Garcia Goulart was inspired by the example of his cousin,<a href=\"https:\/\/pt.wikipedia.org\/wiki\/Jos%C3%A9_da_Costa_Nunes\"><span style=\"color: #0000ff;\"> Dom Jos\u00e9 da Costa Nunes<\/span><\/a>, the then Bishop of Macau. At the young age of 13, on 22 June 1921, he left his homeland to pursue his missionary ideals, entering the St. Joseph Seminary in Macau.<\/p>\n<p data-path-to-node=\"5\">Between 1930 and 1931, he attended the Seminary of Angra do Hero\u00edsmo, where he was ordained a priest on 10 May 1931. He subsequently returned to his birthplace, celebrating his first Solemn Mass in the parish of Candel\u00e1ria do Pico on 15 May. In the same year, he returned to Macau, where, at only 24 years of age, he was appointed a missionary of the Portuguese Padroado of the East, serving as secretary to the Bishop of Macau and teaching at the local seminary and high school.<\/p>\n<p data-path-to-node=\"6\">From 1933 to 1937, he served as coadjutor and later as Superior of the Solobado Mission in Timor, where he founded the Our Lady of Fatima Pre-Seminary on 13 October 1936. Transferred back to Macau on 8 September 1937, he once again served as the prelate\u2019s secretary and as a professor at the local high school and the Santa Rosa de Lima College. In 1940, he returned to Timor, being appointed Vicar-General of the Timor Missions on 22 January 1940.<\/p>\n<p data-path-to-node=\"7\">Under the papal bull <i data-path-to-node=\"7\" data-index-in-node=\"21\">Sollemnibus conventionibus<\/i> of 4 September 1940, the Diocese of Dili was created, and Dom Jaime Garcia Goulart was appointed Apostolic Administrator on 18 January 1941. With the outbreak of the Pacific War, the situation in Timor deteriorated following the Japanese occupation, forcing him to seek refuge in Australia in 1942.<\/p>\n<p data-path-to-node=\"8\">Dom Jaime was appointed the <b data-path-to-node=\"8\" data-index-in-node=\"28\">1st Bishop of Dili<\/b> on 12 October 1945, and was consecrated on 28 October of the same year at St. Patrick\u2019s College Chapel in Sydney, Australia. The ceremony was attended by high-ranking Church dignitaries, including the Apostolic Delegate to Australia and future Cardinal, Giovanni Panico, highlighting the international recognition of his mission.<\/p>\n<p data-path-to-node=\"9\">He made his solemn entry into his diocese on 9 December 1945, finding it devastated, with much of the pastoral infrastructure in ruins as a result of the Japanese occupation. As the Prelate of Timor, he dedicated special attention to missionary work and the formation of Timorese priests. During his episcopate, the number of Catholics in the diocese grew from approximately 30,000 to over 150,000, and the number of students in mission schools increased from 1,500 to 8,000.<\/p>\n<p data-path-to-node=\"10\">During his tenure, Dom Jaime Garcia Goulart participated as a <b data-path-to-node=\"10\" data-index-in-node=\"62\">&#8220;Council Father&#8221;<\/b> in the first three sessions of the <b data-path-to-node=\"10\" data-index-in-node=\"114\">Second Vatican Council (1962\u20131965)<\/b>, contributing to the work of this landmark council of the Catholic Church.<\/p>\n<p data-path-to-node=\"11\">In 1952, he was honoured by the Portuguese government with the rank of <b data-path-to-node=\"11\" data-index-in-node=\"71\">Commander of the Military Order of Christ<\/b> for his services in Portuguese Timor. On 23 May 1964, he was further distinguished as an <b data-path-to-node=\"11\" data-index-in-node=\"202\">Officer of the Order of Prince Henry (Infante D. Henrique)<\/b>, an additional recognition of his services to the mission and the Portuguese community.<\/p>\n<p data-path-to-node=\"12\">Citing fatigue and declining health, Dom Jaime requested the appointment of a coadjutor bishop with the right of succession in 1965, and <span style=\"color: #0000ff;\"><a style=\"color: #0000ff;\" href=\"https:\/\/pt.wikipedia.org\/wiki\/Jos%C3%A9_Joaquim_Ribeiro\">Dom Jos\u00e9 Joaquim Ribeiro<\/a><\/span> was appointed. He resigned on 31 January 1967, holding the title of Titular Bishop of Trofimiana until 27 January 1971, at which point he became the Bishop Emeritus of Dili.<\/p>\n<p data-path-to-node=\"13\">In August 1967, he returned to the Azores, initially settling in the city of Horta, on Faial Island, before moving back to his birthplace on Pico, where he directed the St. Joseph\u2019s Children&#8217;s Patronage. Due to health reasons, he later moved to reside with family on the <b data-path-to-node=\"13\" data-index-in-node=\"271\">island of S\u00e3o Miguel<\/b>, where he eventually passed away.<\/p>\n<p data-path-to-node=\"14\">His funeral took place at the <b data-path-to-node=\"14\" data-index-in-node=\"30\">S\u00e3o Joaquim Cemetery<\/b> in Ponta Delgada, following a Mass celebrated at the <b data-path-to-node=\"14\" data-index-in-node=\"104\">Matriz Church of Ponta Delgada<\/b> by<span style=\"color: #0000ff;\"> Dom Ant\u00f3nio de Sousa Braga<\/span>, the Bishop of Angra.<\/p>\n","protected":false},"excerpt":{"rendered":"<p>His Most Reverend Excellency, Dom Jaime Garcia Goulart, the 1st Bishop of Dili, passed away on 15 April 1997, at the Cl\u00ednica do Bom Jesus in Ponta Delgada, at the age of 89. Born on 10 January 1908, in Candel\u00e1ria, on the Island of Pico, Dom Jaime Garcia Goulart was inspired by the example of [&hellip;]<\/p>\n","protected":false},"author":2,"featured_media":6311,"parent":0,"menu_order":0,"comment_status":"open","ping_status":"open","template":"","meta":{"_acf_changed":false,"footnotes":""},"class_list":["post-1666","page","type-page","status-publish","has-post-thumbnail","hentry"],"acf":[],"yoast_head":"<!-- This site is optimized with the Yoast SEO plugin v27.1.1 - https:\/\/yoast.com\/product\/yoast-seo-wordpress\/ -->\n<title>Dom Jaime Garcia Goulart, Bishop of Dili - Agencia Funer\u00e1ria Ferreira - Ponta Delgada - S\u00e3o Miguel - A\u00e7ores<\/title>\n<meta name=\"description\" content=\"In memory of Dom Jaime Garcia Goulart (1908-1997), the first Bishop of Dili. Explore the life of this illustrious Azorean prelate and his legacy in Timor and the Azores.\" \/>\n<meta name=\"robots\" content=\"index, follow, max-snippet:-1, max-image-preview:large, max-video-preview:-1\" \/>\n<link rel=\"canonical\" href=\"https:\/\/funerariaferreira.pt\/en\/dom-jaime-garcia-goulart-bispo-de-dili\/\" \/>\n<meta property=\"og:locale\" content=\"en_US\" \/>\n<meta property=\"og:type\" content=\"article\" \/>\n<meta property=\"og:title\" content=\"Dom Jaime Garcia Goulart, Bishop of Dili - Agencia Funer\u00e1ria Ferreira - Ponta Delgada - S\u00e3o Miguel - A\u00e7ores\" \/>\n<meta property=\"og:description\" content=\"In memory of Dom Jaime Garcia Goulart (1908-1997), the first Bishop of Dili. Explore the life of this illustrious Azorean prelate and his legacy in Timor and the Azores.\" \/>\n<meta property=\"og:url\" content=\"https:\/\/funerariaferreira.pt\/en\/dom-jaime-garcia-goulart-bispo-de-dili\/\" \/>\n<meta property=\"og:site_name\" content=\"Agencia Funer\u00e1ria Ferreira - Ponta Delgada - S\u00e3o Miguel - A\u00e7ores\" \/>\n<meta property=\"article:modified_time\" content=\"2026-02-21T12:55:26+00:00\" \/>\n<meta property=\"og:image\" content=\"https:\/\/funerariaferreira.pt\/wp-content\/uploads\/2026\/02\/chatgpt-image-21-de-fev-de-2026-11-36-25-683x1024.png\" \/>\n\t<meta property=\"og:image:width\" content=\"683\" \/>\n\t<meta property=\"og:image:height\" content=\"1024\" \/>\n\t<meta property=\"og:image:type\" content=\"image\/png\" \/>\n<meta name=\"twitter:card\" content=\"summary_large_image\" \/>\n<meta name=\"twitter:label1\" content=\"Est. reading time\" \/>\n\t<meta name=\"twitter:data1\" content=\"5 minutes\" \/>\n<script type=\"application\/ld+json\" class=\"yoast-schema-graph\">{\"@context\":\"https:\/\/schema.org\",\"@graph\":[{\"@type\":\"WebPage\",\"@id\":\"https:\/\/funerariaferreira.pt\/en\/dom-jaime-garcia-goulart-bispo-de-dili\/\",\"url\":\"https:\/\/funerariaferreira.pt\/en\/dom-jaime-garcia-goulart-bispo-de-dili\/\",\"name\":\"Dom Jaime Garcia Goulart, Bishop of Dili - Agencia Funer\u00e1ria Ferreira - Ponta Delgada - S\u00e3o Miguel - A\u00e7ores\",\"isPartOf\":{\"@id\":\"https:\/\/funerariaferreira.pt\/#website\"},\"primaryImageOfPage\":{\"@id\":\"https:\/\/funerariaferreira.pt\/en\/dom-jaime-garcia-goulart-bispo-de-dili\/#primaryimage\"},\"image\":{\"@id\":\"https:\/\/funerariaferreira.pt\/en\/dom-jaime-garcia-goulart-bispo-de-dili\/#primaryimage\"},\"thumbnailUrl\":\"https:\/\/funerariaferreira.pt\/wp-content\/uploads\/2026\/02\/chatgpt-image-21-de-fev-de-2026-11-36-25.png\",\"datePublished\":\"2013-10-05T19:51:22+00:00\",\"dateModified\":\"2026-02-21T12:55:26+00:00\",\"description\":\"In memory of Dom Jaime Garcia Goulart (1908-1997), the first Bishop of Dili. Explore the life of this illustrious Azorean prelate and his legacy in Timor and the Azores.\",\"breadcrumb\":{\"@id\":\"https:\/\/funerariaferreira.pt\/en\/dom-jaime-garcia-goulart-bispo-de-dili\/#breadcrumb\"},\"inLanguage\":\"en-US\",\"potentialAction\":[{\"@type\":\"ReadAction\",\"target\":[\"https:\/\/funerariaferreira.pt\/en\/dom-jaime-garcia-goulart-bispo-de-dili\/\"]}]},{\"@type\":\"ImageObject\",\"inLanguage\":\"en-US\",\"@id\":\"https:\/\/funerariaferreira.pt\/en\/dom-jaime-garcia-goulart-bispo-de-dili\/#primaryimage\",\"url\":\"https:\/\/funerariaferreira.pt\/wp-content\/uploads\/2026\/02\/chatgpt-image-21-de-fev-de-2026-11-36-25.png\",\"contentUrl\":\"https:\/\/funerariaferreira.pt\/wp-content\/uploads\/2026\/02\/chatgpt-image-21-de-fev-de-2026-11-36-25.png\",\"width\":1024,\"height\":1536,\"caption\":\"Dom Jaime Garcia Goulart, Bishop of Dili\"},{\"@type\":\"BreadcrumbList\",\"@id\":\"https:\/\/funerariaferreira.pt\/en\/dom-jaime-garcia-goulart-bispo-de-dili\/#breadcrumb\",\"itemListElement\":[{\"@type\":\"ListItem\",\"position\":1,\"name\":\"Home\",\"item\":\"https:\/\/funerariaferreira.pt\/\"},{\"@type\":\"ListItem\",\"position\":2,\"name\":\"Dom Jaime Garcia Goulart, Bishop of Dili\"}]},{\"@type\":\"WebSite\",\"@id\":\"https:\/\/funerariaferreira.pt\/#website\",\"url\":\"https:\/\/funerariaferreira.pt\/\",\"name\":\"Agencia Funer\u00e1ria Ferreira - Ponta Delgada - S\u00e3o Miguel - A\u00e7ores\",\"description\":\"\",\"potentialAction\":[{\"@type\":\"SearchAction\",\"target\":{\"@type\":\"EntryPoint\",\"urlTemplate\":\"https:\/\/funerariaferreira.pt\/?s={search_term_string}\"},\"query-input\":{\"@type\":\"PropertyValueSpecification\",\"valueRequired\":true,\"valueName\":\"search_term_string\"}}],\"inLanguage\":\"en-US\"}]}<\/script>\n<!-- \/ Yoast SEO plugin. -->","yoast_head_json":{"title":"Dom Jaime Garcia Goulart, Bishop of Dili - Agencia Funer\u00e1ria Ferreira - Ponta Delgada - S\u00e3o Miguel - A\u00e7ores","description":"In memory of Dom Jaime Garcia Goulart (1908-1997), the first Bishop of Dili. Explore the life of this illustrious Azorean prelate and his legacy in Timor and the Azores.","robots":{"index":"index","follow":"follow","max-snippet":"max-snippet:-1","max-image-preview":"max-image-preview:large","max-video-preview":"max-video-preview:-1"},"canonical":"https:\/\/funerariaferreira.pt\/en\/dom-jaime-garcia-goulart-bispo-de-dili\/","og_locale":"en_US","og_type":"article","og_title":"Dom Jaime Garcia Goulart, Bishop of Dili - Agencia Funer\u00e1ria Ferreira - Ponta Delgada - S\u00e3o Miguel - A\u00e7ores","og_description":"In memory of Dom Jaime Garcia Goulart (1908-1997), the first Bishop of Dili. Explore the life of this illustrious Azorean prelate and his legacy in Timor and the Azores.","og_url":"https:\/\/funerariaferreira.pt\/en\/dom-jaime-garcia-goulart-bispo-de-dili\/","og_site_name":"Agencia Funer\u00e1ria Ferreira - Ponta Delgada - S\u00e3o Miguel - A\u00e7ores","article_modified_time":"2026-02-21T12:55:26+00:00","og_image":[{"width":683,"height":1024,"url":"https:\/\/funerariaferreira.pt\/wp-content\/uploads\/2026\/02\/chatgpt-image-21-de-fev-de-2026-11-36-25-683x1024.png","type":"image\/png"}],"twitter_card":"summary_large_image","twitter_misc":{"Est. reading time":"5 minutes"},"schema":{"@context":"https:\/\/schema.org","@graph":[{"@type":"WebPage","@id":"https:\/\/funerariaferreira.pt\/en\/dom-jaime-garcia-goulart-bispo-de-dili\/","url":"https:\/\/funerariaferreira.pt\/en\/dom-jaime-garcia-goulart-bispo-de-dili\/","name":"Dom Jaime Garcia Goulart, Bishop of Dili - Agencia Funer\u00e1ria Ferreira - Ponta Delgada - S\u00e3o Miguel - A\u00e7ores","isPartOf":{"@id":"https:\/\/funerariaferreira.pt\/#website"},"primaryImageOfPage":{"@id":"https:\/\/funerariaferreira.pt\/en\/dom-jaime-garcia-goulart-bispo-de-dili\/#primaryimage"},"image":{"@id":"https:\/\/funerariaferreira.pt\/en\/dom-jaime-garcia-goulart-bispo-de-dili\/#primaryimage"},"thumbnailUrl":"https:\/\/funerariaferreira.pt\/wp-content\/uploads\/2026\/02\/chatgpt-image-21-de-fev-de-2026-11-36-25.png","datePublished":"2013-10-05T19:51:22+00:00","dateModified":"2026-02-21T12:55:26+00:00","description":"In memory of Dom Jaime Garcia Goulart (1908-1997), the first Bishop of Dili. Explore the life of this illustrious Azorean prelate and his legacy in Timor and the Azores.","breadcrumb":{"@id":"https:\/\/funerariaferreira.pt\/en\/dom-jaime-garcia-goulart-bispo-de-dili\/#breadcrumb"},"inLanguage":"en-US","potentialAction":[{"@type":"ReadAction","target":["https:\/\/funerariaferreira.pt\/en\/dom-jaime-garcia-goulart-bispo-de-dili\/"]}]},{"@type":"ImageObject","inLanguage":"en-US","@id":"https:\/\/funerariaferreira.pt\/en\/dom-jaime-garcia-goulart-bispo-de-dili\/#primaryimage","url":"https:\/\/funerariaferreira.pt\/wp-content\/uploads\/2026\/02\/chatgpt-image-21-de-fev-de-2026-11-36-25.png","contentUrl":"https:\/\/funerariaferreira.pt\/wp-content\/uploads\/2026\/02\/chatgpt-image-21-de-fev-de-2026-11-36-25.png","width":1024,"height":1536,"caption":"Dom Jaime Garcia Goulart, Bishop of Dili"},{"@type":"BreadcrumbList","@id":"https:\/\/funerariaferreira.pt\/en\/dom-jaime-garcia-goulart-bispo-de-dili\/#breadcrumb","itemListElement":[{"@type":"ListItem","position":1,"name":"Home","item":"https:\/\/funerariaferreira.pt\/"},{"@type":"ListItem","position":2,"name":"Dom Jaime Garcia Goulart, Bishop of Dili"}]},{"@type":"WebSite","@id":"https:\/\/funerariaferreira.pt\/#website","url":"https:\/\/funerariaferreira.pt\/","name":"Agencia Funer\u00e1ria Ferreira - Ponta Delgada - S\u00e3o Miguel - A\u00e7ores","description":"","potentialAction":[{"@type":"SearchAction","target":{"@type":"EntryPoint","urlTemplate":"https:\/\/funerariaferreira.pt\/?s={search_term_string}"},"query-input":{"@type":"PropertyValueSpecification","valueRequired":true,"valueName":"search_term_string"}}],"inLanguage":"en-US"}]}},"_links":{"self":[{"href":"https:\/\/funerariaferreira.pt\/en\/wp-json\/wp\/v2\/pages\/1666","targetHints":{"allow":["GET"]}}],"collection":[{"href":"https:\/\/funerariaferreira.pt\/en\/wp-json\/wp\/v2\/pages"}],"about":[{"href":"https:\/\/funerariaferreira.pt\/en\/wp-json\/wp\/v2\/types\/page"}],"author":[{"embeddable":true,"href":"https:\/\/funerariaferreira.pt\/en\/wp-json\/wp\/v2\/users\/2"}],"replies":[{"embeddable":true,"href":"https:\/\/funerariaferreira.pt\/en\/wp-json\/wp\/v2\/comments?post=1666"}],"version-history":[{"count":3,"href":"https:\/\/funerariaferreira.pt\/en\/wp-json\/wp\/v2\/pages\/1666\/revisions"}],"predecessor-version":[{"id":6314,"href":"https:\/\/funerariaferreira.pt\/en\/wp-json\/wp\/v2\/pages\/1666\/revisions\/6314"}],"wp:featuredmedia":[{"embeddable":true,"href":"https:\/\/funerariaferreira.pt\/en\/wp-json\/wp\/v2\/media\/6311"}],"wp:attachment":[{"href":"https:\/\/funerariaferreira.pt\/en\/wp-json\/wp\/v2\/media?parent=1666"}],"curies":[{"name":"wp","href":"https:\/\/api.w.org\/{rel}","templated":true}]}}