{"id":1670,"date":"2016-01-20T15:33:53","date_gmt":"2016-01-20T15:33:53","guid":{"rendered":"http:\/\/www.funerariaferreira.pt\/en\/dr-anibal-furtado-lima\/"},"modified":"2026-01-23T12:45:38","modified_gmt":"2026-01-23T12:45:38","slug":"dr-anibal-furtado-lima","status":"publish","type":"page","link":"https:\/\/funerariaferreira.pt\/en\/dr-anibal-furtado-lima\/","title":{"rendered":"An\u00edbal Furtado Lima"},"content":{"rendered":"\n<p data-path-to-node=\"4\"><span style=\"color: initial; font-size: revert;\"><img loading=\"lazy\" decoding=\"async\" class=\"alignleft size-medium wp-image-5841\" src=\"https:\/\/funerariaferreira.pt\/wp-content\/uploads\/2026\/01\/anibal-furtado-lima-v3-1536-x-2048-225x300.png\" alt=\"An\u00edbal Furtado Lima\" width=\"225\" height=\"300\" srcset=\"https:\/\/funerariaferreira.pt\/wp-content\/uploads\/2026\/01\/anibal-furtado-lima-v3-1536-x-2048-225x300.png 225w, https:\/\/funerariaferreira.pt\/wp-content\/uploads\/2026\/01\/anibal-furtado-lima-v3-1536-x-2048-768x1024.png 768w, https:\/\/funerariaferreira.pt\/wp-content\/uploads\/2026\/01\/anibal-furtado-lima-v3-1536-x-2048-1152x1536.png 1152w, https:\/\/funerariaferreira.pt\/wp-content\/uploads\/2026\/01\/anibal-furtado-lima-v3-1536-x-2048.png 1536w\" sizes=\"auto, (max-width: 225px) 100vw, 225px\" \/><\/span><\/p>\n<p data-path-to-node=\"2\">Dr An\u00edbal Furtado Lima passed away on 9 November 2007, at the Cl\u00ednica do Bom Jesus in Ponta Delgada, at the age of 80. He was one of the most charismatic and influential Azorean doctors of the 20th century. Born on 6 May 1927 in Vila Franca do Campo, he attended the then Liceu Nacional Antero de Quental in the city of Ponta Delgada, where he completed his secondary education and was awarded the <span style=\"color: #0000ff;\"><a style=\"color: #0000ff;\" href=\"https:\/\/pt.wikipedia.org\/wiki\/Pr%C3%A9mio_Antero_de_Quental\">Antero de Quental Prize<\/a><\/span>. He graduated from the Faculty of Medicine of Lisbon in 1951, and in that same year, applied for a residency at the Civil Hospitals of Lisbon, where he specialised in General Surgery and achieved 1st place in the competitive entrance examination for the Complementary Surgery Internship. He returned to the island of S\u00e3o Miguel and, in 1957, took up the post of sub-delegate of the newly established Maternal Institute of Ponta Delgada, while simultaneously serving as a general surgeon at the Hospital of Ponta Delgada, where he remained as Director of the Surgery Department of the 5th Ward until 1978.<\/p>\n<p data-path-to-node=\"3\">He set out to achieve his dream of building a private clinic and, on 9 June 1966, the <strong>Cl\u00ednica do Bom Jesus<\/strong> was inaugurated as a private health unit located in the city of Ponta Delgada, considered a model for the entire country, into which he poured all his effort and resources. With the spirit of generosity that was his trademark, he donated the clinic to the Diocese of Angra in 1979, yet continued to lead its operations until August 1986. From that point forward, he continued to serve there solely in his capacity as a medical surgeon. For his services to the community, the Ponta Delgada City Council named a street after him in the parish of S\u00e3o Jos\u00e9 and awarded him the <strong>Municipal Medal of Merit<\/strong> in 1998. He was also decorated with the <strong>insignia of Grand Officer of the Order of Merit<\/strong> on 8 June 2007, during the presidency of <span style=\"color: #0000ff;\"><a style=\"color: #0000ff;\" href=\"https:\/\/pt.wikipedia.org\/wiki\/An%C3%ADbal_Cavaco_Silva\">An\u00edbal Cavaco Silva<\/a><\/span>. The Parish Council of Santa Clara distinguished him posthumously with the<strong> &#8220;Honour of Santa Clara&#8221;<\/strong> award, in recognition of his lifelong work and the contribution he left to the Michaelense community. His funeral took place on 10 November at 10:00 am, with a Eucharistic celebration at the Church of S\u00e3o Jos\u00e9, following his transfer from the Chapel of Nossa Senhora das Dores, where he had been lying in state, proceeding then to the S\u00e3o Joaquim Cemetery.<\/p>\n<p data-path-to-node=\"4\"><span style=\"color: initial; font-size: revert;\">\u00a0<\/span><\/p>\n","protected":false},"excerpt":{"rendered":"<p>Dr An\u00edbal Furtado Lima passed away on 9 November 2007, at the Cl\u00ednica do Bom Jesus in Ponta Delgada, at the age of 80. He was one of the most charismatic and influential Azorean doctors of the 20th century. Born on 6 May 1927 in Vila Franca do Campo, he attended the then Liceu Nacional [&hellip;]<\/p>\n","protected":false},"author":1,"featured_media":0,"parent":0,"menu_order":0,"comment_status":"open","ping_status":"closed","template":"","meta":{"_acf_changed":false,"footnotes":""},"class_list":["post-1670","page","type-page","status-publish","hentry"],"acf":[],"yoast_head":"<!-- This site is optimized with the Yoast SEO plugin v27.1.1 - https:\/\/yoast.com\/product\/yoast-seo-wordpress\/ -->\n<title>An\u00edbal Furtado Lima - Agencia Funer\u00e1ria Ferreira - Ponta Delgada - S\u00e3o Miguel - A\u00e7ores<\/title>\n<meta name=\"description\" content=\"A tribute to Dr An\u00edbal Furtado Lima. Honoring the life and professional legacy of a distinguished figure in the Azores. Respected memory in S\u00e3o Miguel.\" \/>\n<meta name=\"robots\" content=\"index, follow, max-snippet:-1, max-image-preview:large, max-video-preview:-1\" \/>\n<link rel=\"canonical\" href=\"https:\/\/funerariaferreira.pt\/en\/dr-anibal-furtado-lima\/\" \/>\n<meta property=\"og:locale\" content=\"en_US\" \/>\n<meta property=\"og:type\" content=\"article\" \/>\n<meta property=\"og:title\" content=\"An\u00edbal Furtado Lima - Agencia Funer\u00e1ria Ferreira - Ponta Delgada - S\u00e3o Miguel - A\u00e7ores\" \/>\n<meta property=\"og:description\" content=\"A tribute to Dr An\u00edbal Furtado Lima. Honoring the life and professional legacy of a distinguished figure in the Azores. Respected memory in S\u00e3o Miguel.\" \/>\n<meta property=\"og:url\" content=\"https:\/\/funerariaferreira.pt\/en\/dr-anibal-furtado-lima\/\" \/>\n<meta property=\"og:site_name\" content=\"Agencia Funer\u00e1ria Ferreira - Ponta Delgada - S\u00e3o Miguel - A\u00e7ores\" \/>\n<meta property=\"article:modified_time\" content=\"2026-01-23T12:45:38+00:00\" \/>\n<meta property=\"og:image\" content=\"https:\/\/funerariaferreira.pt\/wp-content\/uploads\/2026\/01\/anibal-furtado-lima-v3-1536-x-2048-225x300.png\" \/>\n<meta name=\"twitter:card\" content=\"summary_large_image\" \/>\n<meta name=\"twitter:label1\" content=\"Est. reading time\" \/>\n\t<meta name=\"twitter:data1\" content=\"3 minutes\" \/>\n<script type=\"application\/ld+json\" class=\"yoast-schema-graph\">{\"@context\":\"https:\/\/schema.org\",\"@graph\":[{\"@type\":\"WebPage\",\"@id\":\"https:\/\/funerariaferreira.pt\/en\/dr-anibal-furtado-lima\/\",\"url\":\"https:\/\/funerariaferreira.pt\/en\/dr-anibal-furtado-lima\/\",\"name\":\"An\u00edbal Furtado Lima - Agencia Funer\u00e1ria Ferreira - Ponta Delgada - S\u00e3o Miguel - A\u00e7ores\",\"isPartOf\":{\"@id\":\"https:\/\/funerariaferreira.pt\/#website\"},\"primaryImageOfPage\":{\"@id\":\"https:\/\/funerariaferreira.pt\/en\/dr-anibal-furtado-lima\/#primaryimage\"},\"image\":{\"@id\":\"https:\/\/funerariaferreira.pt\/en\/dr-anibal-furtado-lima\/#primaryimage\"},\"thumbnailUrl\":\"https:\/\/funerariaferreira.pt\/wp-content\/uploads\/2026\/01\/anibal-furtado-lima-v3-1536-x-2048-225x300.png\",\"datePublished\":\"2016-01-20T15:33:53+00:00\",\"dateModified\":\"2026-01-23T12:45:38+00:00\",\"description\":\"A tribute to Dr An\u00edbal Furtado Lima. Honoring the life and professional legacy of a distinguished figure in the Azores. Respected memory in S\u00e3o Miguel.\",\"breadcrumb\":{\"@id\":\"https:\/\/funerariaferreira.pt\/en\/dr-anibal-furtado-lima\/#breadcrumb\"},\"inLanguage\":\"en-US\",\"potentialAction\":[{\"@type\":\"ReadAction\",\"target\":[\"https:\/\/funerariaferreira.pt\/en\/dr-anibal-furtado-lima\/\"]}]},{\"@type\":\"ImageObject\",\"inLanguage\":\"en-US\",\"@id\":\"https:\/\/funerariaferreira.pt\/en\/dr-anibal-furtado-lima\/#primaryimage\",\"url\":\"https:\/\/funerariaferreira.pt\/wp-content\/uploads\/2026\/01\/anibal-furtado-lima-v3-1536-x-2048-225x300.png\",\"contentUrl\":\"https:\/\/funerariaferreira.pt\/wp-content\/uploads\/2026\/01\/anibal-furtado-lima-v3-1536-x-2048-225x300.png\"},{\"@type\":\"BreadcrumbList\",\"@id\":\"https:\/\/funerariaferreira.pt\/en\/dr-anibal-furtado-lima\/#breadcrumb\",\"itemListElement\":[{\"@type\":\"ListItem\",\"position\":1,\"name\":\"Home\",\"item\":\"https:\/\/funerariaferreira.pt\/\"},{\"@type\":\"ListItem\",\"position\":2,\"name\":\"An\u00edbal Furtado Lima\"}]},{\"@type\":\"WebSite\",\"@id\":\"https:\/\/funerariaferreira.pt\/#website\",\"url\":\"https:\/\/funerariaferreira.pt\/\",\"name\":\"Agencia Funer\u00e1ria Ferreira - Ponta Delgada - S\u00e3o Miguel - A\u00e7ores\",\"description\":\"\",\"potentialAction\":[{\"@type\":\"SearchAction\",\"target\":{\"@type\":\"EntryPoint\",\"urlTemplate\":\"https:\/\/funerariaferreira.pt\/?s={search_term_string}\"},\"query-input\":{\"@type\":\"PropertyValueSpecification\",\"valueRequired\":true,\"valueName\":\"search_term_string\"}}],\"inLanguage\":\"en-US\"}]}<\/script>\n<!-- \/ Yoast SEO plugin. -->","yoast_head_json":{"title":"An\u00edbal Furtado Lima - Agencia Funer\u00e1ria Ferreira - Ponta Delgada - S\u00e3o Miguel - A\u00e7ores","description":"A tribute to Dr An\u00edbal Furtado Lima. Honoring the life and professional legacy of a distinguished figure in the Azores. Respected memory in S\u00e3o Miguel.","robots":{"index":"index","follow":"follow","max-snippet":"max-snippet:-1","max-image-preview":"max-image-preview:large","max-video-preview":"max-video-preview:-1"},"canonical":"https:\/\/funerariaferreira.pt\/en\/dr-anibal-furtado-lima\/","og_locale":"en_US","og_type":"article","og_title":"An\u00edbal Furtado Lima - Agencia Funer\u00e1ria Ferreira - Ponta Delgada - S\u00e3o Miguel - A\u00e7ores","og_description":"A tribute to Dr An\u00edbal Furtado Lima. Honoring the life and professional legacy of a distinguished figure in the Azores. Respected memory in S\u00e3o Miguel.","og_url":"https:\/\/funerariaferreira.pt\/en\/dr-anibal-furtado-lima\/","og_site_name":"Agencia Funer\u00e1ria Ferreira - Ponta Delgada - S\u00e3o Miguel - A\u00e7ores","article_modified_time":"2026-01-23T12:45:38+00:00","og_image":[{"url":"https:\/\/funerariaferreira.pt\/wp-content\/uploads\/2026\/01\/anibal-furtado-lima-v3-1536-x-2048-225x300.png","type":"","width":"","height":""}],"twitter_card":"summary_large_image","twitter_misc":{"Est. reading time":"3 minutes"},"schema":{"@context":"https:\/\/schema.org","@graph":[{"@type":"WebPage","@id":"https:\/\/funerariaferreira.pt\/en\/dr-anibal-furtado-lima\/","url":"https:\/\/funerariaferreira.pt\/en\/dr-anibal-furtado-lima\/","name":"An\u00edbal Furtado Lima - Agencia Funer\u00e1ria Ferreira - Ponta Delgada - S\u00e3o Miguel - A\u00e7ores","isPartOf":{"@id":"https:\/\/funerariaferreira.pt\/#website"},"primaryImageOfPage":{"@id":"https:\/\/funerariaferreira.pt\/en\/dr-anibal-furtado-lima\/#primaryimage"},"image":{"@id":"https:\/\/funerariaferreira.pt\/en\/dr-anibal-furtado-lima\/#primaryimage"},"thumbnailUrl":"https:\/\/funerariaferreira.pt\/wp-content\/uploads\/2026\/01\/anibal-furtado-lima-v3-1536-x-2048-225x300.png","datePublished":"2016-01-20T15:33:53+00:00","dateModified":"2026-01-23T12:45:38+00:00","description":"A tribute to Dr An\u00edbal Furtado Lima. Honoring the life and professional legacy of a distinguished figure in the Azores. Respected memory in S\u00e3o Miguel.","breadcrumb":{"@id":"https:\/\/funerariaferreira.pt\/en\/dr-anibal-furtado-lima\/#breadcrumb"},"inLanguage":"en-US","potentialAction":[{"@type":"ReadAction","target":["https:\/\/funerariaferreira.pt\/en\/dr-anibal-furtado-lima\/"]}]},{"@type":"ImageObject","inLanguage":"en-US","@id":"https:\/\/funerariaferreira.pt\/en\/dr-anibal-furtado-lima\/#primaryimage","url":"https:\/\/funerariaferreira.pt\/wp-content\/uploads\/2026\/01\/anibal-furtado-lima-v3-1536-x-2048-225x300.png","contentUrl":"https:\/\/funerariaferreira.pt\/wp-content\/uploads\/2026\/01\/anibal-furtado-lima-v3-1536-x-2048-225x300.png"},{"@type":"BreadcrumbList","@id":"https:\/\/funerariaferreira.pt\/en\/dr-anibal-furtado-lima\/#breadcrumb","itemListElement":[{"@type":"ListItem","position":1,"name":"Home","item":"https:\/\/funerariaferreira.pt\/"},{"@type":"ListItem","position":2,"name":"An\u00edbal Furtado Lima"}]},{"@type":"WebSite","@id":"https:\/\/funerariaferreira.pt\/#website","url":"https:\/\/funerariaferreira.pt\/","name":"Agencia Funer\u00e1ria Ferreira - Ponta Delgada - S\u00e3o Miguel - A\u00e7ores","description":"","potentialAction":[{"@type":"SearchAction","target":{"@type":"EntryPoint","urlTemplate":"https:\/\/funerariaferreira.pt\/?s={search_term_string}"},"query-input":{"@type":"PropertyValueSpecification","valueRequired":true,"valueName":"search_term_string"}}],"inLanguage":"en-US"}]}},"_links":{"self":[{"href":"https:\/\/funerariaferreira.pt\/en\/wp-json\/wp\/v2\/pages\/1670","targetHints":{"allow":["GET"]}}],"collection":[{"href":"https:\/\/funerariaferreira.pt\/en\/wp-json\/wp\/v2\/pages"}],"about":[{"href":"https:\/\/funerariaferreira.pt\/en\/wp-json\/wp\/v2\/types\/page"}],"author":[{"embeddable":true,"href":"https:\/\/funerariaferreira.pt\/en\/wp-json\/wp\/v2\/users\/1"}],"replies":[{"embeddable":true,"href":"https:\/\/funerariaferreira.pt\/en\/wp-json\/wp\/v2\/comments?post=1670"}],"version-history":[{"count":6,"href":"https:\/\/funerariaferreira.pt\/en\/wp-json\/wp\/v2\/pages\/1670\/revisions"}],"predecessor-version":[{"id":6053,"href":"https:\/\/funerariaferreira.pt\/en\/wp-json\/wp\/v2\/pages\/1670\/revisions\/6053"}],"wp:attachment":[{"href":"https:\/\/funerariaferreira.pt\/en\/wp-json\/wp\/v2\/media?parent=1670"}],"curies":[{"name":"wp","href":"https:\/\/api.w.org\/{rel}","templated":true}]}}