{"id":1680,"date":"2014-12-23T12:24:37","date_gmt":"2014-12-23T12:24:37","guid":{"rendered":"http:\/\/www.funerariaferreira.pt\/en\/francisco-luis-tavares\/"},"modified":"2026-01-23T20:14:21","modified_gmt":"2026-01-23T20:14:21","slug":"francisco-luis-tavares","status":"publish","type":"page","link":"https:\/\/funerariaferreira.pt\/en\/francisco-luis-tavares\/","title":{"rendered":"Francisco Lu\u00eds Tavares"},"content":{"rendered":"<p style=\"text-align: justify;\"><span style=\"color: #000000; font-family: Calibri; font-size: medium;\"><img loading=\"lazy\" decoding=\"async\" class=\"alignleft size-medium wp-image-6166\" src=\"https:\/\/funerariaferreira.pt\/wp-content\/uploads\/2026\/01\/francisco-luis-tavares-1536-x-2048-225x300.png\" alt=\"In Memory of Francisco Carreiro da Costa | Azorean Legacy | Funer\u00e1ria Ferreira\" width=\"225\" height=\"300\" srcset=\"https:\/\/funerariaferreira.pt\/wp-content\/uploads\/2026\/01\/francisco-luis-tavares-1536-x-2048-225x300.png 225w, https:\/\/funerariaferreira.pt\/wp-content\/uploads\/2026\/01\/francisco-luis-tavares-1536-x-2048-768x1024.png 768w, https:\/\/funerariaferreira.pt\/wp-content\/uploads\/2026\/01\/francisco-luis-tavares-1536-x-2048-1152x1536.png 1152w, https:\/\/funerariaferreira.pt\/wp-content\/uploads\/2026\/01\/francisco-luis-tavares-1536-x-2048.png 1536w\" sizes=\"auto, (max-width: 225px) 100vw, 225px\" \/>Nasceu a 17 de Junho de 1886 na freguesia de S\u00e3o Sebasti\u00e3o, concelho de Ponta Delgada. Foi bacharel em Direito pela Universidade de Coimbra e, ainda estudante, filiou-se no Centro Republicano Acad\u00e9mico como membro da comiss\u00e3o de resist\u00eancia, tendo sido dirigente da greve acad\u00e9mica de 1907 e um dos integrantes do grupo dos &#8220;intransigentes&#8221;, assim conhecidos por acompanharem, at\u00e9 ao final da luta, os camaradas expulsos.<\/span><\/p>\n<p style=\"text-align: justify;\"><span style=\"font-family: Calibri;\"><span style=\"font-size: medium;\"><span style=\"color: #000000;\">Ao regressar a Ponta Delgada, em 1909, dedicou-se a desenvolver a propaganda republicana na ilha e a contribuir para a organiza\u00e7\u00e3o do Partido Republicado de S\u00e3o Miguel, tendo sido o l\u00edder local da Uni\u00e3o Republicana e do Partido Republicano Liberal. Ap\u00f3s a implanta\u00e7\u00e3o da rep\u00fablica em 1910, foi nomeado, aos 24 anos, governador civil de Ponta Delgada, filiando-se, posteriormente, na Uni\u00e3o Republicana chefiada pelo<\/span>\u00a0<\/span><\/span><span style=\"text-decoration: underline;\"><span style=\"color: #3366ff; text-decoration: underline;\"><a href=\"http:\/\/pt.wikipedia.org\/wiki\/Manuel_de_Brito_Camacho\" target=\"_blank\" rel=\"noopener\"><span style=\"color: #3366ff; font-family: Calibri; font-size: medium; text-decoration: underline;\">Dr. Brito Camacho<\/span><\/a><\/span><\/span><span style=\"font-family: Calibri;\"><span style=\"font-size: medium;\"><span style=\"color: #000000;\">. Em 1911 foi eleito deputado pelo c\u00edrculo de Ponta Delgada, tendo sido dos \u00faltimos sobreviventes a ser deputado \u00e0 Assembleia Nacional Constituinte e onde interveio ativamente na reda\u00e7\u00e3o da primeira<\/span>\u00a0<span style=\"color: #000000;\"><i>Constitui\u00e7\u00e3o da Rep\u00fablica<\/i>. Ainda no mesmo ano, foi criado o registo civil de Ponta Delgada onde come\u00e7ou a trabalhar como conservador, cargo que exerceu at\u00e9 atingir\u00a0 limite de idade a 17 de Junho de 1956. Manteve as suas convic\u00e7\u00f5es democr\u00e1ticas e liberais durante o Estado Novo, do qual era publicamente opositor, tendo integrado o MUD de Ponta Delgada, em 1945.<\/span><\/span><\/span><\/p>\n<p style=\"text-align: justify;\"><span style=\"font-family: Calibri;\"><span style=\"font-size: medium;\"><span style=\"color: #000000;\">Foi diretor-delegado da<\/span>\u00a0<span style=\"color: #000000;\"><i>Companhia de Navega\u00e7\u00e3o Carregadores A\u00e7orianos<\/i> desde 1926 a 1960, tendo sido obrigado a afastar-se desse cargo por motivos de sa\u00fade e passando a exercer o cargo de Presidente de Honra, at\u00e9 \u00e0 sua morte. Foi ainda provedor da Santa Casa da Miseric\u00f3rdia, presidente do concelho de administra\u00e7\u00e3o da<\/span>\u00a0<span style=\"color: #000000;\"><i>Cina\u00e7or<\/i> (empresa propriet\u00e1ria do edif\u00edcio do Teatro Micaelense), professor do Liceu e da antiga Escola Prim\u00e1ria Superior, juiz do Tribunal Judicial e do Tribunal do Trabalho de Ponta Delgada, presidente da Associa\u00e7\u00e3o de Futebol da mesma cidade, fundador e diretor do di\u00e1rio \u00ab<i>A Rep\u00fablica<\/i>\u00bb, co-fundador, juntamente com o<\/span>\u00a0<\/span><\/span><span style=\"text-decoration: underline;\"><span style=\"color: #3366ff;\"><a href=\"http:\/\/pt.wikipedia.org\/wiki\/Jos%C3%A9_Bruno_Tavares_Carreiro\" target=\"_blank\" rel=\"noopener\"><span style=\"color: #3366ff; font-family: Calibri; font-size: medium; text-decoration: underline;\">Dr. Jos\u00e9 Bruno Carreiro<\/span><\/a><\/span><\/span><span style=\"color: #000000; font-family: Calibri; font-size: medium;\">, do jornal \u00ab<i>Correio dos A\u00e7ores<\/i>\u00bb e colaborador em diversas realiza\u00e7\u00f5es de car\u00e1cter cultural. Foi ainda autor do diploma que reconheceu a autonomia dos distritos insulares, bem como de diversos artigos e de alguns op\u00fasculos e confer\u00eancias sobre quest\u00f5es pol\u00edticas, econ\u00f3micas e administrativas.<\/span><\/p>\n<p style=\"text-align: justify;\"><span style=\"font-family: Calibri;\"><span style=\"font-size: medium;\"><span style=\"color: #000000;\">Promoveu e levou a efeito a constru\u00e7\u00e3o do Teatro Micaelense, atrav\u00e9s da<\/span>\u00a0<span style=\"color: #000000;\"><i>Companhia de Navega\u00e7\u00e3o Carregadores A\u00e7orianos<\/i>, como contribui\u00e7\u00e3o para as comemora\u00e7\u00f5es do 4\u00ba centen\u00e1rio da cidade de Ponta Delgada. Aquando da inaugura\u00e7\u00e3o desta casa de espet\u00e1culos em 1951, foi agraciado com a ins\u00edgnia de comendador da ordem de Cristo por proposta do<\/span>\u00a0<\/span><\/span><a href=\"http:\/\/pt.wikipedia.org\/wiki\/Jo%C3%A3o_Pinto_da_Costa_Leite\" target=\"_blank\" rel=\"noopener\"><span style=\"font-family: Calibri; font-size: medium;\"><span style=\"text-decoration: underline;\"><span style=\"color: #3366ff; text-decoration: underline;\">Prof. Costa Leite (Lumbrales<\/span><\/span>)<\/span><\/a><span style=\"color: #000000; font-family: Calibri; font-size: medium;\">, ministro da presid\u00eancia de ent\u00e3o, como reconhecimento do que representa um teatro no grau de cultura de uma regi\u00e3o.<\/span><\/p>\n<p style=\"text-align: justify;\"><span style=\"font-family: Calibri;\"><span style=\"font-size: medium;\"><span style=\"color: #000000;\">Em sinal de luto, as empresas<\/span>\u00a0<span style=\"color: #000000;\"><i>Cina\u00e7or<\/i><\/span>\u00a0<span style=\"color: #000000;\">e<\/span>\u00a0<span style=\"color: #000000;\"><i>Manuel A. Mendon\u00e7a (Herdeiros)<\/i><\/span><i>\u00a0<\/i><span style=\"color: #000000;\">encerraram as suas casas de espet\u00e1culo, respetivamente, durante 3 e 2 dias e a C\u00e2mara Municipal de Ponta Delgada, a sede da<\/span>\u00a0<span style=\"color: #000000;\"><i>Companhia de Navega\u00e7\u00e3o Carregadores A\u00e7orianos<\/i><\/span>\u00a0<span style=\"color: #000000;\">e o<\/span>\u00a0<span style=\"color: #000000;\"><i>Ateneu Comercial<\/i><\/span>\u00a0<span style=\"color: #000000;\">tiveram, no dia do funeral, as suas bandeiras a meia haste. Em sua homenagem, o seu nome foi integrado na topon\u00edmia da cidade de Ponta Delgada, onde \u00e9 recordado, nomeadamente, no Largo em frente e na rua adjacente ao Teatro Micaelense.<\/span><\/span><\/span><\/p>\n<p style=\"text-align: justify;\"><span style=\"color: #000000; font-family: Calibri; font-size: medium;\">O seu funeral realizou-se pelas 17h30 do dia 1 de Agosto da sua resid\u00eancia em S\u00e3o Pedro para o cemit\u00e9rio de S\u00e3o Joaquim.<\/span><\/p>\n","protected":false},"excerpt":{"rendered":"<p>Nasceu a 17 de Junho de 1886 na freguesia de S\u00e3o Sebasti\u00e3o, concelho de Ponta Delgada. Foi bacharel em Direito pela Universidade de Coimbra e, ainda estudante, filiou-se no Centro Republicano Acad\u00e9mico como membro da comiss\u00e3o de resist\u00eancia, tendo sido dirigente da greve acad\u00e9mica de 1907 e um dos integrantes do grupo dos &#8220;intransigentes&#8221;, assim [&hellip;]<\/p>\n","protected":false},"author":2,"featured_media":0,"parent":0,"menu_order":0,"comment_status":"open","ping_status":"open","template":"","meta":{"_acf_changed":false,"footnotes":""},"class_list":["post-1680","page","type-page","status-publish","hentry"],"acf":[],"yoast_head":"<!-- This site is optimized with the Yoast SEO plugin v27.1.1 - https:\/\/yoast.com\/product\/yoast-seo-wordpress\/ -->\n<title>Francisco Lu\u00eds Tavares - Agencia Funer\u00e1ria Ferreira - Ponta Delgada - S\u00e3o Miguel - A\u00e7ores<\/title>\n<meta name=\"description\" content=\"A solemn tribute to Francisco Carreiro da Costa, a key figure in Azorean history and ethnography. Honouring his lasting cultural impact in S\u00e3o Miguel.\" \/>\n<meta name=\"robots\" content=\"index, follow, max-snippet:-1, max-image-preview:large, max-video-preview:-1\" \/>\n<link rel=\"canonical\" href=\"https:\/\/funerariaferreira.pt\/en\/francisco-luis-tavares\/\" \/>\n<meta property=\"og:locale\" content=\"en_US\" \/>\n<meta property=\"og:type\" content=\"article\" \/>\n<meta property=\"og:title\" content=\"Francisco Lu\u00eds Tavares - Agencia Funer\u00e1ria Ferreira - Ponta Delgada - S\u00e3o Miguel - A\u00e7ores\" \/>\n<meta property=\"og:description\" content=\"A solemn tribute to Francisco Carreiro da Costa, a key figure in Azorean history and ethnography. Honouring his lasting cultural impact in S\u00e3o Miguel.\" \/>\n<meta property=\"og:url\" content=\"https:\/\/funerariaferreira.pt\/en\/francisco-luis-tavares\/\" \/>\n<meta property=\"og:site_name\" content=\"Agencia Funer\u00e1ria Ferreira - Ponta Delgada - S\u00e3o Miguel - A\u00e7ores\" \/>\n<meta property=\"article:modified_time\" content=\"2026-01-23T20:14:21+00:00\" \/>\n<meta property=\"og:image\" content=\"https:\/\/funerariaferreira.pt\/wp-content\/uploads\/2026\/01\/francisco-luis-tavares-1536-x-2048-225x300.png\" \/>\n<meta name=\"twitter:card\" content=\"summary_large_image\" \/>\n<meta name=\"twitter:label1\" content=\"Est. reading time\" \/>\n\t<meta name=\"twitter:data1\" content=\"4 minutes\" \/>\n<script type=\"application\/ld+json\" class=\"yoast-schema-graph\">{\"@context\":\"https:\/\/schema.org\",\"@graph\":[{\"@type\":\"WebPage\",\"@id\":\"https:\/\/funerariaferreira.pt\/en\/francisco-luis-tavares\/\",\"url\":\"https:\/\/funerariaferreira.pt\/en\/francisco-luis-tavares\/\",\"name\":\"Francisco Lu\u00eds Tavares - Agencia Funer\u00e1ria Ferreira - Ponta Delgada - S\u00e3o Miguel - A\u00e7ores\",\"isPartOf\":{\"@id\":\"https:\/\/funerariaferreira.pt\/#website\"},\"primaryImageOfPage\":{\"@id\":\"https:\/\/funerariaferreira.pt\/en\/francisco-luis-tavares\/#primaryimage\"},\"image\":{\"@id\":\"https:\/\/funerariaferreira.pt\/en\/francisco-luis-tavares\/#primaryimage\"},\"thumbnailUrl\":\"https:\/\/funerariaferreira.pt\/wp-content\/uploads\/2026\/01\/francisco-luis-tavares-1536-x-2048-225x300.png\",\"datePublished\":\"2014-12-23T12:24:37+00:00\",\"dateModified\":\"2026-01-23T20:14:21+00:00\",\"description\":\"A solemn tribute to Francisco Carreiro da Costa, a key figure in Azorean history and ethnography. Honouring his lasting cultural impact in S\u00e3o Miguel.\",\"breadcrumb\":{\"@id\":\"https:\/\/funerariaferreira.pt\/en\/francisco-luis-tavares\/#breadcrumb\"},\"inLanguage\":\"en-US\",\"potentialAction\":[{\"@type\":\"ReadAction\",\"target\":[\"https:\/\/funerariaferreira.pt\/en\/francisco-luis-tavares\/\"]}]},{\"@type\":\"ImageObject\",\"inLanguage\":\"en-US\",\"@id\":\"https:\/\/funerariaferreira.pt\/en\/francisco-luis-tavares\/#primaryimage\",\"url\":\"https:\/\/funerariaferreira.pt\/wp-content\/uploads\/2026\/01\/francisco-luis-tavares-1536-x-2048-225x300.png\",\"contentUrl\":\"https:\/\/funerariaferreira.pt\/wp-content\/uploads\/2026\/01\/francisco-luis-tavares-1536-x-2048-225x300.png\"},{\"@type\":\"BreadcrumbList\",\"@id\":\"https:\/\/funerariaferreira.pt\/en\/francisco-luis-tavares\/#breadcrumb\",\"itemListElement\":[{\"@type\":\"ListItem\",\"position\":1,\"name\":\"Home\",\"item\":\"https:\/\/funerariaferreira.pt\/\"},{\"@type\":\"ListItem\",\"position\":2,\"name\":\"Francisco Lu\u00eds Tavares\"}]},{\"@type\":\"WebSite\",\"@id\":\"https:\/\/funerariaferreira.pt\/#website\",\"url\":\"https:\/\/funerariaferreira.pt\/\",\"name\":\"Agencia Funer\u00e1ria Ferreira - Ponta Delgada - S\u00e3o Miguel - A\u00e7ores\",\"description\":\"\",\"potentialAction\":[{\"@type\":\"SearchAction\",\"target\":{\"@type\":\"EntryPoint\",\"urlTemplate\":\"https:\/\/funerariaferreira.pt\/?s={search_term_string}\"},\"query-input\":{\"@type\":\"PropertyValueSpecification\",\"valueRequired\":true,\"valueName\":\"search_term_string\"}}],\"inLanguage\":\"en-US\"}]}<\/script>\n<!-- \/ Yoast SEO plugin. -->","yoast_head_json":{"title":"Francisco Lu\u00eds Tavares - Agencia Funer\u00e1ria Ferreira - Ponta Delgada - S\u00e3o Miguel - A\u00e7ores","description":"A solemn tribute to Francisco Carreiro da Costa, a key figure in Azorean history and ethnography. Honouring his lasting cultural impact in S\u00e3o Miguel.","robots":{"index":"index","follow":"follow","max-snippet":"max-snippet:-1","max-image-preview":"max-image-preview:large","max-video-preview":"max-video-preview:-1"},"canonical":"https:\/\/funerariaferreira.pt\/en\/francisco-luis-tavares\/","og_locale":"en_US","og_type":"article","og_title":"Francisco Lu\u00eds Tavares - Agencia Funer\u00e1ria Ferreira - Ponta Delgada - S\u00e3o Miguel - A\u00e7ores","og_description":"A solemn tribute to Francisco Carreiro da Costa, a key figure in Azorean history and ethnography. Honouring his lasting cultural impact in S\u00e3o Miguel.","og_url":"https:\/\/funerariaferreira.pt\/en\/francisco-luis-tavares\/","og_site_name":"Agencia Funer\u00e1ria Ferreira - Ponta Delgada - S\u00e3o Miguel - A\u00e7ores","article_modified_time":"2026-01-23T20:14:21+00:00","og_image":[{"url":"https:\/\/funerariaferreira.pt\/wp-content\/uploads\/2026\/01\/francisco-luis-tavares-1536-x-2048-225x300.png","type":"","width":"","height":""}],"twitter_card":"summary_large_image","twitter_misc":{"Est. reading time":"4 minutes"},"schema":{"@context":"https:\/\/schema.org","@graph":[{"@type":"WebPage","@id":"https:\/\/funerariaferreira.pt\/en\/francisco-luis-tavares\/","url":"https:\/\/funerariaferreira.pt\/en\/francisco-luis-tavares\/","name":"Francisco Lu\u00eds Tavares - Agencia Funer\u00e1ria Ferreira - Ponta Delgada - S\u00e3o Miguel - A\u00e7ores","isPartOf":{"@id":"https:\/\/funerariaferreira.pt\/#website"},"primaryImageOfPage":{"@id":"https:\/\/funerariaferreira.pt\/en\/francisco-luis-tavares\/#primaryimage"},"image":{"@id":"https:\/\/funerariaferreira.pt\/en\/francisco-luis-tavares\/#primaryimage"},"thumbnailUrl":"https:\/\/funerariaferreira.pt\/wp-content\/uploads\/2026\/01\/francisco-luis-tavares-1536-x-2048-225x300.png","datePublished":"2014-12-23T12:24:37+00:00","dateModified":"2026-01-23T20:14:21+00:00","description":"A solemn tribute to Francisco Carreiro da Costa, a key figure in Azorean history and ethnography. Honouring his lasting cultural impact in S\u00e3o Miguel.","breadcrumb":{"@id":"https:\/\/funerariaferreira.pt\/en\/francisco-luis-tavares\/#breadcrumb"},"inLanguage":"en-US","potentialAction":[{"@type":"ReadAction","target":["https:\/\/funerariaferreira.pt\/en\/francisco-luis-tavares\/"]}]},{"@type":"ImageObject","inLanguage":"en-US","@id":"https:\/\/funerariaferreira.pt\/en\/francisco-luis-tavares\/#primaryimage","url":"https:\/\/funerariaferreira.pt\/wp-content\/uploads\/2026\/01\/francisco-luis-tavares-1536-x-2048-225x300.png","contentUrl":"https:\/\/funerariaferreira.pt\/wp-content\/uploads\/2026\/01\/francisco-luis-tavares-1536-x-2048-225x300.png"},{"@type":"BreadcrumbList","@id":"https:\/\/funerariaferreira.pt\/en\/francisco-luis-tavares\/#breadcrumb","itemListElement":[{"@type":"ListItem","position":1,"name":"Home","item":"https:\/\/funerariaferreira.pt\/"},{"@type":"ListItem","position":2,"name":"Francisco Lu\u00eds Tavares"}]},{"@type":"WebSite","@id":"https:\/\/funerariaferreira.pt\/#website","url":"https:\/\/funerariaferreira.pt\/","name":"Agencia Funer\u00e1ria Ferreira - Ponta Delgada - S\u00e3o Miguel - A\u00e7ores","description":"","potentialAction":[{"@type":"SearchAction","target":{"@type":"EntryPoint","urlTemplate":"https:\/\/funerariaferreira.pt\/?s={search_term_string}"},"query-input":{"@type":"PropertyValueSpecification","valueRequired":true,"valueName":"search_term_string"}}],"inLanguage":"en-US"}]}},"_links":{"self":[{"href":"https:\/\/funerariaferreira.pt\/en\/wp-json\/wp\/v2\/pages\/1680","targetHints":{"allow":["GET"]}}],"collection":[{"href":"https:\/\/funerariaferreira.pt\/en\/wp-json\/wp\/v2\/pages"}],"about":[{"href":"https:\/\/funerariaferreira.pt\/en\/wp-json\/wp\/v2\/types\/page"}],"author":[{"embeddable":true,"href":"https:\/\/funerariaferreira.pt\/en\/wp-json\/wp\/v2\/users\/2"}],"replies":[{"embeddable":true,"href":"https:\/\/funerariaferreira.pt\/en\/wp-json\/wp\/v2\/comments?post=1680"}],"version-history":[{"count":2,"href":"https:\/\/funerariaferreira.pt\/en\/wp-json\/wp\/v2\/pages\/1680\/revisions"}],"predecessor-version":[{"id":6168,"href":"https:\/\/funerariaferreira.pt\/en\/wp-json\/wp\/v2\/pages\/1680\/revisions\/6168"}],"wp:attachment":[{"href":"https:\/\/funerariaferreira.pt\/en\/wp-json\/wp\/v2\/media?parent=1680"}],"curies":[{"name":"wp","href":"https:\/\/api.w.org\/{rel}","templated":true}]}}