{"id":1712,"date":"2014-11-14T22:39:11","date_gmt":"2014-11-14T22:39:11","guid":{"rendered":"http:\/\/www.funerariaferreira.pt\/en\/rodrigo-alvares-pereira\/"},"modified":"2026-03-24T18:14:05","modified_gmt":"2026-03-24T18:14:05","slug":"rodrigo-alvares-pereira","status":"publish","type":"page","link":"https:\/\/funerariaferreira.pt\/en\/rodrigo-alvares-pereira\/","title":{"rendered":"Rodrigo \u00c1lvares Pereira"},"content":{"rendered":"\n<p data-path-to-node=\"2\"><img loading=\"lazy\" decoding=\"async\" class=\"alignleft size-medium wp-image-6694\" src=\"https:\/\/funerariaferreira.pt\/wp-content\/uploads\/2026\/03\/rodrigo-alvares-pereira-194x300.jpg\" alt=\"Rodrigo \u00c1lvares Pereira\" width=\"194\" height=\"300\" srcset=\"https:\/\/funerariaferreira.pt\/wp-content\/uploads\/2026\/03\/rodrigo-alvares-pereira-194x300.jpg 194w, https:\/\/funerariaferreira.pt\/wp-content\/uploads\/2026\/03\/rodrigo-alvares-pereira-661x1024.jpg 661w, https:\/\/funerariaferreira.pt\/wp-content\/uploads\/2026\/03\/rodrigo-alvares-pereira-768x1190.jpg 768w, https:\/\/funerariaferreira.pt\/wp-content\/uploads\/2026\/03\/rodrigo-alvares-pereira-991x1536.jpg 991w, https:\/\/funerariaferreira.pt\/wp-content\/uploads\/2026\/03\/rodrigo-alvares-pereira-1321x2048.jpg 1321w, https:\/\/funerariaferreira.pt\/wp-content\/uploads\/2026\/03\/rodrigo-alvares-pereira.jpg 1398w\" sizes=\"auto, (max-width: 194px) 100vw, 194px\" \/>Born on 10 June 1891 in the parish of S\u00e9, Angra do Hero\u00edsmo, on the island of Terceira. He served in the former 26th Infantry Regiment of the Ponta Delgada garrison and the Independent Machine Gun Battery of the same unit, eventually serving as the head of the 18th Recruitment and Mobilisation District. For many years, he provided his services to the Army Cartographic Services and served as the 2nd Commander and, subsequently, the acting 1st Commander of the School of Infantry (Escola Pr\u00e1tica de Infantaria) in Mafra. He also held leadership positions as the Director of the Military College (Col\u00e9gio Militar), District Commander of the Portuguese Legion in Beja and, later, in Ponta Delgada at the invitation of General Craveiro Lopes. Furthermore, he served as the President of the District General Board (Junta Geral) and the District Assistance Commission of Ponta Delgada.<\/p>\n<p data-path-to-node=\"3\">As a historian, he was a contributor to the newspapers \u201cDi\u00e1rio dos A\u00e7ores\u201d and \u201cCorreio dos A\u00e7ores\u201d, distinguishing himself through his advocacy for regional memory and heritage. He published several military and historical studies, including the 1947 article <i data-path-to-node=\"3\" data-index-in-node=\"260\">Monumentos Hist\u00f3rico-Militares Micaelenses<\/i>, in which he called for the preservation of the Fort of S\u00e3o Br\u00e1s and the establishment of a military museum\u2014a proposal that later materialised with the creation of the Military Museum of the Azores, keeping the region&#8217;s military history alive. He also contributed studies regarding the fortifications of S\u00e3o Miguel, serving as a cornerstone for subsequent research on the strategic defence of the Azores.<\/p>\n<p data-path-to-node=\"4\">He was decorated as a member of the Military Order of Aviz, receiving the insignia of Officer in 1929 and Commander in 1944, both during the presidency of <span style=\"color: #0000ff;\"><a style=\"color: #0000ff;\" href=\"https:\/\/en.wikipedia.org\/wiki\/%C3%93scar_Carmona\">Ant\u00f3nio \u00d3scar Carmona<\/a><\/span>.<\/p>\n<p data-path-to-node=\"5\">His funeral took place at 6:00 pm on 11 June, departing from his residence in the parish of S\u00e3o Jos\u00e9, Ponta Delgada, to the S\u00e3o Joaquim Cemetery.<\/p>\n\n\n\n\n\n\n","protected":false},"excerpt":{"rendered":"<p>Born on 10 June 1891 in the parish of S\u00e9, Angra do Hero\u00edsmo, on the island of Terceira. He served in the former 26th Infantry Regiment of the Ponta Delgada garrison and the Independent Machine Gun Battery of the same unit, eventually serving as the head of the 18th Recruitment and Mobilisation District. For many [&hellip;]<\/p>\n","protected":false},"author":2,"featured_media":6694,"parent":0,"menu_order":0,"comment_status":"open","ping_status":"open","template":"","meta":{"_acf_changed":false,"footnotes":""},"class_list":["post-1712","page","type-page","status-publish","has-post-thumbnail","hentry"],"acf":[],"yoast_head":"<!-- This site is optimized with the Yoast SEO plugin v27.1.1 - https:\/\/yoast.com\/product\/yoast-seo-wordpress\/ -->\n<title>Rodrigo \u00c1lvares Pereira - Agencia Funer\u00e1ria Ferreira - Ponta Delgada - S\u00e3o Miguel - A\u00e7ores<\/title>\n<meta name=\"description\" content=\"Memorial for Rodrigo \u00c1lvares Pereira. Find funeral service details, wake location, and share your condolences. Funer\u00e1ria Ferreira: Honouring lives with dignity.\" \/>\n<meta name=\"robots\" content=\"index, follow, max-snippet:-1, max-image-preview:large, max-video-preview:-1\" \/>\n<link rel=\"canonical\" href=\"https:\/\/funerariaferreira.pt\/en\/rodrigo-alvares-pereira\/\" \/>\n<meta property=\"og:locale\" content=\"en_US\" \/>\n<meta property=\"og:type\" content=\"article\" \/>\n<meta property=\"og:title\" content=\"Rodrigo \u00c1lvares Pereira - Agencia Funer\u00e1ria Ferreira - Ponta Delgada - S\u00e3o Miguel - A\u00e7ores\" \/>\n<meta property=\"og:description\" content=\"Memorial for Rodrigo \u00c1lvares Pereira. Find funeral service details, wake location, and share your condolences. Funer\u00e1ria Ferreira: Honouring lives with dignity.\" \/>\n<meta property=\"og:url\" content=\"https:\/\/funerariaferreira.pt\/en\/rodrigo-alvares-pereira\/\" \/>\n<meta property=\"og:site_name\" content=\"Agencia Funer\u00e1ria Ferreira - Ponta Delgada - S\u00e3o Miguel - A\u00e7ores\" \/>\n<meta property=\"article:modified_time\" content=\"2026-03-24T18:14:05+00:00\" \/>\n<meta property=\"og:image\" content=\"https:\/\/funerariaferreira.pt\/wp-content\/uploads\/2026\/03\/rodrigo-alvares-pereira.jpg\" \/>\n\t<meta property=\"og:image:width\" content=\"1398\" \/>\n\t<meta property=\"og:image:height\" content=\"2167\" \/>\n\t<meta property=\"og:image:type\" content=\"image\/jpeg\" \/>\n<meta name=\"twitter:card\" content=\"summary_large_image\" \/>\n<meta name=\"twitter:label1\" content=\"Est. reading time\" \/>\n\t<meta name=\"twitter:data1\" content=\"3 minutes\" \/>\n<script type=\"application\/ld+json\" class=\"yoast-schema-graph\">{\"@context\":\"https:\/\/schema.org\",\"@graph\":[{\"@type\":\"WebPage\",\"@id\":\"https:\/\/funerariaferreira.pt\/en\/rodrigo-alvares-pereira\/\",\"url\":\"https:\/\/funerariaferreira.pt\/en\/rodrigo-alvares-pereira\/\",\"name\":\"Rodrigo \u00c1lvares Pereira - Agencia Funer\u00e1ria Ferreira - Ponta Delgada - S\u00e3o Miguel - A\u00e7ores\",\"isPartOf\":{\"@id\":\"https:\/\/funerariaferreira.pt\/#website\"},\"primaryImageOfPage\":{\"@id\":\"https:\/\/funerariaferreira.pt\/en\/rodrigo-alvares-pereira\/#primaryimage\"},\"image\":{\"@id\":\"https:\/\/funerariaferreira.pt\/en\/rodrigo-alvares-pereira\/#primaryimage\"},\"thumbnailUrl\":\"https:\/\/funerariaferreira.pt\/wp-content\/uploads\/2026\/03\/rodrigo-alvares-pereira.jpg\",\"datePublished\":\"2014-11-14T22:39:11+00:00\",\"dateModified\":\"2026-03-24T18:14:05+00:00\",\"description\":\"Memorial for Rodrigo \u00c1lvares Pereira. Find funeral service details, wake location, and share your condolences. Funer\u00e1ria Ferreira: Honouring lives with dignity.\",\"breadcrumb\":{\"@id\":\"https:\/\/funerariaferreira.pt\/en\/rodrigo-alvares-pereira\/#breadcrumb\"},\"inLanguage\":\"en-US\",\"potentialAction\":[{\"@type\":\"ReadAction\",\"target\":[\"https:\/\/funerariaferreira.pt\/en\/rodrigo-alvares-pereira\/\"]}]},{\"@type\":\"ImageObject\",\"inLanguage\":\"en-US\",\"@id\":\"https:\/\/funerariaferreira.pt\/en\/rodrigo-alvares-pereira\/#primaryimage\",\"url\":\"https:\/\/funerariaferreira.pt\/wp-content\/uploads\/2026\/03\/rodrigo-alvares-pereira.jpg\",\"contentUrl\":\"https:\/\/funerariaferreira.pt\/wp-content\/uploads\/2026\/03\/rodrigo-alvares-pereira.jpg\",\"width\":1398,\"height\":2167,\"caption\":\"Rodrigo \u00c1lvares Pereira\"},{\"@type\":\"BreadcrumbList\",\"@id\":\"https:\/\/funerariaferreira.pt\/en\/rodrigo-alvares-pereira\/#breadcrumb\",\"itemListElement\":[{\"@type\":\"ListItem\",\"position\":1,\"name\":\"Home\",\"item\":\"https:\/\/funerariaferreira.pt\/\"},{\"@type\":\"ListItem\",\"position\":2,\"name\":\"Rodrigo \u00c1lvares Pereira\"}]},{\"@type\":\"WebSite\",\"@id\":\"https:\/\/funerariaferreira.pt\/#website\",\"url\":\"https:\/\/funerariaferreira.pt\/\",\"name\":\"Agencia Funer\u00e1ria Ferreira - Ponta Delgada - S\u00e3o Miguel - A\u00e7ores\",\"description\":\"\",\"potentialAction\":[{\"@type\":\"SearchAction\",\"target\":{\"@type\":\"EntryPoint\",\"urlTemplate\":\"https:\/\/funerariaferreira.pt\/?s={search_term_string}\"},\"query-input\":{\"@type\":\"PropertyValueSpecification\",\"valueRequired\":true,\"valueName\":\"search_term_string\"}}],\"inLanguage\":\"en-US\"}]}<\/script>\n<!-- \/ Yoast SEO plugin. -->","yoast_head_json":{"title":"Rodrigo \u00c1lvares Pereira - Agencia Funer\u00e1ria Ferreira - Ponta Delgada - S\u00e3o Miguel - A\u00e7ores","description":"Memorial for Rodrigo \u00c1lvares Pereira. Find funeral service details, wake location, and share your condolences. Funer\u00e1ria Ferreira: Honouring lives with dignity.","robots":{"index":"index","follow":"follow","max-snippet":"max-snippet:-1","max-image-preview":"max-image-preview:large","max-video-preview":"max-video-preview:-1"},"canonical":"https:\/\/funerariaferreira.pt\/en\/rodrigo-alvares-pereira\/","og_locale":"en_US","og_type":"article","og_title":"Rodrigo \u00c1lvares Pereira - Agencia Funer\u00e1ria Ferreira - Ponta Delgada - S\u00e3o Miguel - A\u00e7ores","og_description":"Memorial for Rodrigo \u00c1lvares Pereira. Find funeral service details, wake location, and share your condolences. Funer\u00e1ria Ferreira: Honouring lives with dignity.","og_url":"https:\/\/funerariaferreira.pt\/en\/rodrigo-alvares-pereira\/","og_site_name":"Agencia Funer\u00e1ria Ferreira - Ponta Delgada - S\u00e3o Miguel - A\u00e7ores","article_modified_time":"2026-03-24T18:14:05+00:00","og_image":[{"width":1398,"height":2167,"url":"https:\/\/funerariaferreira.pt\/wp-content\/uploads\/2026\/03\/rodrigo-alvares-pereira.jpg","type":"image\/jpeg"}],"twitter_card":"summary_large_image","twitter_misc":{"Est. reading time":"3 minutes"},"schema":{"@context":"https:\/\/schema.org","@graph":[{"@type":"WebPage","@id":"https:\/\/funerariaferreira.pt\/en\/rodrigo-alvares-pereira\/","url":"https:\/\/funerariaferreira.pt\/en\/rodrigo-alvares-pereira\/","name":"Rodrigo \u00c1lvares Pereira - Agencia Funer\u00e1ria Ferreira - Ponta Delgada - S\u00e3o Miguel - A\u00e7ores","isPartOf":{"@id":"https:\/\/funerariaferreira.pt\/#website"},"primaryImageOfPage":{"@id":"https:\/\/funerariaferreira.pt\/en\/rodrigo-alvares-pereira\/#primaryimage"},"image":{"@id":"https:\/\/funerariaferreira.pt\/en\/rodrigo-alvares-pereira\/#primaryimage"},"thumbnailUrl":"https:\/\/funerariaferreira.pt\/wp-content\/uploads\/2026\/03\/rodrigo-alvares-pereira.jpg","datePublished":"2014-11-14T22:39:11+00:00","dateModified":"2026-03-24T18:14:05+00:00","description":"Memorial for Rodrigo \u00c1lvares Pereira. Find funeral service details, wake location, and share your condolences. Funer\u00e1ria Ferreira: Honouring lives with dignity.","breadcrumb":{"@id":"https:\/\/funerariaferreira.pt\/en\/rodrigo-alvares-pereira\/#breadcrumb"},"inLanguage":"en-US","potentialAction":[{"@type":"ReadAction","target":["https:\/\/funerariaferreira.pt\/en\/rodrigo-alvares-pereira\/"]}]},{"@type":"ImageObject","inLanguage":"en-US","@id":"https:\/\/funerariaferreira.pt\/en\/rodrigo-alvares-pereira\/#primaryimage","url":"https:\/\/funerariaferreira.pt\/wp-content\/uploads\/2026\/03\/rodrigo-alvares-pereira.jpg","contentUrl":"https:\/\/funerariaferreira.pt\/wp-content\/uploads\/2026\/03\/rodrigo-alvares-pereira.jpg","width":1398,"height":2167,"caption":"Rodrigo \u00c1lvares Pereira"},{"@type":"BreadcrumbList","@id":"https:\/\/funerariaferreira.pt\/en\/rodrigo-alvares-pereira\/#breadcrumb","itemListElement":[{"@type":"ListItem","position":1,"name":"Home","item":"https:\/\/funerariaferreira.pt\/"},{"@type":"ListItem","position":2,"name":"Rodrigo \u00c1lvares Pereira"}]},{"@type":"WebSite","@id":"https:\/\/funerariaferreira.pt\/#website","url":"https:\/\/funerariaferreira.pt\/","name":"Agencia Funer\u00e1ria Ferreira - Ponta Delgada - S\u00e3o Miguel - A\u00e7ores","description":"","potentialAction":[{"@type":"SearchAction","target":{"@type":"EntryPoint","urlTemplate":"https:\/\/funerariaferreira.pt\/?s={search_term_string}"},"query-input":{"@type":"PropertyValueSpecification","valueRequired":true,"valueName":"search_term_string"}}],"inLanguage":"en-US"}]}},"_links":{"self":[{"href":"https:\/\/funerariaferreira.pt\/en\/wp-json\/wp\/v2\/pages\/1712","targetHints":{"allow":["GET"]}}],"collection":[{"href":"https:\/\/funerariaferreira.pt\/en\/wp-json\/wp\/v2\/pages"}],"about":[{"href":"https:\/\/funerariaferreira.pt\/en\/wp-json\/wp\/v2\/types\/page"}],"author":[{"embeddable":true,"href":"https:\/\/funerariaferreira.pt\/en\/wp-json\/wp\/v2\/users\/2"}],"replies":[{"embeddable":true,"href":"https:\/\/funerariaferreira.pt\/en\/wp-json\/wp\/v2\/comments?post=1712"}],"version-history":[{"count":2,"href":"https:\/\/funerariaferreira.pt\/en\/wp-json\/wp\/v2\/pages\/1712\/revisions"}],"predecessor-version":[{"id":6696,"href":"https:\/\/funerariaferreira.pt\/en\/wp-json\/wp\/v2\/pages\/1712\/revisions\/6696"}],"wp:featuredmedia":[{"embeddable":true,"href":"https:\/\/funerariaferreira.pt\/en\/wp-json\/wp\/v2\/media\/6694"}],"wp:attachment":[{"href":"https:\/\/funerariaferreira.pt\/en\/wp-json\/wp\/v2\/media?parent=1712"}],"curies":[{"name":"wp","href":"https:\/\/api.w.org\/{rel}","templated":true}]}}