{"id":1734,"date":"2014-12-19T00:02:13","date_gmt":"2014-12-19T00:02:13","guid":{"rendered":"http:\/\/www.funerariaferreira.pt\/en\/necrologia\/"},"modified":"2022-12-13T11:08:16","modified_gmt":"2022-12-13T11:08:16","slug":"obituary","status":"publish","type":"page","link":"https:\/\/funerariaferreira.pt\/en\/obituary\/","title":{"rendered":"Obituary"},"content":{"rendered":"\n\t\t<style type=\"text\/css\">\n\t\t\t#gallery-1 {\n\t\t\t\tmargin: auto;\n\t\t\t}\n\t\t\t#gallery-1 .gallery-item {\n\t\t\t\tfloat: left;\n\t\t\t\tmargin-top: 10px;\n\t\t\t\ttext-align: center;\n\t\t\t\twidth: 16%;\n\t\t\t}\n\t\t\t#gallery-1 img {\n\t\t\t\tborder: 2px solid #cfcfcf;\n\t\t\t}\n\t\t\t#gallery-1 .gallery-caption {\n\t\t\t\tmargin-left: 0;\n\t\t\t}\n\t\t\t\/* see gallery_shortcode() in wp-includes\/media.php *\/\n\t\t<\/style>\n\t\t<div id='gallery-1' class='gallery galleryid-1734 gallery-columns-6 gallery-size-thumbnail'><dl class='gallery-item'>\n\t\t\t<dt class='gallery-icon landscape'>\n\t\t\t\t<a href='https:\/\/funerariaferreira.pt\/en\/obituary\/maria-jose-rocha-2\/'><img loading=\"lazy\" decoding=\"async\" width=\"120\" height=\"120\" src=\"https:\/\/funerariaferreira.pt\/wp-content\/uploads\/2014\/12\/Maria-Jose-Rocha.png\" class=\"attachment-thumbnail size-thumbnail\" alt=\"\" aria-describedby=\"gallery-1-3063\" \/><\/a>\n\t\t\t<\/dt>\n\t\t\t\t<dd class='wp-caption-text gallery-caption' id='gallery-1-3063'>\n\t\t\t\tMaria Jose\n\t\t\t\t<\/dd><\/dl><dl class='gallery-item'>\n\t\t\t<dt class='gallery-icon portrait'>\n\t\t\t\t<a href='https:\/\/funerariaferreira.pt\/en\/obituary\/jose-de-almeida-2\/'><img loading=\"lazy\" decoding=\"async\" width=\"150\" height=\"150\" src=\"https:\/\/funerariaferreira.pt\/wp-content\/uploads\/2014\/12\/Jose-de-Almeida-150x150.jpg\" class=\"attachment-thumbnail size-thumbnail\" alt=\"\" aria-describedby=\"gallery-1-3062\" srcset=\"https:\/\/funerariaferreira.pt\/wp-content\/uploads\/2014\/12\/Jose-de-Almeida-150x150.jpg 150w, https:\/\/funerariaferreira.pt\/wp-content\/uploads\/2014\/12\/Jose-de-Almeida-199x198.jpg 199w\" sizes=\"auto, (max-width: 150px) 100vw, 150px\" \/><\/a>\n\t\t\t<\/dt>\n\t\t\t\t<dd class='wp-caption-text gallery-caption' id='gallery-1-3062'>\n\t\t\t\tJose\n\t\t\t\t<\/dd><\/dl>\n\t\t\t<br style='clear: both' \/>\n\t\t<\/div>\n\n<div id=\"attachment_1044\" style=\"width: 130px\" class=\"wp-caption alignleft\"><a href=\"http:\/\/www.funerariaferreira.pt\/wp-content\/uploads\/2014\/12\/Maria-Jose-Rocha.png\" rel=\"lightbox[1734]\"><img loading=\"lazy\" decoding=\"async\" aria-describedby=\"caption-attachment-1044\" class=\"size-full wp-image-1044\" src=\"http:\/\/www.funerariaferreira.pt\/wp-content\/uploads\/2014\/12\/Maria-Jose-Rocha.png\" alt=\"Maria Jose\" width=\"120\" height=\"120\" \/><\/a><p id=\"caption-attachment-1044\" class=\"wp-caption-text\">Maria Jose<\/p><\/div>\n<div id=\"attachment_1043\" style=\"width: 130px\" class=\"wp-caption alignleft\"><a href=\"http:\/\/www.funerariaferreira.pt\/wp-content\/uploads\/2014\/12\/Luisa-Ferreira.jpg\" rel=\"lightbox[1734]\"><img loading=\"lazy\" decoding=\"async\" aria-describedby=\"caption-attachment-1043\" class=\"size-full wp-image-1043\" src=\"http:\/\/www.funerariaferreira.pt\/wp-content\/uploads\/2014\/12\/Luisa-Ferreira.jpg\" alt=\"Luisa \" width=\"120\" height=\"126\" \/><\/a><p id=\"caption-attachment-1043\" class=\"wp-caption-text\">Luisa<\/p><\/div>\n<div id=\"attachment_1042\" style=\"width: 209px\" class=\"wp-caption alignleft\"><a href=\"http:\/\/www.funerariaferreira.pt\/wp-content\/uploads\/2014\/12\/Jose-de-Almeida.jpg\" rel=\"lightbox[1734]\"><img loading=\"lazy\" decoding=\"async\" aria-describedby=\"caption-attachment-1042\" class=\"size-full wp-image-1042\" src=\"http:\/\/www.funerariaferreira.pt\/wp-content\/uploads\/2014\/12\/Jose-de-Almeida.jpg\" alt=\"Jose\" width=\"199\" height=\"253\" \/><\/a><p id=\"caption-attachment-1042\" class=\"wp-caption-text\">Jose<\/p><\/div>\n","protected":false},"excerpt":{"rendered":"","protected":false},"author":2,"featured_media":0,"parent":0,"menu_order":0,"comment_status":"open","ping_status":"open","template":"archive-necrologia.php","meta":{"_acf_changed":false,"footnotes":""},"class_list":["post-1734","page","type-page","status-publish","hentry"],"acf":[],"yoast_head":"<!-- This site is optimized with the Yoast SEO plugin v27.1.1 - https:\/\/yoast.com\/product\/yoast-seo-wordpress\/ -->\n<title>Obituary | Ag\u00eancia Funer\u00e1ria Ferreira - Ponta Delgada<\/title>\n<meta name=\"description\" content=\"In memory of them, we created this obituary that is in permanent construction. Every single person is special, and we want to honor them.\" \/>\n<meta name=\"robots\" content=\"index, follow, max-snippet:-1, max-image-preview:large, max-video-preview:-1\" \/>\n<link rel=\"canonical\" href=\"https:\/\/funerariaferreira.pt\/en\/obituary\/\" \/>\n<meta property=\"og:locale\" content=\"en_US\" \/>\n<meta property=\"og:type\" content=\"article\" \/>\n<meta property=\"og:title\" content=\"Obituary | Ag\u00eancia Funer\u00e1ria Ferreira - Ponta Delgada\" \/>\n<meta property=\"og:description\" content=\"In memory of them, we created this obituary that is in permanent construction. Every single person is special, and we want to honor them.\" \/>\n<meta property=\"og:url\" content=\"https:\/\/funerariaferreira.pt\/en\/obituary\/\" \/>\n<meta property=\"og:site_name\" content=\"Agencia Funer\u00e1ria Ferreira - Ponta Delgada - S\u00e3o Miguel - A\u00e7ores\" \/>\n<meta property=\"article:modified_time\" content=\"2022-12-13T11:08:16+00:00\" \/>\n<meta property=\"og:image\" content=\"https:\/\/funerariaferreira.pt\/wp-content\/uploads\/2014\/12\/Maria-Jose-Rocha.png\" \/>\n<meta name=\"twitter:card\" content=\"summary_large_image\" \/>\n<script type=\"application\/ld+json\" class=\"yoast-schema-graph\">{\"@context\":\"https:\/\/schema.org\",\"@graph\":[{\"@type\":\"WebPage\",\"@id\":\"https:\/\/funerariaferreira.pt\/en\/obituary\/\",\"url\":\"https:\/\/funerariaferreira.pt\/en\/obituary\/\",\"name\":\"Obituary | Ag\u00eancia Funer\u00e1ria Ferreira - Ponta Delgada\",\"isPartOf\":{\"@id\":\"https:\/\/funerariaferreira.pt\/#website\"},\"primaryImageOfPage\":{\"@id\":\"https:\/\/funerariaferreira.pt\/en\/obituary\/#primaryimage\"},\"image\":{\"@id\":\"https:\/\/funerariaferreira.pt\/en\/obituary\/#primaryimage\"},\"thumbnailUrl\":\"http:\/\/www.funerariaferreira.pt\/wp-content\/uploads\/2014\/12\/Maria-Jose-Rocha.png\",\"datePublished\":\"2014-12-19T00:02:13+00:00\",\"dateModified\":\"2022-12-13T11:08:16+00:00\",\"description\":\"In memory of them, we created this obituary that is in permanent construction. Every single person is special, and we want to honor them.\",\"breadcrumb\":{\"@id\":\"https:\/\/funerariaferreira.pt\/en\/obituary\/#breadcrumb\"},\"inLanguage\":\"en-US\",\"potentialAction\":[{\"@type\":\"ReadAction\",\"target\":[\"https:\/\/funerariaferreira.pt\/en\/obituary\/\"]}]},{\"@type\":\"ImageObject\",\"inLanguage\":\"en-US\",\"@id\":\"https:\/\/funerariaferreira.pt\/en\/obituary\/#primaryimage\",\"url\":\"http:\/\/www.funerariaferreira.pt\/wp-content\/uploads\/2014\/12\/Maria-Jose-Rocha.png\",\"contentUrl\":\"http:\/\/www.funerariaferreira.pt\/wp-content\/uploads\/2014\/12\/Maria-Jose-Rocha.png\"},{\"@type\":\"BreadcrumbList\",\"@id\":\"https:\/\/funerariaferreira.pt\/en\/obituary\/#breadcrumb\",\"itemListElement\":[{\"@type\":\"ListItem\",\"position\":1,\"name\":\"Home\",\"item\":\"https:\/\/funerariaferreira.pt\/\"},{\"@type\":\"ListItem\",\"position\":2,\"name\":\"Obituary\"}]},{\"@type\":\"WebSite\",\"@id\":\"https:\/\/funerariaferreira.pt\/#website\",\"url\":\"https:\/\/funerariaferreira.pt\/\",\"name\":\"Agencia Funer\u00e1ria Ferreira - Ponta Delgada - S\u00e3o Miguel - A\u00e7ores\",\"description\":\"\",\"potentialAction\":[{\"@type\":\"SearchAction\",\"target\":{\"@type\":\"EntryPoint\",\"urlTemplate\":\"https:\/\/funerariaferreira.pt\/?s={search_term_string}\"},\"query-input\":{\"@type\":\"PropertyValueSpecification\",\"valueRequired\":true,\"valueName\":\"search_term_string\"}}],\"inLanguage\":\"en-US\"}]}<\/script>\n<!-- \/ Yoast SEO plugin. -->","yoast_head_json":{"title":"Obituary | Ag\u00eancia Funer\u00e1ria Ferreira - Ponta Delgada","description":"In memory of them, we created this obituary that is in permanent construction. Every single person is special, and we want to honor them.","robots":{"index":"index","follow":"follow","max-snippet":"max-snippet:-1","max-image-preview":"max-image-preview:large","max-video-preview":"max-video-preview:-1"},"canonical":"https:\/\/funerariaferreira.pt\/en\/obituary\/","og_locale":"en_US","og_type":"article","og_title":"Obituary | Ag\u00eancia Funer\u00e1ria Ferreira - Ponta Delgada","og_description":"In memory of them, we created this obituary that is in permanent construction. Every single person is special, and we want to honor them.","og_url":"https:\/\/funerariaferreira.pt\/en\/obituary\/","og_site_name":"Agencia Funer\u00e1ria Ferreira - Ponta Delgada - S\u00e3o Miguel - A\u00e7ores","article_modified_time":"2022-12-13T11:08:16+00:00","og_image":[{"url":"https:\/\/funerariaferreira.pt\/wp-content\/uploads\/2014\/12\/Maria-Jose-Rocha.png","type":"","width":"","height":""}],"twitter_card":"summary_large_image","schema":{"@context":"https:\/\/schema.org","@graph":[{"@type":"WebPage","@id":"https:\/\/funerariaferreira.pt\/en\/obituary\/","url":"https:\/\/funerariaferreira.pt\/en\/obituary\/","name":"Obituary | Ag\u00eancia Funer\u00e1ria Ferreira - Ponta Delgada","isPartOf":{"@id":"https:\/\/funerariaferreira.pt\/#website"},"primaryImageOfPage":{"@id":"https:\/\/funerariaferreira.pt\/en\/obituary\/#primaryimage"},"image":{"@id":"https:\/\/funerariaferreira.pt\/en\/obituary\/#primaryimage"},"thumbnailUrl":"http:\/\/www.funerariaferreira.pt\/wp-content\/uploads\/2014\/12\/Maria-Jose-Rocha.png","datePublished":"2014-12-19T00:02:13+00:00","dateModified":"2022-12-13T11:08:16+00:00","description":"In memory of them, we created this obituary that is in permanent construction. Every single person is special, and we want to honor them.","breadcrumb":{"@id":"https:\/\/funerariaferreira.pt\/en\/obituary\/#breadcrumb"},"inLanguage":"en-US","potentialAction":[{"@type":"ReadAction","target":["https:\/\/funerariaferreira.pt\/en\/obituary\/"]}]},{"@type":"ImageObject","inLanguage":"en-US","@id":"https:\/\/funerariaferreira.pt\/en\/obituary\/#primaryimage","url":"http:\/\/www.funerariaferreira.pt\/wp-content\/uploads\/2014\/12\/Maria-Jose-Rocha.png","contentUrl":"http:\/\/www.funerariaferreira.pt\/wp-content\/uploads\/2014\/12\/Maria-Jose-Rocha.png"},{"@type":"BreadcrumbList","@id":"https:\/\/funerariaferreira.pt\/en\/obituary\/#breadcrumb","itemListElement":[{"@type":"ListItem","position":1,"name":"Home","item":"https:\/\/funerariaferreira.pt\/"},{"@type":"ListItem","position":2,"name":"Obituary"}]},{"@type":"WebSite","@id":"https:\/\/funerariaferreira.pt\/#website","url":"https:\/\/funerariaferreira.pt\/","name":"Agencia Funer\u00e1ria Ferreira - Ponta Delgada - S\u00e3o Miguel - A\u00e7ores","description":"","potentialAction":[{"@type":"SearchAction","target":{"@type":"EntryPoint","urlTemplate":"https:\/\/funerariaferreira.pt\/?s={search_term_string}"},"query-input":{"@type":"PropertyValueSpecification","valueRequired":true,"valueName":"search_term_string"}}],"inLanguage":"en-US"}]}},"_links":{"self":[{"href":"https:\/\/funerariaferreira.pt\/en\/wp-json\/wp\/v2\/pages\/1734","targetHints":{"allow":["GET"]}}],"collection":[{"href":"https:\/\/funerariaferreira.pt\/en\/wp-json\/wp\/v2\/pages"}],"about":[{"href":"https:\/\/funerariaferreira.pt\/en\/wp-json\/wp\/v2\/types\/page"}],"author":[{"embeddable":true,"href":"https:\/\/funerariaferreira.pt\/en\/wp-json\/wp\/v2\/users\/2"}],"replies":[{"embeddable":true,"href":"https:\/\/funerariaferreira.pt\/en\/wp-json\/wp\/v2\/comments?post=1734"}],"version-history":[{"count":2,"href":"https:\/\/funerariaferreira.pt\/en\/wp-json\/wp\/v2\/pages\/1734\/revisions"}],"predecessor-version":[{"id":2829,"href":"https:\/\/funerariaferreira.pt\/en\/wp-json\/wp\/v2\/pages\/1734\/revisions\/2829"}],"wp:attachment":[{"href":"https:\/\/funerariaferreira.pt\/en\/wp-json\/wp\/v2\/media?parent=1734"}],"curies":[{"name":"wp","href":"https:\/\/api.w.org\/{rel}","templated":true}]}}